{"id":115,"date":"2014-02-19T15:26:18","date_gmt":"2014-02-19T13:26:18","guid":{"rendered":"http:\/\/www.htflux.com\/de\/?page_id=115"},"modified":"2018-06-07T11:33:49","modified_gmt":"2018-06-07T09:33:49","slug":"impressum","status":"publish","type":"page","link":"https:\/\/www.htflux.com\/de\/impressum\/","title":{"rendered":"Impressum"},"content":{"rendered":"<p><strong>HTflux Engineering GmbH<\/strong><br \/>\nIngenieurb\u00fcro f\u00fcr Technische Physik<br \/>\nGF. DI Daniel R\u00fcdisser<br \/>\nFranziskanerplatz 11<br \/>\n8010 Graz<br \/>\n<a href=\"mailto: contact@htflux.com\">contact@htflux.com<\/a><br \/>\n<sup>Firmenbuchnummer 487787 i<br \/>\nUID ATU73129447<br \/>\n<a target=\"_blank\" href=\"https:\/\/www.htflux.com\/downloads\/AGB_HTflux_Engineering_GmbH.pdf\">&rarr; Allgemeine Gesch\u00e4ftsbedingungen<\/a><br \/>\n<a href=\"http:\/\/www.htflux.com\/de\/datenschutzerklaerung\/\">&rarr; Datenschutzerkl\u00e4rung<\/a><br \/>\n<\/sup><\/p>\n<p><a title=\"Ingenieurb\u00fcros\" href=\"http:\/\/www.ingenieurbueros.at\/\" target=\"_blank\" rel=\"noopener noreferrer\"><img loading=\"lazy\" decoding=\"async\" class=\"alignnone wp-image-58\" src=\"http:\/\/www.htflux.com\/wp-content\/uploads\/2014\/01\/consulting_engineers-300x74.png\" alt=\"Logo Consulting Engineers\" width=\"300\" height=\"74\" \/><\/a><\/p>\n<p>&nbsp;<\/p>\n<h3>Webprogrammierung und -design<\/h3>\n<p>drogerie21 &#8211; websites und webanwendungen<br \/>\n<a title=\"drogerie21\" href=\"http:\/\/www.drogerie21.at\" target=\"_blank\" rel=\"noopener noreferrer\">www.drogerie21.at<\/a> | <a href=\"mailto:office@drogerie21.at\" target=\"_blank\" rel=\"noopener noreferrer\">office@drogerie21.at<\/a><\/p>\n","protected":false},"excerpt":{"rendered":"<p>HTflux Engineering GmbH Ingenieurb\u00fcro f\u00fcr Technische Physik GF. DI Daniel R\u00fcdisser Franziskanerplatz 11 8010 Graz contact@htflux.com Firmenbuchnummer 487787 i UID ATU73129447 &rarr; Allgemeine Gesch\u00e4ftsbedingungen &rarr; Datenschutzerkl\u00e4rung &nbsp; Webprogrammierung und -design drogerie21 &#8211; websites und webanwendungen www.drogerie21.at | office@drogerie21.at<\/p>\n","protected":false},"author":2,"featured_media":0,"parent":0,"menu_order":14,"comment_status":"open","ping_status":"open","template":"","meta":{"footnotes":""},"class_list":["post-115","page","type-page","status-publish","hentry"],"_links":{"self":[{"href":"https:\/\/www.htflux.com\/de\/wp-json\/wp\/v2\/pages\/115","targetHints":{"allow":["GET"]}}],"collection":[{"href":"https:\/\/www.htflux.com\/de\/wp-json\/wp\/v2\/pages"}],"about":[{"href":"https:\/\/www.htflux.com\/de\/wp-json\/wp\/v2\/types\/page"}],"author":[{"embeddable":true,"href":"https:\/\/www.htflux.com\/de\/wp-json\/wp\/v2\/users\/2"}],"replies":[{"embeddable":true,"href":"https:\/\/www.htflux.com\/de\/wp-json\/wp\/v2\/comments?post=115"}],"version-history":[{"count":10,"href":"https:\/\/www.htflux.com\/de\/wp-json\/wp\/v2\/pages\/115\/revisions"}],"predecessor-version":[{"id":2442,"href":"https:\/\/www.htflux.com\/de\/wp-json\/wp\/v2\/pages\/115\/revisions\/2442"}],"wp:attachment":[{"href":"https:\/\/www.htflux.com\/de\/wp-json\/wp\/v2\/media?parent=115"}],"curies":[{"name":"wp","href":"https:\/\/api.w.org\/{rel}","templated":true}]}}