{"id":1211,"date":"2015-05-08T16:52:07","date_gmt":"2015-05-08T14:52:07","guid":{"rendered":"http:\/\/www.htflux.com\/de\/?page_id=1211"},"modified":"2016-04-17T20:27:03","modified_gmt":"2016-04-17T18:27:03","slug":"geschl-polygon-zeichnen","status":"publish","type":"page","link":"https:\/\/www.htflux.com\/de\/documentation\/zeichnen\/geschl-polygon-zeichnen\/","title":{"rendered":"Geschl. Polygon zeichnen"},"content":{"rendered":"<h2>Geschl. Polygon zeichnen<\/h2>\n<p><a href=\"http:\/\/www.htflux.com\/de\/wp-content\/uploads\/sites\/3\/2014\/11\/Zeichnen-geschlossenes-Polygon-e1422820784400.png\" data-rel=\"lightbox-gallery-OEru8q7y\" data-rl_title=\"\" data-rl_caption=\"\" title=\"\"><img loading=\"lazy\" decoding=\"async\" class=\" size-full wp-image-1005 alignnone\" src=\"http:\/\/www.htflux.com\/de\/wp-content\/uploads\/sites\/3\/2014\/11\/Zeichnen-geschlossenes-Polygon-e1422820784400.png\" alt=\"Zeichnen-geschlossenes-Polygon\" width=\"54\" height=\"72\" \/><\/a><br \/>\nDas geschlossene Polygon wird durch mindestens drei Punkte bestimmt.<br \/>\nSie k\u00f6nnen das geschlossene Polygon entweder freih\u00e4ndig mit der Maus oder \u00fcber die Kommando-Zeile zeichnen, die Ihnen bei der Aktivierung des &#8222;geschlossenen Polygon&#8220;-Tools am unteren Rand der Anwendung zur Verf\u00fcgung steht. Kommando-Tools werden mit K\u00fcrzel eingegeben und mit der Return-Taste best\u00e4tigt.<\/p>\n<p>Folgende Command-Tools bzw. Mouseeingaben stehen Ihnen beim Zeichnen von Rechtecken zur Verf\u00fcgung:<\/p>\n<table class=\"command-table\">\n<tbody>\n<tr>\n<td><strong>Mouse<\/strong><\/td>\n<td>Freihandzeichnen von geschlossenen Polygonen durch Klicken der linken Maustaste<\/td>\n<\/tr>\n<tr>\n<td><strong>[x;y]<\/strong><\/td>\n<td>Eingabe von X- und Y-Koordinaten. Z.B. Eingabe von 0;0 f\u00fcr den Startpunkt des Polygons auf der X-Koordinate 0 und der Y-Koordinate<\/td>\n<\/tr>\n<tr>\n<td><strong>C<\/strong><\/td>\n<td>Mit der Eingabe von <span class=\"highlight-input\">C<\/span> wird das Polygon sofort geschlossen (m\u00f6glich ab dem dritten gesetzten Punkt). Keine Enter-Eingabe notwendig<\/td>\n<\/tr>\n<tr>\n<td><strong>[R x;y]<\/strong><\/td>\n<td>Setzen der Punkte eines Polygons ausgehend vom Referenzpunkt, der als Nullpunkt f\u00fcr die relativen X- und Y-Koordinaten dient. Anwendbar ab dem Setzen des zweiten Punktes des Polygons. Z.B. Eingabe von <span class=\"highlight-input\">R 100; -100<\/span>. (Der Referenzpunkt wird automatisch an die Stelle des zuletzt gesetzten Punktes gesetzt, kann \u00fcber die rechte Maustaste aber auch an einen beliebigen anderen Punkt gesetzt werden)<\/td>\n<\/tr>\n<tr>\n<td><strong>[P d;\u03b1]<\/strong><\/td>\n<td>Eingabe eines Polarpunktes (d .. Abstand, \u03b1 .. Winkel).\u00a0 ZB. <span class=\"highlight-input\">P 10; 45<\/span><\/td>\n<\/tr>\n<tr>\n<td><strong>[X]<\/strong><\/td>\n<td>Vertikale Hilfsline. Durch Dr\u00fccken der Taste <span class=\"highlight-input\">x<\/span> w\u00e4hrend des Zeichnens kann die X-Koordinate der aktuellen Mausposition fixiert werden.<\/td>\n<\/tr>\n<tr>\n<td><strong>[Y]<\/strong><\/td>\n<td>Horizontale Hilfsline. Durch Dr\u00fccken der Taste <span class=\"highlight-input\">y<\/span> w\u00e4hrend des Zeichnens kann die Y-Koordinate der aktuellen Mausposition fixiert werden.<\/td>\n<\/tr>\n<tr>\n<td><strong>[U]<\/strong><\/td>\n<td>Undo &#8211; Zur\u00fcck; Durch Eingabe von <span class=\"highlight-input\">U<\/span> wird die letzte Kommandozeilen- oder Mauseingabe r\u00fcckg\u00e4ngig gemacht. Das Best\u00e4tigen durch die Return-Taste ist dabei nicht notwendig<\/td>\n<\/tr>\n<\/tbody>\n<\/table>\n<p>&nbsp;<\/p>\n","protected":false},"excerpt":{"rendered":"<p>Geschl. Polygon zeichnen Das geschlossene Polygon wird durch mindestens drei Punkte bestimmt. Sie k\u00f6nnen das geschlossene Polygon entweder freih\u00e4ndig mit der Maus oder \u00fcber die Kommando-Zeile zeichnen, die Ihnen bei der Aktivierung des &#8222;geschlossenen Polygon&#8220;-Tools am unteren Rand der Anwendung zur Verf\u00fcgung steht. Kommando-Tools werden mit K\u00fcrzel eingegeben und mit der Return-Taste best\u00e4tigt. Folgende Command-Tools [&hellip;]<\/p>\n","protected":false},"author":1,"featured_media":0,"parent":610,"menu_order":2,"comment_status":"open","ping_status":"open","template":"pageTemp-userGuide_NEW.php","meta":{"footnotes":""},"class_list":["post-1211","page","type-page","status-publish","hentry"],"_links":{"self":[{"href":"https:\/\/www.htflux.com\/de\/wp-json\/wp\/v2\/pages\/1211","targetHints":{"allow":["GET"]}}],"collection":[{"href":"https:\/\/www.htflux.com\/de\/wp-json\/wp\/v2\/pages"}],"about":[{"href":"https:\/\/www.htflux.com\/de\/wp-json\/wp\/v2\/types\/page"}],"author":[{"embeddable":true,"href":"https:\/\/www.htflux.com\/de\/wp-json\/wp\/v2\/users\/1"}],"replies":[{"embeddable":true,"href":"https:\/\/www.htflux.com\/de\/wp-json\/wp\/v2\/comments?post=1211"}],"version-history":[{"count":7,"href":"https:\/\/www.htflux.com\/de\/wp-json\/wp\/v2\/pages\/1211\/revisions"}],"predecessor-version":[{"id":1840,"href":"https:\/\/www.htflux.com\/de\/wp-json\/wp\/v2\/pages\/1211\/revisions\/1840"}],"up":[{"embeddable":true,"href":"https:\/\/www.htflux.com\/de\/wp-json\/wp\/v2\/pages\/610"}],"wp:attachment":[{"href":"https:\/\/www.htflux.com\/de\/wp-json\/wp\/v2\/media?parent=1211"}],"curies":[{"name":"wp","href":"https:\/\/api.w.org\/{rel}","templated":true}]}}