{"id":1250,"date":"2015-06-01T16:39:37","date_gmt":"2015-06-01T14:39:37","guid":{"rendered":"http:\/\/www.htflux.com\/de\/?page_id=1250"},"modified":"2016-04-10T23:30:26","modified_gmt":"2016-04-10T21:30:26","slug":"ueber-glaser-2d","status":"publish","type":"page","link":"https:\/\/www.htflux.com\/de\/documentation\/ueber-glaser-2d\/","title":{"rendered":"\u00dcber Glaser-2d"},"content":{"rendered":"<h3>Anmerkungen zum GLASER 2D-Verfahren<\/h3>\n<p>Das von uns entwickelte GLASER 2D-Verfahren stellt eine Erweiterung des klassischen eindimensionalen Verfahrens dar. Es werden dieselben Grundannahmen getroffen (stabile L\u00f6sung, nur Wasserdampfdiffusion, keine Kondensatausbreitung, keine Feuchteleitung, keine Feuchtespeicherung).<\/p>\n<p>Entsprechend weist das GLASER 2D die gleichen Vor- und Nachteile wie das \u201eklassische Verfahren\u201c auf:<\/p>\n<ul>\n<li>Es werden nur die W\u00e4rmeleitf\u00e4higkeiten und Diffusionswiderstandszahlen der Materialien ben\u00f6tigt. Diese sind meistens bekannt, oder k\u00f6nnen Pr\u00fcfzeugnissen sowie den einschl\u00e4gigen Normen entnommen werden.<\/li>\n<li>Das Glaser-Verfahren hat sich jahrzentelang in der Baupraxis bew\u00e4hrt und ist als Grundlage aktuller Normen weit verbreitet und bekannt.<\/li>\n<li>Das Glaser-Verfahren ist bez\u00fcglich der Vorhersage von Kondensatbildung konservativ (und f\u00fcr diffusionsbezogene Problemstellungen in der Regel auf der sicheren Seite).<\/li>\n<li>Das Verfahren ist anschaulich und transparent.<\/li>\n<li>Das Verfahren basiert auf der \u201estabilen L\u00f6sung\u201c der zugrundeliegenden Differentialgleichung und kann deshalb nur bedingt zeitaufgel\u00f6st angewendet werden.<\/li>\n<li>Bei starker Kondensatbildung ist das Verfahren ungenau, da Fl\u00fcssigleitung, Feuchtespeicherung und \u00c4nderung der W\u00e4rmeleitf\u00e4higkeit durch die Feuchte nicht ber\u00fccksichtigt werden. Die errechneten Kondensatmengen sind in diesem Fall meist zu hoch und die Verdunstung eher zu gering (\u201esichere Seite\u201c), aber kann gerade dadurch auf die Erfordernis einer genaueren Untersuchung aufmerksam machen.<br \/>\nEine pr\u00e4zise Berechnung unter Ber\u00fccksichtigung von Feuchtespeicherung und Fl\u00fcssigleitung erfordert das Vorliegen problemspezifischer, pr\u00e4ziser feuchte- und temperaturabh\u00e4ngiger Daten und Klimavorgaben. Diese sind oft nicht verf\u00fcgbar.<\/li>\n<\/ul>\n","protected":false},"excerpt":{"rendered":"<p>Anmerkungen zum GLASER 2D-Verfahren Das von uns entwickelte GLASER 2D-Verfahren stellt eine Erweiterung des klassischen eindimensionalen Verfahrens dar. Es werden dieselben Grundannahmen getroffen (stabile L\u00f6sung, nur Wasserdampfdiffusion, keine Kondensatausbreitung, keine Feuchteleitung, keine Feuchtespeicherung). Entsprechend weist das GLASER 2D die gleichen Vor- und Nachteile wie das \u201eklassische Verfahren\u201c auf: Es werden nur die W\u00e4rmeleitf\u00e4higkeiten und Diffusionswiderstandszahlen [&hellip;]<\/p>\n","protected":false},"author":2,"featured_media":0,"parent":837,"menu_order":2,"comment_status":"open","ping_status":"open","template":"pageTemp-userGuide_NEW.php","meta":{"footnotes":""},"class_list":["post-1250","page","type-page","status-publish","hentry"],"_links":{"self":[{"href":"https:\/\/www.htflux.com\/de\/wp-json\/wp\/v2\/pages\/1250","targetHints":{"allow":["GET"]}}],"collection":[{"href":"https:\/\/www.htflux.com\/de\/wp-json\/wp\/v2\/pages"}],"about":[{"href":"https:\/\/www.htflux.com\/de\/wp-json\/wp\/v2\/types\/page"}],"author":[{"embeddable":true,"href":"https:\/\/www.htflux.com\/de\/wp-json\/wp\/v2\/users\/2"}],"replies":[{"embeddable":true,"href":"https:\/\/www.htflux.com\/de\/wp-json\/wp\/v2\/comments?post=1250"}],"version-history":[{"count":2,"href":"https:\/\/www.htflux.com\/de\/wp-json\/wp\/v2\/pages\/1250\/revisions"}],"predecessor-version":[{"id":1252,"href":"https:\/\/www.htflux.com\/de\/wp-json\/wp\/v2\/pages\/1250\/revisions\/1252"}],"up":[{"embeddable":true,"href":"https:\/\/www.htflux.com\/de\/wp-json\/wp\/v2\/pages\/837"}],"wp:attachment":[{"href":"https:\/\/www.htflux.com\/de\/wp-json\/wp\/v2\/media?parent=1250"}],"curies":[{"name":"wp","href":"https:\/\/api.w.org\/{rel}","templated":true}]}}