{"id":1328,"date":"2015-06-15T15:49:53","date_gmt":"2015-06-15T13:49:53","guid":{"rendered":"http:\/\/www.htflux.com\/de\/?page_id=1328"},"modified":"2016-04-10T23:30:26","modified_gmt":"2016-04-10T21:30:26","slug":"navigation-fangfunktionen","status":"publish","type":"page","link":"https:\/\/www.htflux.com\/de\/documentation\/navigation-fangfunktionen\/","title":{"rendered":"Navigation &#038; Fangfunktionen"},"content":{"rendered":"<h3>Navigieren in der Ansicht<\/h3>\n<p>F\u00fcr die Verwendung von HTflux ist es wie bei CAD Software ratsam eine Drei-Knopf-Maus zu verwenden. Diese gestattet es w\u00e4hrend der Bearbeitung sehr einfach den dargestellten Bereich zu kontrollieren.<\/p>\n<ul>\n<li>Zum <em>Vergr\u00f6\u00dfern der Ansicht<\/em>: Rollen Sie das Mausrad nach vorne. Halten Sie den Cursor dabei \u00fcber den zu vergr\u00f6\u00dfernden Ausschnitt.<\/li>\n<li>Zum <em>Verkleinern der Ansicht<\/em>: Rollen Sie das Mausrad nach hinten. Der Ort des Cursors ist wiederum ausschlaggebend f\u00fcr das Zentrum der Verkleinerung.<\/li>\n<li>Zum <em>Verschieben der Ansicht<\/em>: Dr\u00fccken Sie das Mausrad (oder die mittlere Maustaste). Verschieben Sie die Maus w\u00e4hrend Sie die Taste halten. Lassen Sie die Taste los.<br \/>\nAlternative: wenn Sie keine mittlere Maustaste zur Verf\u00fcgung haben, ist es m\u00f6glich das Verschieben der Ansicht mittels ALT+linke Maustaste durchzuf\u00fchren.<\/li>\n<\/ul>\n<p>Sollten die Mauseingaben nicht gleich den gew\u00fcnschten Effekt erzielen. Dann klicken Sie zuerst mit der linken Maustaste in die Ansicht um sicherzustellen, dass diese aktiviert ist.<br \/>\nZus\u00e4tzlich zu den Maus Funktionen k\u00f6nnen Sie die Darstellung auch mithilfe der verschiedenen Zoom und Pan Funktionen im Hauptmen\u00fc oder in der Quicktool-Leiste aufrufen.<\/p>\n<h3>Die Fang-Funktionen<\/h3>\n<p>Klicken Sie mit der Maus im unteren rechten Bereich der Ansicht auf die entsprechenden Buttons um diese zu aktivieren (blau) oder zu deaktivieren (grau).<\/p>\n<ul>\n<li>\u00a0<a href=\"http:\/\/www.htflux.com\/de\/wp-content\/uploads\/sites\/3\/2014\/12\/footer_snapGridBtn.png\" data-rel=\"lightbox-gallery-CqPQlTYQ\" data-rl_title=\"\" data-rl_caption=\"\" title=\"\"><img loading=\"lazy\" decoding=\"async\" class=\"alignnone size-full wp-image-655\" src=\"http:\/\/www.htflux.com\/de\/wp-content\/uploads\/sites\/3\/2014\/12\/footer_snapGridBtn.png\" alt=\"footer_snapGridBtn\" width=\"28\" height=\"28\" \/><\/a><br \/>\n<em><strong>Gitterfang<\/strong>:<\/em> Ist die Funktion aktiviert, so wird immer im vorgegebenen Raster des Gitternetzes gearbeitet. Um Einstellungen am Gitternetz vorzunehmen, klicken Sie mit der RECHTEN Maustaste auf diesen Button.<\/li>\n<li><a href=\"http:\/\/www.htflux.com\/de\/wp-content\/uploads\/sites\/3\/2014\/12\/footer_snapPointBtn.png\" data-rel=\"lightbox-gallery-CqPQlTYQ\" data-rl_title=\"\" data-rl_caption=\"\" title=\"\"><img loading=\"lazy\" decoding=\"async\" class=\"alignnone size-full wp-image-657\" src=\"http:\/\/www.htflux.com\/de\/wp-content\/uploads\/sites\/3\/2014\/12\/footer_snapPointBtn.png\" alt=\"footer_snapPointBtn\" width=\"28\" height=\"28\" \/><\/a><br \/>\n<em><strong>St\u00fctzpunkt-Fang:<\/strong> <\/em>Wenn diese Funktion aktiviert ist, k\u00f6nnen Sie beim Zeichnen Objekte an St\u00fctzpunkten bereits gezeichneter Geometrien ausrichten.<\/li>\n<li><a href=\"http:\/\/www.htflux.com\/de\/wp-content\/uploads\/sites\/3\/2014\/12\/footer_snapLineBtn.png\" data-rel=\"lightbox-gallery-CqPQlTYQ\" data-rl_title=\"\" data-rl_caption=\"\" title=\"\"><img loading=\"lazy\" decoding=\"async\" class=\"alignnone size-full wp-image-656\" src=\"http:\/\/www.htflux.com\/de\/wp-content\/uploads\/sites\/3\/2014\/12\/footer_snapLineBtn.png\" alt=\"footer_snapLineBtn\" width=\"28\" height=\"28\" \/><\/a><br \/>\n<strong><em>Linien-Fang:<\/em>\u00a0<\/strong>Wenn diese Funktion aktiviert ist, k\u00f6nnen Sie beim Zeichnen Objekte an Linien bereits gezeichneter Geometrien ausrichten.<\/li>\n<li><a href=\"http:\/\/www.htflux.com\/de\/wp-content\/uploads\/sites\/3\/2014\/12\/footer_snapAngleBtn.png\" data-rel=\"lightbox-gallery-CqPQlTYQ\" data-rl_title=\"\" data-rl_caption=\"\" title=\"\"><img loading=\"lazy\" decoding=\"async\" class=\"alignnone size-full wp-image-654\" src=\"http:\/\/www.htflux.com\/de\/wp-content\/uploads\/sites\/3\/2014\/12\/footer_snapAngleBtn.png\" alt=\"footer_snapAngleBtn\" width=\"28\" height=\"28\" \/><\/a><br \/>\n<em><strong>Winkel-Fang:<\/strong><\/em> Diese Funktion erm\u00f6glicht es Ihnen ausgehend vom Referenzpunkt in vorgegebene Winkelrichtungen zu zeichnen. Um diese einzustellen, klicken Sie mit der RECHTEN Maustaste auf diesen Button. Vergessen Sie nicht die Funktion wieder zu deaktivieren wenn Sie diese nicht mehr ben\u00f6tigen, da sie dann hinderlich sein kann.<\/li>\n<li>Vertikale Hilfslinie &#8211; Tastatur <span class=\"highlight-input\"><strong>X<\/strong><\/span>: Durch Dr\u00fccken der Taste &#8218;x&#8216; w\u00e4hrend des Zeichnens kann die X-Koordinate der aktuellen Mausposition fixiert werden (&#8222;vertikale Hilfslinie&#8220;). Diese Funktion ist sehr hilfreich um Objekte exakt horizontal auszurichten. Durch erneutes Dr\u00fccken der &#8218;x&#8216; Taste wird die Fixierung wieder aufgehoben.<\/li>\n<li>Horizontale Hilfslinie &#8211; Tastatur <span class=\"highlight-input\"><strong>Y<\/strong><\/span>: Durch Dr\u00fccken der Taste &#8218;y&#8216; w\u00e4hrend des Zeichnens, kann die Y-Koordinate der aktuellen Mausposition fixiert werden (&#8222;horizontale Hilfslinie&#8220;). Diese Funktion ist sehr hilfreich um Objekte exakt vertikal auszurichten. Durch erneutes Dr\u00fccken der &#8218;y&#8216; Taste wird die Fixierung wieder aufgehoben.<br \/>\n<em>Anmerkung: Sollten die Tastatur-Funktionen nicht gleich verf\u00fcgbar sein, so klicken Sie in das Eingabefeld der Kommandozeile um sicherzustellen, dass die Tastatureingabe aktiviert ist.<\/em><\/li>\n<\/ul>\n","protected":false},"excerpt":{"rendered":"<p>Navigieren in der Ansicht F\u00fcr die Verwendung von HTflux ist es wie bei CAD Software ratsam eine Drei-Knopf-Maus zu verwenden. Diese gestattet es w\u00e4hrend der Bearbeitung sehr einfach den dargestellten Bereich zu kontrollieren. Zum Vergr\u00f6\u00dfern der Ansicht: Rollen Sie das Mausrad nach vorne. Halten Sie den Cursor dabei \u00fcber den zu vergr\u00f6\u00dfernden Ausschnitt. Zum Verkleinern [&hellip;]<\/p>\n","protected":false},"author":2,"featured_media":0,"parent":837,"menu_order":1,"comment_status":"open","ping_status":"open","template":"pageTemp-userGuide_NEW.php","meta":{"footnotes":""},"class_list":["post-1328","page","type-page","status-publish","hentry"],"_links":{"self":[{"href":"https:\/\/www.htflux.com\/de\/wp-json\/wp\/v2\/pages\/1328","targetHints":{"allow":["GET"]}}],"collection":[{"href":"https:\/\/www.htflux.com\/de\/wp-json\/wp\/v2\/pages"}],"about":[{"href":"https:\/\/www.htflux.com\/de\/wp-json\/wp\/v2\/types\/page"}],"author":[{"embeddable":true,"href":"https:\/\/www.htflux.com\/de\/wp-json\/wp\/v2\/users\/2"}],"replies":[{"embeddable":true,"href":"https:\/\/www.htflux.com\/de\/wp-json\/wp\/v2\/comments?post=1328"}],"version-history":[{"count":4,"href":"https:\/\/www.htflux.com\/de\/wp-json\/wp\/v2\/pages\/1328\/revisions"}],"predecessor-version":[{"id":1333,"href":"https:\/\/www.htflux.com\/de\/wp-json\/wp\/v2\/pages\/1328\/revisions\/1333"}],"up":[{"embeddable":true,"href":"https:\/\/www.htflux.com\/de\/wp-json\/wp\/v2\/pages\/837"}],"wp:attachment":[{"href":"https:\/\/www.htflux.com\/de\/wp-json\/wp\/v2\/media?parent=1328"}],"curies":[{"name":"wp","href":"https:\/\/api.w.org\/{rel}","templated":true}]}}