{"id":1348,"date":"2015-07-03T13:33:45","date_gmt":"2015-07-03T11:33:45","guid":{"rendered":"http:\/\/www.htflux.com\/de\/?page_id=1348"},"modified":"2015-07-31T10:30:49","modified_gmt":"2015-07-31T08:30:49","slug":"thermische-3d-fem-simulationen","status":"publish","type":"page","link":"https:\/\/www.htflux.com\/de\/dienstleistungen\/thermische-3d-fem-simulationen\/","title":{"rendered":"Thermische 3d FEM-Simulationen"},"content":{"rendered":"<p>In bestimmten F\u00e4llen ist es notwendig eine aufwendigere dreidimensionale Simulation durchzuf\u00fchren. Diese ist mittels HTflux nicht m\u00f6glich. HTflux wurde f\u00fcr den raschen, effizienten Einsatz zur W\u00e4rmebr\u00fcckenberechnung in zwei Dimensionen optimiert. Dreidimensionale Simulationen sind hinsichtlich der Ein- und Ausgaben, als auch hinsichtlich der Gitternetzgenerierung deutlich aufw\u00e4ndiger und erfordern deshalb viel Erfahrung im Umgang mit dreidimensionaler Finite-Elemente-Simulation. Der Zeitaufwand f\u00fcr die Erstellung einer 3d-Simulation ist selbst f\u00fcr den ge\u00fcbten Anwender im Vergleich zu einer 2d-Brechnung mit der gleichen Anzahl an Details um den Faktor 10 und mehr gr\u00f6\u00dfer.\u00a0 Sollten Sie eine dreidimensionale thermische Simulation ben\u00f6tigen so wenden Sie sich bitte an uns. Mit unserer Erfahrung und unter Anwendung modernster Simulationsprogramme k\u00f6nnen wir im Rahmen unserer Dienstleistung die Berechnung rasch, kompetent und kosteneffizient f\u00fcr Sie durchf\u00fchren.<\/p>\n<p>Auf Basis einer dreidimensionalen thermischen Simulationen k\u00f6nnen Optimierungsm\u00f6glichkeiten und eine Reihe von Kennwerten ermittelt werden:<\/p>\n<ul>\n<li>punktbezogene W\u00e4rmedurchgangskoeffizient (\u03c7-Wert, &#8222;Chi&#8220;-Wert)<\/li>\n<li>Temperaturverteilung<\/li>\n<li>minmale Oberfl\u00e4chentemperaturen innen<\/li>\n<li>W\u00e4rmestromverteilung<\/li>\n<\/ul>\n<p>Beispielhaft einige Ansichten zur dreidimensionalen W\u00e4rmebr\u00fccken-Berechnung einer Stahl-Verankerungsvorrichtung auf einem ged\u00e4mmten Betonflachdach.<\/p>\n<div id=\"attachment_1356\" style=\"width: 677px\" class=\"wp-caption alignnone\"><a href=\"http:\/\/www.htflux.com\/de\/wp-content\/uploads\/sites\/3\/2015\/07\/Flachdach-Verankerung-Modell.png\" data-rel=\"lightbox-gallery-Ufr9qvMS\" data-rl_title=\"\" data-rl_caption=\"\" title=\"\"><img loading=\"lazy\" decoding=\"async\" aria-describedby=\"caption-attachment-1356\" class=\"size-full-blog-width wp-image-1356\" src=\"http:\/\/www.htflux.com\/de\/wp-content\/uploads\/sites\/3\/2015\/07\/Flachdach-Verankerung-Modell-667x459.png\" alt=\"Flachdach Verankerung Modell\" width=\"667\" height=\"459\" srcset=\"https:\/\/www.htflux.com\/de\/wp-content\/uploads\/sites\/3\/2015\/07\/Flachdach-Verankerung-Modell-667x459.png 667w, https:\/\/www.htflux.com\/de\/wp-content\/uploads\/sites\/3\/2015\/07\/Flachdach-Verankerung-Modell-300x206.png 300w, https:\/\/www.htflux.com\/de\/wp-content\/uploads\/sites\/3\/2015\/07\/Flachdach-Verankerung-Modell-325x224.png 325w, https:\/\/www.htflux.com\/de\/wp-content\/uploads\/sites\/3\/2015\/07\/Flachdach-Verankerung-Modell-100x69.png 100w, https:\/\/www.htflux.com\/de\/wp-content\/uploads\/sites\/3\/2015\/07\/Flachdach-Verankerung-Modell.png 840w\" sizes=\"auto, (max-width: 667px) 100vw, 667px\" \/><\/a><p id=\"caption-attachment-1356\" class=\"wp-caption-text\">Das 3d-Modell &#8211; Stahl-Verankerung auf ged\u00e4mmtem Flachdach<\/p><\/div>\n<div id=\"attachment_1352\" style=\"width: 677px\" class=\"wp-caption alignnone\"><a href=\"http:\/\/www.htflux.com\/de\/wp-content\/uploads\/sites\/3\/2015\/07\/3d-FEM-Thermische-Simulation-Gitternetz.png\" data-rel=\"lightbox-gallery-Ufr9qvMS\" data-rl_title=\"\" data-rl_caption=\"\" title=\"\"><img loading=\"lazy\" decoding=\"async\" aria-describedby=\"caption-attachment-1352\" class=\"wp-image-1352 size-full-blog-width\" src=\"http:\/\/www.htflux.com\/de\/wp-content\/uploads\/sites\/3\/2015\/07\/3d-FEM-Thermische-Simulation-Gitternetz-667x592.png\" alt=\"finite Elemente - 3d FEM Thermische Simulation\" width=\"667\" height=\"592\" srcset=\"https:\/\/www.htflux.com\/de\/wp-content\/uploads\/sites\/3\/2015\/07\/3d-FEM-Thermische-Simulation-Gitternetz-667x592.png 667w, https:\/\/www.htflux.com\/de\/wp-content\/uploads\/sites\/3\/2015\/07\/3d-FEM-Thermische-Simulation-Gitternetz-300x266.png 300w, https:\/\/www.htflux.com\/de\/wp-content\/uploads\/sites\/3\/2015\/07\/3d-FEM-Thermische-Simulation-Gitternetz-325x289.png 325w, https:\/\/www.htflux.com\/de\/wp-content\/uploads\/sites\/3\/2015\/07\/3d-FEM-Thermische-Simulation-Gitternetz-100x89.png 100w, https:\/\/www.htflux.com\/de\/wp-content\/uploads\/sites\/3\/2015\/07\/3d-FEM-Thermische-Simulation-Gitternetz.png 840w\" sizes=\"auto, (max-width: 667px) 100vw, 667px\" \/><\/a><p id=\"caption-attachment-1352\" class=\"wp-caption-text\">Optimiertes 3d-finite Elemente Gitternetz<\/p><\/div>\n<div id=\"attachment_1355\" style=\"width: 677px\" class=\"wp-caption alignnone\"><a href=\"http:\/\/www.htflux.com\/de\/wp-content\/uploads\/sites\/3\/2015\/07\/Thermische-Simulation-Verankerung-Isofl\u00e4chen.png\" data-rel=\"lightbox-gallery-Ufr9qvMS\" data-rl_title=\"\" data-rl_caption=\"\" title=\"\"><img loading=\"lazy\" decoding=\"async\" aria-describedby=\"caption-attachment-1355\" class=\"wp-image-1355 size-full-blog-width\" src=\"http:\/\/www.htflux.com\/de\/wp-content\/uploads\/sites\/3\/2015\/07\/Thermische-Simulation-Verankerung-Isofl\u00e4chen-667x592.png\" alt=\"Thermische Simulation Verankerung Isofl\u00e4chen\" width=\"667\" height=\"592\" srcset=\"https:\/\/www.htflux.com\/de\/wp-content\/uploads\/sites\/3\/2015\/07\/Thermische-Simulation-Verankerung-Isofl\u00e4chen-667x592.png 667w, https:\/\/www.htflux.com\/de\/wp-content\/uploads\/sites\/3\/2015\/07\/Thermische-Simulation-Verankerung-Isofl\u00e4chen-300x266.png 300w, https:\/\/www.htflux.com\/de\/wp-content\/uploads\/sites\/3\/2015\/07\/Thermische-Simulation-Verankerung-Isofl\u00e4chen-325x289.png 325w, https:\/\/www.htflux.com\/de\/wp-content\/uploads\/sites\/3\/2015\/07\/Thermische-Simulation-Verankerung-Isofl\u00e4chen-100x89.png 100w, https:\/\/www.htflux.com\/de\/wp-content\/uploads\/sites\/3\/2015\/07\/Thermische-Simulation-Verankerung-Isofl\u00e4chen.png 840w\" sizes=\"auto, (max-width: 667px) 100vw, 667px\" \/><\/a><p id=\"caption-attachment-1355\" class=\"wp-caption-text\">Temperaturverteilung (Isofl\u00e4chen) im W\u00e4rmebr\u00fcckenbereich<\/p><\/div>\n<div id=\"attachment_1354\" style=\"width: 677px\" class=\"wp-caption alignnone\"><a href=\"http:\/\/www.htflux.com\/de\/wp-content\/uploads\/sites\/3\/2015\/07\/3d-Simulation-W\u00e4rmestrom-Chi-Wert.png\" data-rel=\"lightbox-gallery-Ufr9qvMS\" data-rl_title=\"\" data-rl_caption=\"\" title=\"\"><img loading=\"lazy\" decoding=\"async\" aria-describedby=\"caption-attachment-1354\" class=\"size-full-blog-width wp-image-1354\" src=\"http:\/\/www.htflux.com\/de\/wp-content\/uploads\/sites\/3\/2015\/07\/3d-Simulation-W\u00e4rmestrom-Chi-Wert-667x593.png\" alt=\"3d Simulation W\u00e4rmestrom, Chi-Wert\" width=\"667\" height=\"593\" srcset=\"https:\/\/www.htflux.com\/de\/wp-content\/uploads\/sites\/3\/2015\/07\/3d-Simulation-W\u00e4rmestrom-Chi-Wert-667x593.png 667w, https:\/\/www.htflux.com\/de\/wp-content\/uploads\/sites\/3\/2015\/07\/3d-Simulation-W\u00e4rmestrom-Chi-Wert-300x267.png 300w, https:\/\/www.htflux.com\/de\/wp-content\/uploads\/sites\/3\/2015\/07\/3d-Simulation-W\u00e4rmestrom-Chi-Wert-325x289.png 325w, https:\/\/www.htflux.com\/de\/wp-content\/uploads\/sites\/3\/2015\/07\/3d-Simulation-W\u00e4rmestrom-Chi-Wert-100x89.png 100w, https:\/\/www.htflux.com\/de\/wp-content\/uploads\/sites\/3\/2015\/07\/3d-Simulation-W\u00e4rmestrom-Chi-Wert.png 840w\" sizes=\"auto, (max-width: 667px) 100vw, 667px\" \/><\/a><p id=\"caption-attachment-1354\" class=\"wp-caption-text\">Semitransparente Ansicht des W\u00e4rmestroms<\/p><\/div>\n<div id=\"attachment_1353\" style=\"width: 677px\" class=\"wp-caption alignnone\"><a href=\"http:\/\/www.htflux.com\/de\/wp-content\/uploads\/sites\/3\/2015\/07\/3d-Simulation-Temperaturen-aussen.png\" data-rel=\"lightbox-gallery-Ufr9qvMS\" data-rl_title=\"\" data-rl_caption=\"\" title=\"\"><img loading=\"lazy\" decoding=\"async\" aria-describedby=\"caption-attachment-1353\" class=\"size-full-blog-width wp-image-1353\" src=\"http:\/\/www.htflux.com\/de\/wp-content\/uploads\/sites\/3\/2015\/07\/3d-Simulation-Temperaturen-aussen-667x592.png\" alt=\"3d-Simulation Temperaturen au\u00dfen\" width=\"667\" height=\"592\" srcset=\"https:\/\/www.htflux.com\/de\/wp-content\/uploads\/sites\/3\/2015\/07\/3d-Simulation-Temperaturen-aussen-667x592.png 667w, https:\/\/www.htflux.com\/de\/wp-content\/uploads\/sites\/3\/2015\/07\/3d-Simulation-Temperaturen-aussen-300x266.png 300w, https:\/\/www.htflux.com\/de\/wp-content\/uploads\/sites\/3\/2015\/07\/3d-Simulation-Temperaturen-aussen-325x289.png 325w, https:\/\/www.htflux.com\/de\/wp-content\/uploads\/sites\/3\/2015\/07\/3d-Simulation-Temperaturen-aussen-100x89.png 100w, https:\/\/www.htflux.com\/de\/wp-content\/uploads\/sites\/3\/2015\/07\/3d-Simulation-Temperaturen-aussen.png 840w\" sizes=\"auto, (max-width: 667px) 100vw, 667px\" \/><\/a><p id=\"caption-attachment-1353\" class=\"wp-caption-text\">Temperaturansicht FEM-Simulation au\u00dfen<\/p><\/div>\n<p>d<\/p>\n<div id=\"attachment_1351\" style=\"width: 677px\" class=\"wp-caption alignnone\"><a href=\"http:\/\/www.htflux.com\/de\/wp-content\/uploads\/sites\/3\/2015\/07\/3d-FEM-Temperatursimulation-innen.png\" data-rel=\"lightbox-gallery-Ufr9qvMS\" data-rl_title=\"\" data-rl_caption=\"\" title=\"\"><img loading=\"lazy\" decoding=\"async\" aria-describedby=\"caption-attachment-1351\" class=\"size-full-blog-width wp-image-1351\" src=\"http:\/\/www.htflux.com\/de\/wp-content\/uploads\/sites\/3\/2015\/07\/3d-FEM-Temperatursimulation-innen-667x592.png\" alt=\"3d-FE-Simulation Temperatursimulation-innen\" width=\"667\" height=\"592\" srcset=\"https:\/\/www.htflux.com\/de\/wp-content\/uploads\/sites\/3\/2015\/07\/3d-FEM-Temperatursimulation-innen-667x592.png 667w, https:\/\/www.htflux.com\/de\/wp-content\/uploads\/sites\/3\/2015\/07\/3d-FEM-Temperatursimulation-innen-300x266.png 300w, https:\/\/www.htflux.com\/de\/wp-content\/uploads\/sites\/3\/2015\/07\/3d-FEM-Temperatursimulation-innen-325x289.png 325w, https:\/\/www.htflux.com\/de\/wp-content\/uploads\/sites\/3\/2015\/07\/3d-FEM-Temperatursimulation-innen-100x89.png 100w, https:\/\/www.htflux.com\/de\/wp-content\/uploads\/sites\/3\/2015\/07\/3d-FEM-Temperatursimulation-innen.png 840w\" sizes=\"auto, (max-width: 667px) 100vw, 667px\" \/><\/a><p id=\"caption-attachment-1351\" class=\"wp-caption-text\">Temperaturansicht FEM-Simulation Innen<\/p><\/div>\n<p>Ein weiteres Beispiel aus einer vergleichenden Studie:<\/p>\n<p><a href=\"http:\/\/www.htflux.com\/de\/wp-content\/uploads\/sites\/3\/2015\/07\/Punktf\u00f6rmige-W\u00e4rmebr\u00fccke-3d-Temperatur-Isofl\u00e4chen.png\" data-rel=\"lightbox-gallery-Ufr9qvMS\" data-rl_title=\"\" data-rl_caption=\"\" title=\"\"><img loading=\"lazy\" decoding=\"async\" class=\"alignnone size-full-blog-width wp-image-1499\" src=\"http:\/\/www.htflux.com\/de\/wp-content\/uploads\/sites\/3\/2015\/07\/Punktf\u00f6rmige-W\u00e4rmebr\u00fccke-3d-Temperatur-Isofl\u00e4chen-667x414.png\" alt=\"Punktf\u00f6rmige W\u00e4rmebr\u00fccke-3d-Berechnung-Temperatur-Isofl\u00e4chen Daniel R\u00fcdisser\" width=\"667\" height=\"414\" srcset=\"https:\/\/www.htflux.com\/de\/wp-content\/uploads\/sites\/3\/2015\/07\/Punktf\u00f6rmige-W\u00e4rmebr\u00fccke-3d-Temperatur-Isofl\u00e4chen-667x414.png 667w, https:\/\/www.htflux.com\/de\/wp-content\/uploads\/sites\/3\/2015\/07\/Punktf\u00f6rmige-W\u00e4rmebr\u00fccke-3d-Temperatur-Isofl\u00e4chen-300x186.png 300w, https:\/\/www.htflux.com\/de\/wp-content\/uploads\/sites\/3\/2015\/07\/Punktf\u00f6rmige-W\u00e4rmebr\u00fccke-3d-Temperatur-Isofl\u00e4chen-1024x635.png 1024w, https:\/\/www.htflux.com\/de\/wp-content\/uploads\/sites\/3\/2015\/07\/Punktf\u00f6rmige-W\u00e4rmebr\u00fccke-3d-Temperatur-Isofl\u00e4chen-325x202.png 325w, https:\/\/www.htflux.com\/de\/wp-content\/uploads\/sites\/3\/2015\/07\/Punktf\u00f6rmige-W\u00e4rmebr\u00fccke-3d-Temperatur-Isofl\u00e4chen-1026x636.png 1026w, https:\/\/www.htflux.com\/de\/wp-content\/uploads\/sites\/3\/2015\/07\/Punktf\u00f6rmige-W\u00e4rmebr\u00fccke-3d-Temperatur-Isofl\u00e4chen-100x62.png 100w, https:\/\/www.htflux.com\/de\/wp-content\/uploads\/sites\/3\/2015\/07\/Punktf\u00f6rmige-W\u00e4rmebr\u00fccke-3d-Temperatur-Isofl\u00e4chen.png 1327w\" sizes=\"auto, (max-width: 667px) 100vw, 667px\" \/><\/a><\/p>\n<p><a href=\"http:\/\/www.htflux.com\/de\/wp-content\/uploads\/sites\/3\/2015\/07\/3d-W\u00e4rmebr\u00fccke-W\u00e4rmestrom-FEM.png\" data-rel=\"lightbox-gallery-Ufr9qvMS\" data-rl_title=\"\" data-rl_caption=\"\" title=\"\"><img loading=\"lazy\" decoding=\"async\" class=\"alignnone size-full-blog-width wp-image-1500\" src=\"http:\/\/www.htflux.com\/de\/wp-content\/uploads\/sites\/3\/2015\/07\/3d-W\u00e4rmebr\u00fccke-W\u00e4rmestrom-FEM-667x414.png\" alt=\"3d-W\u00e4rmebr\u00fccke-FE-Simulation-W\u00e4rmestrom\" width=\"667\" height=\"414\" srcset=\"https:\/\/www.htflux.com\/de\/wp-content\/uploads\/sites\/3\/2015\/07\/3d-W\u00e4rmebr\u00fccke-W\u00e4rmestrom-FEM-667x414.png 667w, https:\/\/www.htflux.com\/de\/wp-content\/uploads\/sites\/3\/2015\/07\/3d-W\u00e4rmebr\u00fccke-W\u00e4rmestrom-FEM-300x186.png 300w, https:\/\/www.htflux.com\/de\/wp-content\/uploads\/sites\/3\/2015\/07\/3d-W\u00e4rmebr\u00fccke-W\u00e4rmestrom-FEM-1024x635.png 1024w, https:\/\/www.htflux.com\/de\/wp-content\/uploads\/sites\/3\/2015\/07\/3d-W\u00e4rmebr\u00fccke-W\u00e4rmestrom-FEM-325x202.png 325w, https:\/\/www.htflux.com\/de\/wp-content\/uploads\/sites\/3\/2015\/07\/3d-W\u00e4rmebr\u00fccke-W\u00e4rmestrom-FEM-1026x636.png 1026w, https:\/\/www.htflux.com\/de\/wp-content\/uploads\/sites\/3\/2015\/07\/3d-W\u00e4rmebr\u00fccke-W\u00e4rmestrom-FEM-100x62.png 100w, https:\/\/www.htflux.com\/de\/wp-content\/uploads\/sites\/3\/2015\/07\/3d-W\u00e4rmebr\u00fccke-W\u00e4rmestrom-FEM.png 1327w\" sizes=\"auto, (max-width: 667px) 100vw, 667px\" \/><\/a><\/p>\n","protected":false},"excerpt":{"rendered":"<p>In bestimmten F\u00e4llen ist es notwendig eine aufwendigere dreidimensionale Simulation durchzuf\u00fchren. Diese ist mittels HTflux nicht m\u00f6glich. HTflux wurde f\u00fcr den raschen, effizienten Einsatz zur W\u00e4rmebr\u00fcckenberechnung in zwei Dimensionen optimiert. Dreidimensionale Simulationen sind hinsichtlich der Ein- und Ausgaben, als auch hinsichtlich der Gitternetzgenerierung deutlich aufw\u00e4ndiger und erfordern deshalb viel Erfahrung im Umgang mit dreidimensionaler Finite-Elemente-Simulation. [&hellip;]<\/p>\n","protected":false},"author":2,"featured_media":0,"parent":282,"menu_order":0,"comment_status":"open","ping_status":"open","template":"pageTemp-Feature-Single.php","meta":{"footnotes":""},"class_list":["post-1348","page","type-page","status-publish","hentry"],"_links":{"self":[{"href":"https:\/\/www.htflux.com\/de\/wp-json\/wp\/v2\/pages\/1348","targetHints":{"allow":["GET"]}}],"collection":[{"href":"https:\/\/www.htflux.com\/de\/wp-json\/wp\/v2\/pages"}],"about":[{"href":"https:\/\/www.htflux.com\/de\/wp-json\/wp\/v2\/types\/page"}],"author":[{"embeddable":true,"href":"https:\/\/www.htflux.com\/de\/wp-json\/wp\/v2\/users\/2"}],"replies":[{"embeddable":true,"href":"https:\/\/www.htflux.com\/de\/wp-json\/wp\/v2\/comments?post=1348"}],"version-history":[{"count":13,"href":"https:\/\/www.htflux.com\/de\/wp-json\/wp\/v2\/pages\/1348\/revisions"}],"predecessor-version":[{"id":1501,"href":"https:\/\/www.htflux.com\/de\/wp-json\/wp\/v2\/pages\/1348\/revisions\/1501"}],"up":[{"embeddable":true,"href":"https:\/\/www.htflux.com\/de\/wp-json\/wp\/v2\/pages\/282"}],"wp:attachment":[{"href":"https:\/\/www.htflux.com\/de\/wp-json\/wp\/v2\/media?parent=1348"}],"curies":[{"name":"wp","href":"https:\/\/api.w.org\/{rel}","templated":true}]}}