{"id":16,"date":"2014-02-06T09:33:02","date_gmt":"2014-02-06T07:33:02","guid":{"rendered":"http:\/\/www.htflux.com\/de\/?page_id=16"},"modified":"2017-11-07T18:00:53","modified_gmt":"2017-11-07T16:00:53","slug":"funktionen","status":"publish","type":"page","link":"https:\/\/www.htflux.com\/de\/funktionen\/","title":{"rendered":"Funktionen"},"content":{"rendered":"<div class=\"blocks wrapper clearfix\">\n<section>\n<h1>Funktionen und Features<\/h1>\n<article class=\"block block1\">\n<h2>Anwenderfreundlichkeit<\/h2>\n<p>Von Anfang an lag einer der Schwerpunkte bei der Entwicklung der Software in der Anwenderfreundlichkeit. Eine selbsterkl\u00e4rende graphische Oberfl\u00e4che mit vielen Funktionen und Hilfsmitteln soll es dem Anwender erm\u00f6glichen m\u00f6glichst rasch und effizient arbeiten zu k\u00f6nnen.<\/p>\n<div class=\"block-image\"><img loading=\"lazy\" decoding=\"async\" class=\"alignnone size-full wp-image-1261\" src=\"http:\/\/www.htflux.com\/de\/wp-content\/uploads\/sites\/3\/2015\/06\/Stuezpunkte-verschieben-280.png\" alt=\"St\u00fctzpunkte verschieben\" width=\"280\" height=\"100\" srcset=\"https:\/\/www.htflux.com\/de\/wp-content\/uploads\/sites\/3\/2015\/06\/Stuezpunkte-verschieben-280.png 280w, https:\/\/www.htflux.com\/de\/wp-content\/uploads\/sites\/3\/2015\/06\/Stuezpunkte-verschieben-280-100x36.png 100w\" sizes=\"auto, (max-width: 280px) 100vw, 280px\" \/><\/div>\n<\/article>\n<article class=\"block block2\">\n<h2>CAD-Import mittels DXF<\/h2>\n<p>Eine intelligente DXF-Import Funktion erm\u00f6glicht es sehr einfach Geometrien aus CAD Software zu importieren (z.B. AutoCAD, ArchiCAD, SketchUp,\u2026). Ein Wizard erlaubt es sogar automatische Materialzuweisung, basierend auf den Layer-Namen durchzuf\u00fchren.<\/p>\n<div class=\"block-image\"><img loading=\"lazy\" decoding=\"async\" class=\"alignnone size-full wp-image-1255\" src=\"http:\/\/www.htflux.com\/de\/wp-content\/uploads\/sites\/3\/2015\/06\/DXF-Import-Funktion-280.png\" alt=\"DXF Import-Funktion\" width=\"440\" height=\"179\" srcset=\"https:\/\/www.htflux.com\/de\/wp-content\/uploads\/sites\/3\/2015\/06\/DXF-Import-Funktion-280.png 440w, https:\/\/www.htflux.com\/de\/wp-content\/uploads\/sites\/3\/2015\/06\/DXF-Import-Funktion-280-300x122.png 300w, https:\/\/www.htflux.com\/de\/wp-content\/uploads\/sites\/3\/2015\/06\/DXF-Import-Funktion-280-325x132.png 325w, https:\/\/www.htflux.com\/de\/wp-content\/uploads\/sites\/3\/2015\/06\/DXF-Import-Funktion-280-100x41.png 100w\" sizes=\"auto, (max-width: 440px) 100vw, 440px\" \/><\/div>\n<\/article>\n<article class=\"block block3\">\n<h2>PDF-Berichte exportieren<\/h2>\n<p>Ein vielf\u00e4ltig einstellbares Report-Tool gestattet es Ihnen auf einfachste Weise einen umfangreichen Bericht mit graphischen Ansichten, Materialtabellen, Randbedingungen, Kundeninformationen etc. zu erstellen.<\/p>\n<div class=\"block-image\"><img loading=\"lazy\" decoding=\"async\" class=\"alignnone size-full wp-image-1262\" src=\"http:\/\/www.htflux.com\/de\/wp-content\/uploads\/sites\/3\/2015\/06\/Thermische-Simulation-PDF-Bereicht-280.png\" alt=\"Thermische-Simulation-PDF-Bericht\" width=\"280\" height=\"100\" srcset=\"https:\/\/www.htflux.com\/de\/wp-content\/uploads\/sites\/3\/2015\/06\/Thermische-Simulation-PDF-Bereicht-280.png 280w, https:\/\/www.htflux.com\/de\/wp-content\/uploads\/sites\/3\/2015\/06\/Thermische-Simulation-PDF-Bereicht-280-100x36.png 100w\" sizes=\"auto, (max-width: 280px) 100vw, 280px\" \/><\/div>\n<\/article>\n<article class=\"block block4\">\n<h2>Graphiken exportieren<\/h2>\n<p>Zu jeder Zeit k\u00f6nnen Sie beliebige Details Ihres Projektes graphisch exportieren. Sie k\u00f6nnen dabei zwischen den verschiedenen Ansichten w\u00e4hlen, oder alle gleichzeitig exportieren. Auch das Graphikformat und die Aufl\u00f6sung sind beliebig einstellbar.<\/p>\n<div class=\"block-image\"><img loading=\"lazy\" decoding=\"async\" class=\"alignnone size-full wp-image-1260\" src=\"http:\/\/www.htflux.com\/de\/wp-content\/uploads\/sites\/3\/2015\/06\/Simulationsansichten-280.png\" alt=\"Simulationsansichten\" width=\"280\" height=\"100\" srcset=\"https:\/\/www.htflux.com\/de\/wp-content\/uploads\/sites\/3\/2015\/06\/Simulationsansichten-280.png 280w, https:\/\/www.htflux.com\/de\/wp-content\/uploads\/sites\/3\/2015\/06\/Simulationsansichten-280-100x36.png 100w\" sizes=\"auto, (max-width: 280px) 100vw, 280px\" \/><\/div>\n<\/article>\n<article class=\"block block5\">\n<h2>Glaser 2d Simulation<\/h2>\n<p>Der einzigartige Glaser 2d-Algorithmus erlaubt es neben der thermischen Simulation auch den Wasserdampfdiffusionsstrom zu simulieren. Der Glaser 2d Ansatz ist konservativ, einfach und erlaubt es praktisch ohne Mehraufwand wertvolle Informationen zur Kondensationsneigung oder \u2013bildung zu erhalten.<\/p>\n<div class=\"block-image\"><img loading=\"lazy\" decoding=\"async\" class=\"alignnone size-full wp-image-1257\" src=\"http:\/\/www.htflux.com\/de\/wp-content\/uploads\/sites\/3\/2015\/06\/Glaser-Kondensat-280.png\" alt=\"Glaser-Kondensat\" width=\"280\" height=\"100\" srcset=\"https:\/\/www.htflux.com\/de\/wp-content\/uploads\/sites\/3\/2015\/06\/Glaser-Kondensat-280.png 280w, https:\/\/www.htflux.com\/de\/wp-content\/uploads\/sites\/3\/2015\/06\/Glaser-Kondensat-280-100x36.png 100w\" sizes=\"auto, (max-width: 280px) 100vw, 280px\" \/><\/div>\n<\/article>\n<article class=\"block block6\">\n<h2>Zeitaufgel\u00f6ste Simulationen<\/h2>\n<p>Mit HTflux k\u00f6nnen Sie thermische Simulationen auch zeitaufgel\u00f6st durchf\u00fchren. Basierend auf synthetischen oder vorgegebenen Temperaturverl\u00e4ufen k\u00f6nnen Sie zeitabh\u00e4ngig Temperaturen und W\u00e4rmestr\u00f6me analysieren oder ein Video vom Vorgang erstellen.<\/p>\n<div class=\"block-image\"><img loading=\"lazy\" decoding=\"async\" class=\"alignnone size-full wp-image-1263\" src=\"http:\/\/www.htflux.com\/de\/wp-content\/uploads\/sites\/3\/2015\/06\/Transiente-Thermische-Simulation-280.png\" alt=\"Transiente-Thermische-Simulation\" width=\"280\" height=\"100\" srcset=\"https:\/\/www.htflux.com\/de\/wp-content\/uploads\/sites\/3\/2015\/06\/Transiente-Thermische-Simulation-280.png 280w, https:\/\/www.htflux.com\/de\/wp-content\/uploads\/sites\/3\/2015\/06\/Transiente-Thermische-Simulation-280-100x36.png 100w\" sizes=\"auto, (max-width: 280px) 100vw, 280px\" \/><\/div>\n<\/article>\n<article class=\"block block7\">\n<h2>W\u00e4rmequellen<\/h2>\n<p>Mit wenigen Mausklicks lassen sich W\u00e4rmequellen (-senken) in der Simulation erstellen. Dies erm\u00f6glicht es effizient elektrische (oder andere) Heizsysteme zu simulieren. (z.B. Fu\u00dfbodenheizungen, Wandheizungen, Fahrbahnheizungen, Fensterheizungen, \u2026)<\/p>\n<div class=\"block-image\"><img loading=\"lazy\" decoding=\"async\" class=\"alignnone size-full wp-image-1265\" src=\"http:\/\/www.htflux.com\/de\/wp-content\/uploads\/sites\/3\/2015\/06\/W\u00e4rmequelle-Simulation-280.png\" alt=\"W\u00e4rmequelle-Thermische Simulation\" width=\"280\" height=\"100\" srcset=\"https:\/\/www.htflux.com\/de\/wp-content\/uploads\/sites\/3\/2015\/06\/W\u00e4rmequelle-Simulation-280.png 280w, https:\/\/www.htflux.com\/de\/wp-content\/uploads\/sites\/3\/2015\/06\/W\u00e4rmequelle-Simulation-280-100x36.png 100w\" sizes=\"auto, (max-width: 280px) 100vw, 280px\" \/><\/div>\n<\/article>\n<article class=\"block block8\">\n<h2>Automatische \u03a8-Wert Berechnung<\/h2>\n<p>Ein automatisiertes Tool hilft Ihnen bei der Bestimmung des PSI-Werts (oder \u201el\u00e4ngenbezogener W\u00e4rmedurchgangs\u00adkoeffizient\u201c). Mit nur wenigen Mausklicks erscheint der PSI-Wert verbunden mit weiteren informativen Parametern.<\/p>\n<div class=\"block-image\"><img loading=\"lazy\" decoding=\"async\" class=\"alignnone size-full wp-image-1259\" src=\"http:\/\/www.htflux.com\/de\/wp-content\/uploads\/sites\/3\/2015\/06\/PSI-Wert-Berechnung-280.png\" alt=\"PSI-Wert-Berechnung\" width=\"280\" height=\"100\" srcset=\"https:\/\/www.htflux.com\/de\/wp-content\/uploads\/sites\/3\/2015\/06\/PSI-Wert-Berechnung-280.png 280w, https:\/\/www.htflux.com\/de\/wp-content\/uploads\/sites\/3\/2015\/06\/PSI-Wert-Berechnung-280-100x36.png 100w\" sizes=\"auto, (max-width: 280px) 100vw, 280px\" \/><\/div>\n<\/article>\n<article class=\"block block9\">\n<h2>Automatische U-Wert-Berechnung<\/h2>\n<p>Ein automatisiertes Tool erm\u00f6glicht Ihnen die U-Wert Berechnung von Wand-, Boden- und Dachkonstruktionen &#8211; auch f\u00fcr inhomogene Aufbauten. Gemeinsam mit dem Messwert k\u00f6nnen weitere informative Details eingeblendet werden.<\/p>\n<div class=\"block-image\"><img loading=\"lazy\" decoding=\"async\" class=\"alignnone size-full wp-image-1264\" src=\"http:\/\/www.htflux.com\/de\/wp-content\/uploads\/sites\/3\/2015\/06\/U-Wert-Berechnung-280.png\" alt=\"U-Wert-Berechnung\" width=\"280\" height=\"100\" srcset=\"https:\/\/www.htflux.com\/de\/wp-content\/uploads\/sites\/3\/2015\/06\/U-Wert-Berechnung-280.png 280w, https:\/\/www.htflux.com\/de\/wp-content\/uploads\/sites\/3\/2015\/06\/U-Wert-Berechnung-280-100x36.png 100w\" sizes=\"auto, (max-width: 280px) 100vw, 280px\" \/><\/div>\n<\/article>\n<article class=\"block block10\">\n<h2>Glaspakete nach EN673<\/h2>\n<p>Ein einfach anzuwendender Dialog erm\u00f6glicht es Ihnen beliebige Isolierglas-Anordnungen zu erstellen. Glasanordnung, Gasf\u00fcllungen und Beschichtungen k\u00f6nnen frei gew\u00e4hlt und nach EN 673 berechnet werden. Anschlie\u00dfend kann das Glaspaket in die Simulation eingef\u00fcgt werden.<\/p>\n<div class=\"block-image\"><img loading=\"lazy\" decoding=\"async\" class=\"alignnone size-full wp-image-1273\" src=\"http:\/\/www.htflux.com\/de\/wp-content\/uploads\/sites\/3\/2015\/06\/Glaspaket-Isolierglas-EN673.png\" alt=\"Glaspekt Isolierglas EN673\" width=\"280\" height=\"100\" srcset=\"https:\/\/www.htflux.com\/de\/wp-content\/uploads\/sites\/3\/2015\/06\/Glaspaket-Isolierglas-EN673.png 280w, https:\/\/www.htflux.com\/de\/wp-content\/uploads\/sites\/3\/2015\/06\/Glaspaket-Isolierglas-EN673-100x36.png 100w\" sizes=\"auto, (max-width: 280px) 100vw, 280px\" \/><\/div>\n<\/article>\n<article class=\"block block11\">\n<h2>Klima-Rechner<\/h2>\n<p>Der Klimarechner ist ein n\u00fctzliches Werkzeug um bauphysikalisch relevante Luftparameter zu berechnen. Aus einer beliebigen Kombination von Temperatur, Luftfeuchte oder Partialdruck kann die fehlende Gr\u00f6\u00dfe und weitere n\u00fctzliche bestimmt werden, wie z.B. Taupunkt, Luftdichte.<\/p>\n<div class=\"block-image\"><img loading=\"lazy\" decoding=\"async\" class=\"alignnone size-full wp-image-1256\" src=\"http:\/\/www.htflux.com\/de\/wp-content\/uploads\/sites\/3\/2015\/06\/Feuchte-Temperatur-Partialdruck-280.png\" alt=\"Feuchte Temperatur Partialdruck\" width=\"280\" height=\"100\" srcset=\"https:\/\/www.htflux.com\/de\/wp-content\/uploads\/sites\/3\/2015\/06\/Feuchte-Temperatur-Partialdruck-280.png 280w, https:\/\/www.htflux.com\/de\/wp-content\/uploads\/sites\/3\/2015\/06\/Feuchte-Temperatur-Partialdruck-280-100x36.png 100w\" sizes=\"auto, (max-width: 280px) 100vw, 280px\" \/><\/div>\n<\/article>\n<article class=\"block block12\">\n<h2>Online Material-Datenbank<\/h2>\n<p>Eine sich st\u00e4ndig vergr\u00f6\u00dfernde und automatisch aktualisierte Materialdatenbank unterst\u00fctzt Sie bei Ihren Simulationen. Zus\u00e4tzlich k\u00f6nnen nat\u00fcrlich auch Materialen in einer pers\u00f6nlichen Datenbank frei definiert werden.<\/p>\n<div class=\"block-image\"><img loading=\"lazy\" decoding=\"async\" class=\"alignnone size-full wp-image-1258\" src=\"http:\/\/www.htflux.com\/de\/wp-content\/uploads\/sites\/3\/2015\/06\/online-materialdatenbank-280.png\" alt=\"online-materialdatenbank\" width=\"280\" height=\"99\" srcset=\"https:\/\/www.htflux.com\/de\/wp-content\/uploads\/sites\/3\/2015\/06\/online-materialdatenbank-280.png 280w, https:\/\/www.htflux.com\/de\/wp-content\/uploads\/sites\/3\/2015\/06\/online-materialdatenbank-280-100x35.png 100w\" sizes=\"auto, (max-width: 280px) 100vw, 280px\" \/><\/div>\n<\/article>\n<\/section>\n<\/div>\n<p><!-- .blocks --><\/p>\n","protected":false},"excerpt":{"rendered":"<p>Funktionen und Features Anwenderfreundlichkeit Von Anfang an lag einer der Schwerpunkte bei der Entwicklung der Software in der Anwenderfreundlichkeit. Eine selbsterkl\u00e4rende graphische Oberfl\u00e4che mit vielen Funktionen und Hilfsmitteln soll es dem Anwender erm\u00f6glichen m\u00f6glichst rasch und effizient arbeiten zu k\u00f6nnen. CAD-Import mittels DXF Eine intelligente DXF-Import Funktion erm\u00f6glicht es sehr einfach Geometrien aus CAD Software [&hellip;]<\/p>\n","protected":false},"author":1,"featured_media":0,"parent":0,"menu_order":45,"comment_status":"open","ping_status":"open","template":"pageTemp-functions.php","meta":{"footnotes":""},"class_list":["post-16","page","type-page","status-publish","hentry"],"_links":{"self":[{"href":"https:\/\/www.htflux.com\/de\/wp-json\/wp\/v2\/pages\/16","targetHints":{"allow":["GET"]}}],"collection":[{"href":"https:\/\/www.htflux.com\/de\/wp-json\/wp\/v2\/pages"}],"about":[{"href":"https:\/\/www.htflux.com\/de\/wp-json\/wp\/v2\/types\/page"}],"author":[{"embeddable":true,"href":"https:\/\/www.htflux.com\/de\/wp-json\/wp\/v2\/users\/1"}],"replies":[{"embeddable":true,"href":"https:\/\/www.htflux.com\/de\/wp-json\/wp\/v2\/comments?post=16"}],"version-history":[{"count":33,"href":"https:\/\/www.htflux.com\/de\/wp-json\/wp\/v2\/pages\/16\/revisions"}],"predecessor-version":[{"id":2370,"href":"https:\/\/www.htflux.com\/de\/wp-json\/wp\/v2\/pages\/16\/revisions\/2370"}],"wp:attachment":[{"href":"https:\/\/www.htflux.com\/de\/wp-json\/wp\/v2\/media?parent=16"}],"curies":[{"name":"wp","href":"https:\/\/api.w.org\/{rel}","templated":true}]}}