{"id":1700,"date":"2016-04-01T10:15:58","date_gmt":"2016-04-01T08:15:58","guid":{"rendered":"http:\/\/www.htflux.com\/de\/?page_id=1700"},"modified":"2016-04-04T11:13:47","modified_gmt":"2016-04-04T09:13:47","slug":"die-projektmaterial-liste","status":"publish","type":"page","link":"https:\/\/www.htflux.com\/de\/documentation\/benutzeroberflaeche\/die-projektmaterial-liste\/","title":{"rendered":"Die Projektmaterial-Liste"},"content":{"rendered":"<p>Auf der rechten Seite der Benutzeroberfl\u00e4chen sind die <strong>Projektmaterialien\u00a0<\/strong>dargestellt. In dieser Liste finden Sie alle Materialien, welche aktuell in dieses Projekt &#8222;geladen&#8220; wurden. Die Liste kann also neben verwendeten Materialien noch weitere Materialien enthalten (z.B. solche welche als Varianten f\u00fcr das Projekt vorgesehen sind) oder generell eine Auswahl von Materialien enthalten welche f\u00fcr diese Art von Projekt sinnvoll sind. Die Projektmaterialien werden beim Speichern einer Vorlage mitabgespeichert. So k\u00f6nnen projekt- oder kundenspezifische Vorlagen erstellt werden, welche sp\u00e4ter eine sehr effiziente Bearbeitung von neuen Projekten erm\u00f6glichen. (N\u00e4heres unter &#8222;Vorlagen&#8220;)<\/p>\n<p><a href=\"http:\/\/www.htflux.com\/de\/wp-content\/uploads\/sites\/3\/2014\/12\/Projektmaterialien-zur-Simulation.png\" data-rel=\"lightbox-gallery-MtDQgPg6\" data-rl_title=\"\" data-rl_caption=\"\" title=\"\"><img loading=\"lazy\" decoding=\"async\" class=\"scale-25-to-100 alignnone wp-image-722 size-full\" src=\"http:\/\/www.htflux.com\/de\/wp-content\/uploads\/sites\/3\/2014\/12\/Projektmaterialien-zur-Simulation.png\" alt=\"Projektmaterialien-zur-Simulation\" width=\"395\" height=\"568\" srcset=\"https:\/\/www.htflux.com\/de\/wp-content\/uploads\/sites\/3\/2014\/12\/Projektmaterialien-zur-Simulation.png 395w, https:\/\/www.htflux.com\/de\/wp-content\/uploads\/sites\/3\/2014\/12\/Projektmaterialien-zur-Simulation-208x300.png 208w, https:\/\/www.htflux.com\/de\/wp-content\/uploads\/sites\/3\/2014\/12\/Projektmaterialien-zur-Simulation-325x467.png 325w, https:\/\/www.htflux.com\/de\/wp-content\/uploads\/sites\/3\/2014\/12\/Projektmaterialien-zur-Simulation-100x143.png 100w\" sizes=\"auto, (max-width: 395px) 100vw, 395px\" \/><\/a><\/p>\n<p>In der Materialliste findet sich links eine Vorschau der Materialfarbe (-schraffur) und der Name des Materials. Rechts daneben befindet sich ein Symbol, welches auf die Herkunft des Materials hinweist.<\/p>\n<p><a href=\"http:\/\/www.htflux.com\/de\/wp-content\/uploads\/sites\/3\/2014\/12\/myMatsIcon.png\" data-rel=\"lightbox-gallery-MtDQgPg6\" data-rl_title=\"\" data-rl_caption=\"\" title=\"\"><img loading=\"lazy\" decoding=\"async\" class=\"alignnone size-full wp-image-723\" src=\"http:\/\/www.htflux.com\/de\/wp-content\/uploads\/sites\/3\/2014\/12\/myMatsIcon.png\" alt=\"myMatsIcon\" width=\"17\" height=\"17\" \/><\/a>\u00a0 in der eigenen lokalen Datenbank abgelegtes Material<br \/>\n<a href=\"http:\/\/www.htflux.com\/de\/wp-content\/uploads\/sites\/3\/2014\/12\/DBIcon.png\" data-rel=\"lightbox-gallery-MtDQgPg6\" data-rl_title=\"\" data-rl_caption=\"\" title=\"\"><img loading=\"lazy\" decoding=\"async\" class=\"alignnone size-full wp-image-724\" src=\"http:\/\/www.htflux.com\/de\/wp-content\/uploads\/sites\/3\/2014\/12\/DBIcon.png\" alt=\"DBIcon\" width=\"17\" height=\"17\" \/><\/a> Material aus der HTflux-Datenbank<br \/>\n<a href=\"http:\/\/www.htflux.com\/de\/wp-content\/uploads\/sites\/3\/2014\/12\/NormIcon.png\" data-rel=\"lightbox-gallery-MtDQgPg6\" data-rl_title=\"\" data-rl_caption=\"\" title=\"\"><img loading=\"lazy\" decoding=\"async\" class=\"alignnone size-full wp-image-725\" src=\"http:\/\/www.htflux.com\/de\/wp-content\/uploads\/sites\/3\/2014\/12\/NormIcon.png\" alt=\"NormIcon\" width=\"17\" height=\"17\" \/><\/a> ebenfalls aus der HTflux-Datenbank, hier handelt es sich aber um ein Material aus einer Norm<\/p>\n<p>Neben den Symbolen befindet sich noch eine Zahl, die anzeigt, wievielen Objekten das entsprechende Material zugewiesen ist. Dies ist sehr hilfreich um schnell die Korrektheit der Materialzuweisungen zu \u00fcberpr\u00fcfen.<\/p>\n<h2>Material hinzuf\u00fcgen oder bearbeiten<\/h2>\n<p>Um neue Materialien in die Liste aufzunehmen oder bestehende Materialien zu bearbeiten, \u00f6ffnen Sie den <em><strong>Materialdaten<\/strong><\/em>-Dialog. In diesen Dialog kommen Sie durch <em><strong>Doppelklick<\/strong> <\/em>auf einen Materialeintrag oder durch Dr\u00fccken des <strong><em>Materialdaten-Buttons<\/em><\/strong> im <strong><em>START<\/em> <\/strong>Men\u00fc.<\/p>\n<h2>Umsortieren<\/h2>\n<p>Die Reihenfolge der Materialien ist f\u00fcr die Simulation unerheblich. Wenn Sie diese aus Gr\u00fcnden der \u00dcbersichtlichkeit \u00e4ndern m\u00f6chten, k\u00f6nnen Sie dies durch Ziehen mit der Maus (<em>drag&amp;drop<\/em>) durchf\u00fchren. Achten Sie hierbei darauf, dass Sie das Material zwischen zwei bestehenden Materialien &#8222;fallen lassen&#8220;. Dies wird durch eine blaue Linie angedeutet.<\/p>\n<p><a href=\"http:\/\/www.htflux.com\/de\/wp-content\/uploads\/sites\/3\/2016\/04\/sort-project-materials.png\" data-rel=\"lightbox-gallery-MtDQgPg6\" data-rl_title=\"\" data-rl_caption=\"\" title=\"\"><img loading=\"lazy\" decoding=\"async\" class=\" size-full wp-image-1707 alignnone\" src=\"http:\/\/www.htflux.com\/de\/wp-content\/uploads\/sites\/3\/2016\/04\/sort-project-materials.png\" alt=\"sort-project-materials\" width=\"311\" height=\"94\" srcset=\"https:\/\/www.htflux.com\/de\/wp-content\/uploads\/sites\/3\/2016\/04\/sort-project-materials.png 311w, https:\/\/www.htflux.com\/de\/wp-content\/uploads\/sites\/3\/2016\/04\/sort-project-materials-300x91.png 300w, https:\/\/www.htflux.com\/de\/wp-content\/uploads\/sites\/3\/2016\/04\/sort-project-materials-100x30.png 100w\" sizes=\"auto, (max-width: 311px) 100vw, 311px\" \/><\/a><\/p>\n<h2>Materialzuordnungen schnell ersetzen<\/h2>\n<p>Wenn Sie bei einem Projekt z.B. eine Materialvariante testen m\u00f6chten, ohne alle Objekt neu zuzuordnen, steht Ihnen hierzu im Projektmanager eine effektive M\u00f6glichkeit zur Verf\u00fcgung. Ziehen Sie mit gehaltener linker Maustaste das neue Material auf jenes welches Sie ersetzen m\u00f6chten. \u00d6ffnen Sie die Maustaste wenn zwei runde Pfeile sichtbar werden. Nun \u00fcbernimmt das neue Material die Funktion des alten, d.h. alle Objekte welche zuvor mit dem &#8222;alten&#8220; Material zugeordnet waren, erhalten nun eine Zuordnung zum neuen Material.<\/p>\n<p><a href=\"http:\/\/www.htflux.com\/de\/wp-content\/uploads\/sites\/3\/2016\/04\/exchange-project-material-assignment.png\" data-rel=\"lightbox-gallery-MtDQgPg6\" data-rl_title=\"\" data-rl_caption=\"\" title=\"\"><img loading=\"lazy\" decoding=\"async\" class=\" size-full wp-image-1706 alignleft\" src=\"http:\/\/www.htflux.com\/de\/wp-content\/uploads\/sites\/3\/2016\/04\/exchange-project-material-assignment.png\" alt=\"exchange-project-material\" width=\"325\" height=\"102\" srcset=\"https:\/\/www.htflux.com\/de\/wp-content\/uploads\/sites\/3\/2016\/04\/exchange-project-material-assignment.png 325w, https:\/\/www.htflux.com\/de\/wp-content\/uploads\/sites\/3\/2016\/04\/exchange-project-material-assignment-300x94.png 300w, https:\/\/www.htflux.com\/de\/wp-content\/uploads\/sites\/3\/2016\/04\/exchange-project-material-assignment-100x31.png 100w\" sizes=\"auto, (max-width: 325px) 100vw, 325px\" \/><\/a><\/p>\n<p>&nbsp;<\/p>\n<h2><\/h2>\n<h2>Kontextmen\u00fc &#8211; rechte Maustaste<\/h2>\n<p>Durch Clicken mit der rechten Maustaste wird ein Kontextmen\u00fc ge\u00f6ffnet. Dieses enth\u00e4lt die folgenden Funktionen:<\/p>\n<ul>\n<li><strong>Eigenschaften:\u00a0<\/strong>\u00f6ffnet den Material- oder Randbedingungen-Dialog<\/li>\n<li><strong>Umbenennen<\/strong><\/li>\n<li><strong>L\u00f6schen<\/strong><\/li>\n<li><strong>Duplizieren<\/strong><\/li>\n<li><strong>Zum Anfang bewegen<\/strong><\/li>\n<li><strong>Ans Ende bewegen<\/strong><\/li>\n<\/ul>\n","protected":false},"excerpt":{"rendered":"<p>Auf der rechten Seite der Benutzeroberfl\u00e4chen sind die Projektmaterialien\u00a0dargestellt. In dieser Liste finden Sie alle Materialien, welche aktuell in dieses Projekt &#8222;geladen&#8220; wurden. Die Liste kann also neben verwendeten Materialien noch weitere Materialien enthalten (z.B. solche welche als Varianten f\u00fcr das Projekt vorgesehen sind) oder generell eine Auswahl von Materialien enthalten welche f\u00fcr diese Art [&hellip;]<\/p>\n","protected":false},"author":2,"featured_media":0,"parent":591,"menu_order":5,"comment_status":"open","ping_status":"open","template":"pageTemp-userGuide_NEW.php","meta":{"footnotes":""},"class_list":["post-1700","page","type-page","status-publish","hentry"],"_links":{"self":[{"href":"https:\/\/www.htflux.com\/de\/wp-json\/wp\/v2\/pages\/1700","targetHints":{"allow":["GET"]}}],"collection":[{"href":"https:\/\/www.htflux.com\/de\/wp-json\/wp\/v2\/pages"}],"about":[{"href":"https:\/\/www.htflux.com\/de\/wp-json\/wp\/v2\/types\/page"}],"author":[{"embeddable":true,"href":"https:\/\/www.htflux.com\/de\/wp-json\/wp\/v2\/users\/2"}],"replies":[{"embeddable":true,"href":"https:\/\/www.htflux.com\/de\/wp-json\/wp\/v2\/comments?post=1700"}],"version-history":[{"count":9,"href":"https:\/\/www.htflux.com\/de\/wp-json\/wp\/v2\/pages\/1700\/revisions"}],"predecessor-version":[{"id":1800,"href":"https:\/\/www.htflux.com\/de\/wp-json\/wp\/v2\/pages\/1700\/revisions\/1800"}],"up":[{"embeddable":true,"href":"https:\/\/www.htflux.com\/de\/wp-json\/wp\/v2\/pages\/591"}],"wp:attachment":[{"href":"https:\/\/www.htflux.com\/de\/wp-json\/wp\/v2\/media?parent=1700"}],"curies":[{"name":"wp","href":"https:\/\/api.w.org\/{rel}","templated":true}]}}