{"id":1713,"date":"2016-04-01T10:59:32","date_gmt":"2016-04-01T08:59:32","guid":{"rendered":"http:\/\/www.htflux.com\/de\/?page_id=1713"},"modified":"2016-04-14T19:47:10","modified_gmt":"2016-04-14T17:47:10","slug":"der-projektmanager","status":"publish","type":"page","link":"https:\/\/www.htflux.com\/de\/documentation\/benutzeroberflaeche\/der-projektmanager\/","title":{"rendered":"Der Projektmanager"},"content":{"rendered":"<p>Ganz rechts im Programm finden Sie den Projektmanager. Im\u00a0Projektmanager werden\u00a0alle grafischen Objekte und Messfunktionen des aktuellen Projekts aufgelistet. Mittels Mauseingaben (linke Taste, rechte Taste, <em>drag &amp; drop<\/em>) k\u00f6nnen Sie eine Reihe von Funktionen im Projektmanager aufrufen (Kopieren, L\u00f6schen, Eigenschaften &#8230;). Der Projektmanager gliedert sich in drei Abschnitte:<\/p>\n<ul>\n<li style=\"margin-bottom: 12px;\"><strong>AUSSCHNITTE<\/strong><br \/>\nAusschnitte sind geometrische Objekte (meist Rechtecke), welche Ihnen gestatten, bestimmte Bereiche in der Geometrie zu definieren. Die Ausschnitte werden verwendet, um den Simulationsbereich festzulegen, um grafische Ausgabebereiche (f\u00fcr Berichte oder den Grafik-Export) zu definieren oder um den Messbereich einer Messfunktion festzulegen.<\/li>\n<li style=\"margin-bottom: 12px;\"><strong>MESSUNGEN<\/strong><br \/>\nDieser Abschnitt listet alle Messtools des aktuellen Projekts und gegebenenfalls die jeweils zugeordneten Messbereiche auf.<\/li>\n<li style=\"margin-bottom: 12px;\"><strong>OBJEKTE<\/strong><br \/>\nDieser Bereich enth\u00e4lt alle grafischen Elemente, welche Ihre Geometrie definieren (meist Polygone oder Rechtecke). Die Reihenfolge der einzelnen Elemente spielt dabei eine besondere Rolle. In HTflux \u00fcberdecken Objekte, welche in der Liste weiter oben stehen immer jene Objekte, welche weiter unten liegen. Dies erm\u00f6glicht Ihnen eine rasche Bearbeitung der Geometrie. Verwenden Sie die linke oder rechte Maustaste, um die Objekte umzusortieren oder um Bearbeitungen an den Objekten durchzuf\u00fchren (siehe dazu auch &#8222;<a title=\"Das Ebenenkonzept\" href=\"http:\/\/www.htflux.com\/de\/documentation\/ebenenkonzept\/\">das Ebenenkonzept<\/a>&#8222;).<\/li>\n<\/ul>\n<h2>Die Objekt-Sichtbarkeit<\/h2>\n<p>Das kleine &#8222;Auge&#8220;-Symbol rechts neben jedem Element (Ausschnitt, Messung oder Objekt) erm\u00f6glicht es Ihnen, die Sichtbarkeit des entsprechenden Elements rasch zu \u00e4ndern. <strong>Wenn Sie Objekte unsichtbar schalten, werden diese auch nicht in der Simulation ber\u00fccksichtigt<\/strong>. Auf diese Weise k\u00f6nnen Sie beispielsweise sehr rasch und einfach verschiedene alternative Geometrien in einem Modell testen.<\/p>\n<p><a href=\"http:\/\/www.htflux.com\/de\/wp-content\/uploads\/sites\/3\/2016\/04\/htflux-sichtbarkeit-ebenen-auge.gif\" data-rel=\"lightbox-gallery-SmhW97Z6\" data-rl_title=\"\" data-rl_caption=\"\" title=\"\"><img loading=\"lazy\" decoding=\"async\" class=\"alignnone size-full wp-image-1786\" src=\"http:\/\/www.htflux.com\/de\/wp-content\/uploads\/sites\/3\/2016\/04\/htflux-sichtbarkeit-ebenen-auge.gif\" alt=\"htflux sichtbarkt der ebenen durch ein- und ausschalten des Auge-Symbols\" width=\"300\" height=\"245\" \/><\/a><\/p>\n<h2>Das Kontextmen\u00fc \u2013 rechte Maustaste<\/h2>\n<p>Durch Klicken mit der rechten Maustaste \u00f6ffnet sich ein Kontextmen\u00fc, welches je nach Objekt verschiedene Funktionen zur Auswahl stellt:<\/p>\n<ul>\n<li><strong>Neue Gruppe erstellen: <\/strong>Sie k\u00f6nnen Objekte hierarchisch in eine Gruppe zusammenfassen. Dies erm\u00f6glicht eine effiziente Bearbeitung von komplexen Geometrien.<\/li>\n<li><strong>Neue Ebene erstellen: <\/strong>auch mittels Anwendung verschiedener Ebenen kann eine hierarchische Bearbeitung von vielen Objekten effizienter gestaltet werden.<\/li>\n<li><strong>Eigenschaften: <\/strong>\u00f6ffnet den jeweils relevanten Dialog \u2013 entweder Objekteigenschaften oder bei den Messtools das Eigenschaften-Fenster der jeweiligen Messung (Hinweis: der Eigenschaften-Dialog kann auch mittels Doppelklick ge\u00f6ffnet werden).<\/li>\n<li><strong>Umbenennen<\/strong><\/li>\n<li><strong>Duplizieren<\/strong><\/li>\n<li><strong>L\u00f6schen<\/strong><\/li>\n<li><strong>Gruppe exportieren: <\/strong>dieser Eintrag erscheint nur bei Gruppen. Mit dieser Funktion lassen sich ganze Objekte mitsamt der Materialien zur sp\u00e4teren Verwendung in anderen Projekten exportieren (z.B. Fensterrahmen, Bodenkonstruktion &#8230;)<\/li>\n<\/ul>\n<p>&nbsp;<\/p>\n","protected":false},"excerpt":{"rendered":"<p>Ganz rechts im Programm finden Sie den Projektmanager. Im\u00a0Projektmanager werden\u00a0alle grafischen Objekte und Messfunktionen des aktuellen Projekts aufgelistet. Mittels Mauseingaben (linke Taste, rechte Taste, drag &amp; drop) k\u00f6nnen Sie eine Reihe von Funktionen im Projektmanager aufrufen (Kopieren, L\u00f6schen, Eigenschaften &#8230;). Der Projektmanager gliedert sich in drei Abschnitte: AUSSCHNITTE Ausschnitte sind geometrische Objekte (meist Rechtecke), welche [&hellip;]<\/p>\n","protected":false},"author":2,"featured_media":0,"parent":591,"menu_order":3,"comment_status":"open","ping_status":"open","template":"pageTemp-userGuide_NEW.php","meta":{"footnotes":""},"class_list":["post-1713","page","type-page","status-publish","hentry"],"_links":{"self":[{"href":"https:\/\/www.htflux.com\/de\/wp-json\/wp\/v2\/pages\/1713","targetHints":{"allow":["GET"]}}],"collection":[{"href":"https:\/\/www.htflux.com\/de\/wp-json\/wp\/v2\/pages"}],"about":[{"href":"https:\/\/www.htflux.com\/de\/wp-json\/wp\/v2\/types\/page"}],"author":[{"embeddable":true,"href":"https:\/\/www.htflux.com\/de\/wp-json\/wp\/v2\/users\/2"}],"replies":[{"embeddable":true,"href":"https:\/\/www.htflux.com\/de\/wp-json\/wp\/v2\/comments?post=1713"}],"version-history":[{"count":14,"href":"https:\/\/www.htflux.com\/de\/wp-json\/wp\/v2\/pages\/1713\/revisions"}],"predecessor-version":[{"id":1801,"href":"https:\/\/www.htflux.com\/de\/wp-json\/wp\/v2\/pages\/1713\/revisions\/1801"}],"up":[{"embeddable":true,"href":"https:\/\/www.htflux.com\/de\/wp-json\/wp\/v2\/pages\/591"}],"wp:attachment":[{"href":"https:\/\/www.htflux.com\/de\/wp-json\/wp\/v2\/media?parent=1713"}],"curies":[{"name":"wp","href":"https:\/\/api.w.org\/{rel}","templated":true}]}}