{"id":1722,"date":"2016-04-01T14:02:44","date_gmt":"2016-04-01T12:02:44","guid":{"rendered":"http:\/\/www.htflux.com\/de\/?page_id=1722"},"modified":"2016-04-04T11:41:33","modified_gmt":"2016-04-04T09:41:33","slug":"material-dialog","status":"publish","type":"page","link":"https:\/\/www.htflux.com\/de\/documentation\/anlegen-und-zuweisen-von-materialien\/material-dialog\/","title":{"rendered":"Der Material-Dialog"},"content":{"rendered":"<p>Der Materialdialog gliedert sich in drei Abschnitte, welche Sie \u00fcber die Karteikartenreiter oben wechseln k\u00f6nnen:<\/p>\n<ul>\n<li><strong>Materialeigenschaften:\u00a0<\/strong>zur Bearbeitung des gerade angew\u00e4hlten Projektmaterials<\/li>\n<li><strong>Eigene Materialien: <\/strong>zur Verwaltung von eigenen Materialien<\/li>\n<li><strong>Materialdatenbank: <\/strong>f\u00fcr den Zugriff auf die HTflux Materialdatenbank<\/li>\n<\/ul>\n<h2>Materialeigenschaften \u00e4ndern<\/h2>\n<p>Auf dem ersten Reiter k\u00f6nnen Sie Materialeigenschaften des in der Liste links selektierten Projektmaterials bearbeiten. Mit den Buttons unter der Liste k\u00f6nnen Sie auch ein neues leeres Material anlegen, ein Projektmaterial zur Bearbeitung duplizieren oder aus der Liste entfernen.<\/p>\n<p><a href=\"http:\/\/www.htflux.com\/de\/wp-content\/uploads\/sites\/3\/2016\/04\/Material-Dialog-Eigenschaften.png\" data-rel=\"lightbox-gallery-S7KjOf8X\" data-rl_title=\"\" data-rl_caption=\"\" title=\"\"><img loading=\"lazy\" decoding=\"async\" class=\"alignnone size-full wp-image-1762\" src=\"http:\/\/www.htflux.com\/de\/wp-content\/uploads\/sites\/3\/2016\/04\/Material-Dialog-Eigenschaften.png\" alt=\"Material-Dialog-Eigenschaften\" width=\"1038\" height=\"689\" srcset=\"https:\/\/www.htflux.com\/de\/wp-content\/uploads\/sites\/3\/2016\/04\/Material-Dialog-Eigenschaften.png 1038w, https:\/\/www.htflux.com\/de\/wp-content\/uploads\/sites\/3\/2016\/04\/Material-Dialog-Eigenschaften-300x199.png 300w, https:\/\/www.htflux.com\/de\/wp-content\/uploads\/sites\/3\/2016\/04\/Material-Dialog-Eigenschaften-1024x680.png 1024w, https:\/\/www.htflux.com\/de\/wp-content\/uploads\/sites\/3\/2016\/04\/Material-Dialog-Eigenschaften-667x443.png 667w, https:\/\/www.htflux.com\/de\/wp-content\/uploads\/sites\/3\/2016\/04\/Material-Dialog-Eigenschaften-325x216.png 325w, https:\/\/www.htflux.com\/de\/wp-content\/uploads\/sites\/3\/2016\/04\/Material-Dialog-Eigenschaften-1026x681.png 1026w, https:\/\/www.htflux.com\/de\/wp-content\/uploads\/sites\/3\/2016\/04\/Material-Dialog-Eigenschaften-100x66.png 100w\" sizes=\"auto, (max-width: 1038px) 100vw, 1038px\" \/><\/a><\/p>\n<p>Hier k\u00f6nnen Sie zahlreiche Einstellungen vornehmen:<\/p>\n<ul>\n<li>den Namen \u00e4ndern und eine Zusatzbezeichnung vergeben<\/li>\n<li>die einzelnen Parameter \u00e4ndern<\/li>\n<li>die Materialfarbe \u00e4ndern &#8211; entweder vergeben sie ein Muster oder eine Farbe<\/li>\n<li>einzelne Informationen zum Material \u00e4ndern (Kategorie, Hersteller, Autor, Quelle, Berschreibung und Datum)<\/li>\n<\/ul>\n<p><em>Achtung: Werden hier \u00c4nderungen vorgenommen (ausgenommen Materialfarbe) verliert dieses Material die Verkn\u00fcpfung zur HTflux-Datenbank. Die \u00c4nderungen k\u00f6nnen nur in anderen Projekten wiederverwendet werden, wenn Sie dieses Material in ihrer lokalen Datenbank ablegen. Dies geschieht mit dem Button &#8222;<strong>Eigene Materialien<\/strong>&#8220; in der rechten oberen Ecke: <a href=\"http:\/\/www.htflux.com\/de\/wp-content\/uploads\/sites\/3\/2014\/12\/addToMyMatsBtn.png\" data-rel=\"lightbox-gallery-S7KjOf8X\" data-rl_title=\"\" data-rl_caption=\"\" title=\"\"><img loading=\"lazy\" decoding=\"async\" class=\"alignnone size-full wp-image-733\" src=\"http:\/\/www.htflux.com\/de\/wp-content\/uploads\/sites\/3\/2014\/12\/addToMyMatsBtn.png\" alt=\"addToMyMatsBtn\" width=\"24\" height=\"22\" \/><\/a><\/em><\/p>\n<p>Eine Beschreibung<a title=\"Physikalische Eigenschaften eines Materials\" href=\"http:\/\/www.htflux.com\/de\/documentation\/anlegen-und-zuweisen-von-materialien\/physikalische-eigenschaften-eines-materials\/\"> der physikalischen Materialeigenschaften finden Sie hier<\/a>.<\/p>\n<h2><\/h2>\n<h2>Neue Materialien hinzuf\u00fcgen<\/h2>\n<p>Durch klicken auf den Reiter &#8222;Materialdatenbank&#8220; \u00f6ffnet sich die HTflux Materialdatenbank. Dieser wird bei jedem Programmstart automatisch vom HTflux Server aktualisert und laufend erweitert.<\/p>\n<p><a href=\"http:\/\/www.htflux.com\/de\/wp-content\/uploads\/sites\/3\/2016\/04\/Materialdialog-Materialdatenbank-HTflux.png\" data-rel=\"lightbox-gallery-S7KjOf8X\" data-rl_title=\"\" data-rl_caption=\"\" title=\"\"><img loading=\"lazy\" decoding=\"async\" class=\"alignnone size-full wp-image-1763\" src=\"http:\/\/www.htflux.com\/de\/wp-content\/uploads\/sites\/3\/2016\/04\/Materialdialog-Materialdatenbank-HTflux.png\" alt=\"Materialdialog-Materialdatenbank-HTflux\" width=\"1047\" height=\"697\" srcset=\"https:\/\/www.htflux.com\/de\/wp-content\/uploads\/sites\/3\/2016\/04\/Materialdialog-Materialdatenbank-HTflux.png 1047w, https:\/\/www.htflux.com\/de\/wp-content\/uploads\/sites\/3\/2016\/04\/Materialdialog-Materialdatenbank-HTflux-300x200.png 300w, https:\/\/www.htflux.com\/de\/wp-content\/uploads\/sites\/3\/2016\/04\/Materialdialog-Materialdatenbank-HTflux-1024x682.png 1024w, https:\/\/www.htflux.com\/de\/wp-content\/uploads\/sites\/3\/2016\/04\/Materialdialog-Materialdatenbank-HTflux-667x444.png 667w, https:\/\/www.htflux.com\/de\/wp-content\/uploads\/sites\/3\/2016\/04\/Materialdialog-Materialdatenbank-HTflux-325x216.png 325w, https:\/\/www.htflux.com\/de\/wp-content\/uploads\/sites\/3\/2016\/04\/Materialdialog-Materialdatenbank-HTflux-1026x683.png 1026w, https:\/\/www.htflux.com\/de\/wp-content\/uploads\/sites\/3\/2016\/04\/Materialdialog-Materialdatenbank-HTflux-100x67.png 100w\" sizes=\"auto, (max-width: 1047px) 100vw, 1047px\" \/><\/a><\/p>\n<p>Um neue Materialien aus der Datenbank in Ihr Projekt zu \u00fcbernehmen, gehen Sie folgenderma\u00dfen vor:<\/p>\n<ol>\n<li>Suchen Sie das gew\u00fcnschte Material. Am schnellsten geht dies, wenn Sie ihren Suchbegriff in das Suchfeld oben in der Mitte eingeben. Mit den Buttons &#8222;beliebiges Feld enth\u00e4lt&#8220; und &#8222;in allen Kategorien&#8220; k\u00f6nnen Sie ihre Suchergebnisse noch genauer einstellen.<\/li>\n<li>Wenn Sie das gew\u00fcnschte Material gefunden haben, markieren sie es mit einem Klick und ziehen es in die Liste der Projektmaterialien.\n<ol>\n<li>Sie k\u00f6nnen hier entweder das Material einf\u00fcgen <a href=\"http:\/\/www.htflux.com\/de\/wp-content\/uploads\/sites\/3\/2014\/12\/insertArrowTop.png\" data-rel=\"lightbox-gallery-S7KjOf8X\" data-rl_title=\"\" data-rl_caption=\"\" title=\"\"><img loading=\"lazy\" decoding=\"async\" class=\"alignnone size-full wp-image-728\" src=\"http:\/\/www.htflux.com\/de\/wp-content\/uploads\/sites\/3\/2014\/12\/insertArrowTop.png\" alt=\"insertArrowTop\" width=\"9\" height=\"10\" \/><\/a><\/li>\n<li>Sie k\u00f6nnen das Material auch \u00fcber den Button &#8222;Material in Projekt \u00fcbernehmen&#8220; \u00fcber der Liste hinzuf\u00fcgen<\/li>\n<li>oder sie k\u00f6nnen ein bestehendes Material ersetzen. <a href=\"http:\/\/www.htflux.com\/de\/wp-content\/uploads\/sites\/3\/2014\/12\/matReplaceIcon-e1417730331106.png\" data-rel=\"lightbox-gallery-S7KjOf8X\" data-rl_title=\"\" data-rl_caption=\"\" title=\"\"><img loading=\"lazy\" decoding=\"async\" class=\"alignnone size-full wp-image-729\" src=\"http:\/\/www.htflux.com\/de\/wp-content\/uploads\/sites\/3\/2014\/12\/matReplaceIcon-e1417730331106.png\" alt=\"matReplaceIcon\" width=\"20\" height=\"20\" \/><\/a> In diesem Fall bekommen alle Objekte, die mit dem alten Material verkn\u00fcpft waren, das neue Material zugewiesen. So k\u00f6nnen sie sehr schnell Materialzuweisungen \u00e4ndern und mit verschiedenen Materialien &#8222;experimentieren&#8220;.<\/li>\n<\/ol>\n<\/li>\n<\/ol>\n<p>&nbsp;<\/p>\n","protected":false},"excerpt":{"rendered":"<p>Der Materialdialog gliedert sich in drei Abschnitte, welche Sie \u00fcber die Karteikartenreiter oben wechseln k\u00f6nnen: Materialeigenschaften:\u00a0zur Bearbeitung des gerade angew\u00e4hlten Projektmaterials Eigene Materialien: zur Verwaltung von eigenen Materialien Materialdatenbank: f\u00fcr den Zugriff auf die HTflux Materialdatenbank Materialeigenschaften \u00e4ndern Auf dem ersten Reiter k\u00f6nnen Sie Materialeigenschaften des in der Liste links selektierten Projektmaterials bearbeiten. Mit den [&hellip;]<\/p>\n","protected":false},"author":2,"featured_media":0,"parent":709,"menu_order":0,"comment_status":"open","ping_status":"open","template":"pageTemp-userGuide_NEW.php","meta":{"footnotes":""},"class_list":["post-1722","page","type-page","status-publish","hentry"],"_links":{"self":[{"href":"https:\/\/www.htflux.com\/de\/wp-json\/wp\/v2\/pages\/1722","targetHints":{"allow":["GET"]}}],"collection":[{"href":"https:\/\/www.htflux.com\/de\/wp-json\/wp\/v2\/pages"}],"about":[{"href":"https:\/\/www.htflux.com\/de\/wp-json\/wp\/v2\/types\/page"}],"author":[{"embeddable":true,"href":"https:\/\/www.htflux.com\/de\/wp-json\/wp\/v2\/users\/2"}],"replies":[{"embeddable":true,"href":"https:\/\/www.htflux.com\/de\/wp-json\/wp\/v2\/comments?post=1722"}],"version-history":[{"count":11,"href":"https:\/\/www.htflux.com\/de\/wp-json\/wp\/v2\/pages\/1722\/revisions"}],"predecessor-version":[{"id":1766,"href":"https:\/\/www.htflux.com\/de\/wp-json\/wp\/v2\/pages\/1722\/revisions\/1766"}],"up":[{"embeddable":true,"href":"https:\/\/www.htflux.com\/de\/wp-json\/wp\/v2\/pages\/709"}],"wp:attachment":[{"href":"https:\/\/www.htflux.com\/de\/wp-json\/wp\/v2\/media?parent=1722"}],"curies":[{"name":"wp","href":"https:\/\/api.w.org\/{rel}","templated":true}]}}