{"id":1751,"date":"2016-04-01T16:56:18","date_gmt":"2016-04-01T14:56:18","guid":{"rendered":"http:\/\/www.htflux.com\/de\/?page_id=1751"},"modified":"2016-04-13T15:53:06","modified_gmt":"2016-04-13T13:53:06","slug":"physikalische-eigenschaften-eines-materials","status":"publish","type":"page","link":"https:\/\/www.htflux.com\/de\/documentation\/anlegen-und-zuweisen-von-materialien\/physikalische-eigenschaften-eines-materials\/","title":{"rendered":"Physikalische Eigenschaften eines Materials"},"content":{"rendered":"<h1>Physikalische Eigenschaften eines Materials<\/h1>\n<h2><strong>Die W\u00e4rmeleitf\u00e4higkeit \u03bb<\/strong><\/h2>\n<p>Die W\u00e4rmeleitf\u00e4higkeit beschreibt das Verm\u00f6gen eines Materials W\u00e4rme zu leiten.\u00a0 F\u00fcr die meisten Andwendungen wird vereinfachend angenommen, dass die Gr\u00f6\u00dfe konstant ist und damit mit einem einfachen Zahlenwert beschreiben werden kann. Die SI Einheit dieser Gr\u00f6\u00dfe ist <em>W\/mK.<\/em> Die W\u00e4rmeleitf\u00e4higkeit beschreibt damit den W\u00e4rmestrom, welcher durch eine 1 Meter dicke Schicht flie\u00dft, wenn eine Temperatudifferenz von einem Grad Kelvin (bzw. \u00b0C) anliegt.<br \/>\nF\u00fcr komplexere Modelle kann auch die Temperaturabh\u00e4ngigkeit des Materials ber\u00fccksichtig werden.<br \/>\nEine Besonderheit stellt die \u00e4quivalente W\u00e4rmeleitf\u00e4higkeit einer Luftschicht da. Hierf\u00fcr existieren in HTflux zwei Modelle, welche den entsprechenden Wert nach den Vorgaben der Normen ISO 6946 und ISO 10077-2 berechnen.<\/p>\n<p>(Anmerkung: HTflux kann auch mit den vorwiegend in den USA gebr\u00e4uchlichen IP-Einheiten arbeiten. In diesem Fall wird W\u00e4rmeleitf\u00e4higkeitsparameter mittels des sogenannten R-Werts mit der Einheit <em>h.ft\u00b2\/BTU.in<\/em> angegeben.)<\/p>\n<h2><strong>Die spezifische W\u00e4rmekapazit\u00e4t c<br \/>\n<\/strong><\/h2>\n<p>Die spezisfische W\u00e4rmekapazit\u00e4t beschreibt die F\u00e4higkeit eines Materials W\u00e4rme zu speichern. In SI Einheiten entspricht sie also jener W\u00e4rmemenge welche n\u00f6tig ist um 1 kg des entsprechenden Materials um ein Grad Kelvin (Celsius) zu erw\u00e4rmen. Die Einheit ist deshalb <em>J\/kg.K<\/em>. Die Angabe eines korrekten Werts f\u00fcr die spezifische W\u00e4rme ist in HTflux nur bei der Durchf\u00fchrung von transienten Simulationen oder bei der Berechnung von dynamischen Kennwerte (siehe U-Wert Bestimmung) notwendig. Bei sogenannten stabilen Simulationen (z.B. W\u00e4rmebr\u00fcckenberechnung) oder Glaser 2d-Berechnungen hat die W\u00e4rmekapazit\u00e4t der Materialien keinen Einfluss auf das Ergebnis.<\/p>\n<h2><strong>Der Wasserdampfdiffusionswiderstand\u00a0 \u00b5<br \/>\n<\/strong><\/h2>\n<p>Der Wasserdampfdiffusionswiderstand beschreibt den Widerstand des Baustoffs gegen die Durchdringung von Wasserdampf. Der sogenannte \u00b5-Wert ist dimensionslos (&#8222;besitzt die Einheit 1&#8220;), da er das Verh\u00e4ltnis des Diffusionswiderstand des Baustoffs im Verh\u00e4ltnis zu jenem von unbewegter Luft beschreibt.<\/p>\n<p>Ein \u00b5-Wert von 100 bedeutet, also dass der betreffende Stoff 100 mal dampfdichter ist, als ein Luftraum der selben Dicke. Da Wasserdampfdiffusion in Luft sehr leicht m\u00f6glich ist, kennzeichnen niedrige einstellige Werte ein sehr diffusionsoffenes Material. Beton weist meist einen Wert im Berich von 100 auf, w\u00e4hrend Kunststoffe (PVC, PE, &#8230;) \u00fcblicherweise \u00b5-Werte\u00a0 im Bereich von 10.000 bis 100.000 besitzen. Metalle und Gl\u00e4ser sind in der Regel vollst\u00e4ndig dampfdicht. Dieses Verhalten wird numerisch meist mit einem Wert von 1.000.000 beschrieben. H\u00e4ufig werden f\u00fcr ein Material zwei \u00b5-Werte angegeben. In diesem Fall bezieht sich ein Wert auf das Verhalten des trockenen Materials, w\u00e4hrend der andere jenes des feuchten beschreibt. Die Auswahl welcher Wert der zutreffende ist, muss dann vom Anwender getroffen werden. Bei Bemessungen wird dann in der Regel der ung\u00fcnstigere Werte gew\u00e4hlt (&#8222;sichere Seite&#8220;).<\/p>\n<p>Die Eingabe eines korrekten \u00b5-Werts ist ausschlie\u00dflich f\u00fcr Glaser 2d-Simulationen erforderlich.<\/p>\n<h4>Der sd-Wert<\/h4>\n<p>Bei Dampfbremsen wird h\u00e4ufg wird auch der sd-Werte angegeben. Dieser beschreibt die absolute Dampfdichtheit eines Materials bei gegebener Dicke. Hat eine Dampfbremse einen sd-Wert von 1000, so bedeutet dies, dass die Folie die Dampfdiffusion in gleichem Ausma\u00df hemmt wie eine (theoretische) Luftschicht mit einer Dicke von 1000m. Sie k\u00f6nnen den \u00b5-Wert eines Materials zur Verwendung in HTflux bei gegebenem sd-Wert und gegebener Dicke d somit aus der Beziehung \u00b5=sd\/d errechnen.<\/p>\n<h2><strong>Die Rohdichte \u03c1<\/strong><\/h2>\n<p>Die Rohdichte beschreibt die Masse einer Volumseinheit des Materials. In SI-System ist Einheit der Rohdichte kg\/m\u00b3.<br \/>\nDie hier eingegebne Rohdichte bezieht sich auf die sogenannte Brutto-Rohdichte, das hei\u00dft, dass etwa bei pr\u00f6sem Material oder Sch\u00fcttungen die Lufthohlr\u00e4ume miteingeschlossen werden.<br \/>\nDie korrekte Eingabe der Rohdichte ist nur erforderlich, wenn zeitaufgel\u00f6ste (transiente) thermische Simulationen durchgef\u00fchrt werden, oder wenn dynamisch-thermische Kenngr\u00f6\u00dfen berechnet werden sollen (siehe U-Wert-Tool).<\/p>\n<h2><strong>Welche Eigenschaften sind relevant f\u00fcr meine Simulation?<\/strong><\/h2>\n<p><a href=\"http:\/\/www.htflux.com\/de\/wp-content\/uploads\/sites\/3\/2016\/04\/Thermische-Simulation-Materialparameter.png\" data-rel=\"lightbox-gallery-CCdVsAiK\" data-rl_title=\"\" data-rl_caption=\"\" title=\"\"><img loading=\"lazy\" decoding=\"async\" class=\"alignnone size-full wp-image-1771\" src=\"http:\/\/www.htflux.com\/de\/wp-content\/uploads\/sites\/3\/2016\/04\/Thermische-Simulation-Materialparameter.png\" alt=\"Thermische-Simulation-Materialparameter\" width=\"790\" height=\"255\" srcset=\"https:\/\/www.htflux.com\/de\/wp-content\/uploads\/sites\/3\/2016\/04\/Thermische-Simulation-Materialparameter.png 790w, https:\/\/www.htflux.com\/de\/wp-content\/uploads\/sites\/3\/2016\/04\/Thermische-Simulation-Materialparameter-300x97.png 300w, https:\/\/www.htflux.com\/de\/wp-content\/uploads\/sites\/3\/2016\/04\/Thermische-Simulation-Materialparameter-667x215.png 667w, https:\/\/www.htflux.com\/de\/wp-content\/uploads\/sites\/3\/2016\/04\/Thermische-Simulation-Materialparameter-325x105.png 325w, https:\/\/www.htflux.com\/de\/wp-content\/uploads\/sites\/3\/2016\/04\/Thermische-Simulation-Materialparameter-100x32.png 100w\" sizes=\"auto, (max-width: 790px) 100vw, 790px\" \/><\/a><\/p>\n<p>&nbsp;<\/p>\n<p>&nbsp;<\/p>\n","protected":false},"excerpt":{"rendered":"<p>Physikalische Eigenschaften eines Materials Die W\u00e4rmeleitf\u00e4higkeit \u03bb Die W\u00e4rmeleitf\u00e4higkeit beschreibt das Verm\u00f6gen eines Materials W\u00e4rme zu leiten.\u00a0 F\u00fcr die meisten Andwendungen wird vereinfachend angenommen, dass die Gr\u00f6\u00dfe konstant ist und damit mit einem einfachen Zahlenwert beschreiben werden kann. Die SI Einheit dieser Gr\u00f6\u00dfe ist W\/mK. Die W\u00e4rmeleitf\u00e4higkeit beschreibt damit den W\u00e4rmestrom, welcher durch eine 1 [&hellip;]<\/p>\n","protected":false},"author":2,"featured_media":0,"parent":709,"menu_order":0,"comment_status":"open","ping_status":"open","template":"pageTemp-userGuide_NEW.php","meta":{"footnotes":""},"class_list":["post-1751","page","type-page","status-publish","hentry"],"_links":{"self":[{"href":"https:\/\/www.htflux.com\/de\/wp-json\/wp\/v2\/pages\/1751","targetHints":{"allow":["GET"]}}],"collection":[{"href":"https:\/\/www.htflux.com\/de\/wp-json\/wp\/v2\/pages"}],"about":[{"href":"https:\/\/www.htflux.com\/de\/wp-json\/wp\/v2\/types\/page"}],"author":[{"embeddable":true,"href":"https:\/\/www.htflux.com\/de\/wp-json\/wp\/v2\/users\/2"}],"replies":[{"embeddable":true,"href":"https:\/\/www.htflux.com\/de\/wp-json\/wp\/v2\/comments?post=1751"}],"version-history":[{"count":11,"href":"https:\/\/www.htflux.com\/de\/wp-json\/wp\/v2\/pages\/1751\/revisions"}],"predecessor-version":[{"id":1799,"href":"https:\/\/www.htflux.com\/de\/wp-json\/wp\/v2\/pages\/1751\/revisions\/1799"}],"up":[{"embeddable":true,"href":"https:\/\/www.htflux.com\/de\/wp-json\/wp\/v2\/pages\/709"}],"wp:attachment":[{"href":"https:\/\/www.htflux.com\/de\/wp-json\/wp\/v2\/media?parent=1751"}],"curies":[{"name":"wp","href":"https:\/\/api.w.org\/{rel}","templated":true}]}}