{"id":1774,"date":"2016-04-10T22:53:18","date_gmt":"2016-04-10T20:53:18","guid":{"rendered":"http:\/\/www.htflux.com\/de\/?page_id=1774"},"modified":"2016-04-10T23:30:26","modified_gmt":"2016-04-10T21:30:26","slug":"ebenenkonzept","status":"publish","type":"page","link":"https:\/\/www.htflux.com\/de\/documentation\/ebenenkonzept\/","title":{"rendered":"Das Ebenenkonzept"},"content":{"rendered":"<h2>Das Ebenenkonzept<\/h2>\n<p>Das Ebenenkonzept ist wesentlicher Bestandteil bei HTflux und ist sowohl beim Zeichnen als auch beim Simulieren von gro\u00dfer Relevanz. Folgende Grundregel gilt:<\/p>\n<ul>\n<li><strong>Objekte im Baum, die weiter oben angeordnet sind, verdecken darunterligende Objekte.<\/strong><\/li>\n<\/ul>\n<p>Die Objekte k\u00f6nnen dabei per <em>drag &amp; drop<\/em> beim Objektfenster umsortiert werden. Dies erm\u00f6glicht eine effektive Geometriegenerierung und -bearbeitung. Eine ausf\u00fchrlichere Beschreibung dazu findet sich auch unter dem Men\u00fcpunkt <a title=\"Der Projektmanager\" href=\"http:\/\/www.htflux.com\/de\/documentation\/benutzeroberflaeche\/der-projektmanager\/\">Projektmanager<\/a>.<\/p>\n<p><a href=\"http:\/\/www.htflux.com\/de\/wp-content\/uploads\/sites\/3\/2016\/04\/htflux-ebenenkonzept1.gif\" data-rel=\"lightbox-gallery-ZLio1Jb2\" data-rl_title=\"\" data-rl_caption=\"\" title=\"\"><img loading=\"lazy\" decoding=\"async\" class=\"alignnone size-full wp-image-1776\" src=\"http:\/\/www.htflux.com\/de\/wp-content\/uploads\/sites\/3\/2016\/04\/htflux-ebenenkonzept1.gif\" alt=\"htflux-ebenenkonzept\" width=\"800\" height=\"516\" \/><\/a><br \/>\n<i><\/i><\/p>\n<p>&nbsp;<\/p>\n<p><strong>\u00a0<\/strong><\/p>\n","protected":false},"excerpt":{"rendered":"<p>Das Ebenenkonzept Das Ebenenkonzept ist wesentlicher Bestandteil bei HTflux und ist sowohl beim Zeichnen als auch beim Simulieren von gro\u00dfer Relevanz. Folgende Grundregel gilt: Objekte im Baum, die weiter oben angeordnet sind, verdecken darunterligende Objekte. Die Objekte k\u00f6nnen dabei per drag &amp; drop beim Objektfenster umsortiert werden. Dies erm\u00f6glicht eine effektive Geometriegenerierung und -bearbeitung. Eine [&hellip;]<\/p>\n","protected":false},"author":1,"featured_media":0,"parent":837,"menu_order":11,"comment_status":"open","ping_status":"open","template":"pageTemp-userGuide_NEW.php","meta":{"footnotes":""},"class_list":["post-1774","page","type-page","status-publish","hentry"],"_links":{"self":[{"href":"https:\/\/www.htflux.com\/de\/wp-json\/wp\/v2\/pages\/1774","targetHints":{"allow":["GET"]}}],"collection":[{"href":"https:\/\/www.htflux.com\/de\/wp-json\/wp\/v2\/pages"}],"about":[{"href":"https:\/\/www.htflux.com\/de\/wp-json\/wp\/v2\/types\/page"}],"author":[{"embeddable":true,"href":"https:\/\/www.htflux.com\/de\/wp-json\/wp\/v2\/users\/1"}],"replies":[{"embeddable":true,"href":"https:\/\/www.htflux.com\/de\/wp-json\/wp\/v2\/comments?post=1774"}],"version-history":[{"count":6,"href":"https:\/\/www.htflux.com\/de\/wp-json\/wp\/v2\/pages\/1774\/revisions"}],"predecessor-version":[{"id":1785,"href":"https:\/\/www.htflux.com\/de\/wp-json\/wp\/v2\/pages\/1774\/revisions\/1785"}],"up":[{"embeddable":true,"href":"https:\/\/www.htflux.com\/de\/wp-json\/wp\/v2\/pages\/837"}],"wp:attachment":[{"href":"https:\/\/www.htflux.com\/de\/wp-json\/wp\/v2\/media?parent=1774"}],"curies":[{"name":"wp","href":"https:\/\/api.w.org\/{rel}","templated":true}]}}