{"id":1812,"date":"2016-04-17T19:28:32","date_gmt":"2016-04-17T17:28:32","guid":{"rendered":"http:\/\/www.htflux.com\/de\/?page_id=1812"},"modified":"2016-04-17T20:29:04","modified_gmt":"2016-04-17T18:29:04","slug":"objekte-modifizieren","status":"publish","type":"page","link":"https:\/\/www.htflux.com\/de\/documentation\/zeichnen\/objekte-modifizieren\/","title":{"rendered":"Objekte modifizieren"},"content":{"rendered":"<h2>Objekte\u00a0modifizieren<\/h2>\n<p><a href=\"http:\/\/www.htflux.com\/de\/wp-content\/uploads\/sites\/3\/2016\/04\/Objekte-modifizieren.jpg\" data-rel=\"lightbox-gallery-UmPjYeNs\" data-rl_title=\"\" data-rl_caption=\"\" title=\"\"><img loading=\"lazy\" decoding=\"async\" class=\"alignnone size-full wp-image-1817\" src=\"http:\/\/www.htflux.com\/de\/wp-content\/uploads\/sites\/3\/2016\/04\/Objekte-modifizieren.jpg\" alt=\"Objekte-modifizieren\" width=\"849\" height=\"121\" srcset=\"https:\/\/www.htflux.com\/de\/wp-content\/uploads\/sites\/3\/2016\/04\/Objekte-modifizieren.jpg 849w, https:\/\/www.htflux.com\/de\/wp-content\/uploads\/sites\/3\/2016\/04\/Objekte-modifizieren-300x43.jpg 300w, https:\/\/www.htflux.com\/de\/wp-content\/uploads\/sites\/3\/2016\/04\/Objekte-modifizieren-667x95.jpg 667w, https:\/\/www.htflux.com\/de\/wp-content\/uploads\/sites\/3\/2016\/04\/Objekte-modifizieren-325x46.jpg 325w, https:\/\/www.htflux.com\/de\/wp-content\/uploads\/sites\/3\/2016\/04\/Objekte-modifizieren-100x14.jpg 100w\" sizes=\"auto, (max-width: 849px) 100vw, 849px\" \/><\/a><\/p>\n<h3>Die Bearbeitungswerkzeuge<\/h3>\n<p>Um Objekte zu bearbeiten k\u00f6nnen\u00a0im ZEICHNEN-Reiter folgende Werkzeuge verwendet werden:<\/p>\n<table>\n<tbody>\n<tr>\n<td style=\"width: 50px\"><a href=\"http:\/\/www.htflux.com\/de\/wp-content\/uploads\/sites\/3\/2016\/04\/Objekte-modifizieren_Bewegen.jpg\" data-rel=\"lightbox-gallery-UmPjYeNs\" data-rl_title=\"\" data-rl_caption=\"\" title=\"\"><img loading=\"lazy\" decoding=\"async\" class=\"alignnone size-full wp-image-1819\" src=\"http:\/\/www.htflux.com\/de\/wp-content\/uploads\/sites\/3\/2016\/04\/Objekte-modifizieren_Bewegen.jpg\" alt=\"Objekte-modifizieren_Bewegen\" width=\"50\" height=\"68\" \/><\/a><\/td>\n<td style=\"vertical-align: middle;\"><strong>Tool zum Bewegen von Objekten.<\/strong><br \/>\nMittels der Spezialeingaben <span class=\"highlight-input\">V<\/span> und <span class=\"highlight-input\">H<\/span>\u00a0in der Kommandozeile kann das Objekt entweder nur vertikal oder nur horizontal bewegt werden.<\/td>\n<\/tr>\n<tr>\n<td><a href=\"http:\/\/www.htflux.com\/de\/wp-content\/uploads\/sites\/3\/2016\/04\/Objekte-modifizieren_Skalieren.jpg\" data-rel=\"lightbox-gallery-UmPjYeNs\" data-rl_title=\"\" data-rl_caption=\"\" title=\"\"><img loading=\"lazy\" decoding=\"async\" class=\"alignnone size-full wp-image-1822\" src=\"http:\/\/www.htflux.com\/de\/wp-content\/uploads\/sites\/3\/2016\/04\/Objekte-modifizieren_Skalieren.jpg\" alt=\"Objekte-modifizieren_Skalieren\" width=\"50\" height=\"68\" \/><\/a><\/td>\n<td style=\"vertical-align: middle;\"><strong>Tool zum Skalieren von Objekten<\/strong><\/td>\n<\/tr>\n<tr>\n<td><a href=\"http:\/\/www.htflux.com\/de\/wp-content\/uploads\/sites\/3\/2016\/04\/Objekte-modifizieren_Rotieren.jpg\" data-rel=\"lightbox-gallery-UmPjYeNs\" data-rl_title=\"\" data-rl_caption=\"\" title=\"\"><img loading=\"lazy\" decoding=\"async\" class=\"alignnone size-full wp-image-1821\" src=\"http:\/\/www.htflux.com\/de\/wp-content\/uploads\/sites\/3\/2016\/04\/Objekte-modifizieren_Rotieren.jpg\" alt=\"Objekte-modifizieren_Rotieren\" width=\"50\" height=\"68\" \/><\/a><\/td>\n<td style=\"vertical-align: middle;\"><strong>Tool zum Rotieren von Objekten<\/strong><\/td>\n<\/tr>\n<tr>\n<td><a href=\"http:\/\/www.htflux.com\/de\/wp-content\/uploads\/sites\/3\/2016\/04\/Objekte-modifizieren_Kopieren.jpg\" data-rel=\"lightbox-gallery-UmPjYeNs\" data-rl_title=\"\" data-rl_caption=\"\" title=\"\"><img loading=\"lazy\" decoding=\"async\" class=\"alignnone size-full wp-image-1820\" src=\"http:\/\/www.htflux.com\/de\/wp-content\/uploads\/sites\/3\/2016\/04\/Objekte-modifizieren_Kopieren.jpg\" alt=\"Objekte-modifizieren_Kopieren\" width=\"50\" height=\"68\" \/><\/a><\/td>\n<td style=\"vertical-align: middle;\"><strong>Tool zum Kopieren von Objekten<\/strong><br \/>\nMittels der Spezialeingaben <span class=\"highlight-input\">V<\/span> und <span class=\"highlight-input\">H<\/span>\u00a0in der Kommandozeile kann das Objekt entweder nur vertikal oder nur horizontal kopiert\u00a0werden.<br \/>\nDas Kopieren ist mehrmals hintereinander mit der <span class=\"highlight-input\">RETURN<\/span>-Taste m\u00f6glich.<\/td>\n<\/tr>\n<tr>\n<td><a href=\"http:\/\/www.htflux.com\/de\/wp-content\/uploads\/sites\/3\/2016\/04\/Objekte-modifizieren_Spiegeln.jpg\" data-rel=\"lightbox-gallery-UmPjYeNs\" data-rl_title=\"\" data-rl_caption=\"\" title=\"\"><img loading=\"lazy\" decoding=\"async\" class=\"alignnone size-full wp-image-1823\" src=\"http:\/\/www.htflux.com\/de\/wp-content\/uploads\/sites\/3\/2016\/04\/Objekte-modifizieren_Spiegeln.jpg\" alt=\"Objekte-modifizieren_Spiegeln\" width=\"50\" height=\"68\" \/><\/a><\/td>\n<td style=\"vertical-align: middle;\"><strong>Tool zum Spiegeln von Objekten<\/strong><\/td>\n<\/tr>\n<\/tbody>\n<\/table>\n<h3>Grundlegendes zum Modifizieren von Objekten<\/h3>\n<ol>\n<li>Das Objekt muss zuerst mit dem Auswahlwerkzeug\u00a0<a href=\"http:\/\/www.htflux.com\/de\/wp-content\/uploads\/sites\/3\/2016\/04\/Auswahlwerkzeug.jpg\" data-rel=\"lightbox-gallery-UmPjYeNs\" data-rl_title=\"\" data-rl_caption=\"\" title=\"\"><img loading=\"lazy\" decoding=\"async\" class=\"alignnone size-full wp-image-1828\" src=\"http:\/\/www.htflux.com\/de\/wp-content\/uploads\/sites\/3\/2016\/04\/Auswahlwerkzeug.jpg\" alt=\"Auswahlwerkzeug\" width=\"90\" height=\"22\" \/><\/a>\u00a0(links oben im START- und ZEICHNEN-Reiter) ausgew\u00e4hlt werden, danach das entsprechende Modifizieren-Werkzeug ausw\u00e4hlen<\/li>\n<li>Es k\u00f6nnen auch mehrere Objekte auf einmal ausgew\u00e4hlt und gleichzeitig bearbeitet werden<\/li>\n<li>Nach der Auswahl des Modifizieren-Werkzeugs muss ein <strong>Referenzpunkt<\/strong> gew\u00e4hlt werden, der entweder \u00fcber die Mauseingabe oder \u00fcber die Eingabe von absoluten(<span class=\"highlight-input\">[x;y]<\/span>) oder relativen (<span class=\"highlight-input\">[R x;y]<\/span>) Koordinaten in der Kommandozeile erfolgt. Dieser Referenzpunkt erleichtert das Modifizieren und die exakte Ausrichtung der bearbeiteten Objekte.<\/li>\n<li>Danach kann das Objekt modifiziert werden; das kann \u2013 wie gewohnt \u2013 entweder \u00fcber die Mauseingabe (mit Hilfe der Fangtools) erfolgen oder mittels Eingaben in der Kommandozeile.<\/li>\n<li>Abgeschlossen wird jede Modifikation mit der <span class=\"highlight-input\">RETURN<\/span>-Taste<\/li>\n<li>Das ausgew\u00e4hlte Modifizieren-Werkzeug bleibt auch nach der abgeschlossenen Modifikation aktiv, um weitere Objekte bearbeiten zu k\u00f6nnen. Mit der <span class=\"highlight-input\">ESCAPE<\/span>-Taste, verlassen sie den ausgew\u00e4hlten Modifizieren-Modus und wechseln in den Auswahlmodus zur\u00fcck.<\/li>\n<\/ol>\n","protected":false},"excerpt":{"rendered":"<p>Objekte\u00a0modifizieren Die Bearbeitungswerkzeuge Um Objekte zu bearbeiten k\u00f6nnen\u00a0im ZEICHNEN-Reiter folgende Werkzeuge verwendet werden: Tool zum Bewegen von Objekten. Mittels der Spezialeingaben V und H\u00a0in der Kommandozeile kann das Objekt entweder nur vertikal oder nur horizontal bewegt werden. Tool zum Skalieren von Objekten Tool zum Rotieren von Objekten Tool zum Kopieren von Objekten Mittels der Spezialeingaben [&hellip;]<\/p>\n","protected":false},"author":1,"featured_media":0,"parent":610,"menu_order":2,"comment_status":"open","ping_status":"open","template":"pageTemp-userGuide_NEW.php","meta":{"footnotes":""},"class_list":["post-1812","page","type-page","status-publish","hentry"],"_links":{"self":[{"href":"https:\/\/www.htflux.com\/de\/wp-json\/wp\/v2\/pages\/1812","targetHints":{"allow":["GET"]}}],"collection":[{"href":"https:\/\/www.htflux.com\/de\/wp-json\/wp\/v2\/pages"}],"about":[{"href":"https:\/\/www.htflux.com\/de\/wp-json\/wp\/v2\/types\/page"}],"author":[{"embeddable":true,"href":"https:\/\/www.htflux.com\/de\/wp-json\/wp\/v2\/users\/1"}],"replies":[{"embeddable":true,"href":"https:\/\/www.htflux.com\/de\/wp-json\/wp\/v2\/comments?post=1812"}],"version-history":[{"count":11,"href":"https:\/\/www.htflux.com\/de\/wp-json\/wp\/v2\/pages\/1812\/revisions"}],"predecessor-version":[{"id":1842,"href":"https:\/\/www.htflux.com\/de\/wp-json\/wp\/v2\/pages\/1812\/revisions\/1842"}],"up":[{"embeddable":true,"href":"https:\/\/www.htflux.com\/de\/wp-json\/wp\/v2\/pages\/610"}],"wp:attachment":[{"href":"https:\/\/www.htflux.com\/de\/wp-json\/wp\/v2\/media?parent=1812"}],"curies":[{"name":"wp","href":"https:\/\/api.w.org\/{rel}","templated":true}]}}