{"id":1871,"date":"2016-04-27T22:44:19","date_gmt":"2016-04-27T20:44:19","guid":{"rendered":"http:\/\/www.htflux.com\/de\/?page_id=1871"},"modified":"2017-07-17T14:05:33","modified_gmt":"2017-07-17T12:05:33","slug":"objekte-importieren-exportieren","status":"publish","type":"page","link":"https:\/\/www.htflux.com\/de\/documentation\/zeichnen\/objekte-importieren-exportieren\/","title":{"rendered":"Objekte importieren\/exportieren"},"content":{"rendered":"<h2>Objekte importieren und Objekte exportieren<\/h2>\n<p>Mit HTflux k\u00f6nnen sie sehr einfach Objekte exportieren, um sie in anderen Projekten oder zu einem sp\u00e4teren Zeitpunkt wiederzuverwenden. Dabei wird nicht nur die Geometrie exportiert (bzw. importiert), sondern auch die mit den Objekten verkn\u00fcpften Materialien. Dies erm\u00f6glicht eine sehr effiziente Arbeitsweise, um wiederkehrende, komplexe Bauteile zu erstellen.<br \/>\nExportierte Objekte werden in einem propriet\u00e4ren HTflux-Format gespeichert und besitzen die Dateiendung *.htg.<\/p>\n<h3>Objekte importieren<\/h3>\n<p><a href=\"http:\/\/www.htflux.com\/de\/wp-content\/uploads\/sites\/3\/2016\/04\/Zeichnen-Objekte-importieren.png\" data-rel=\"lightbox-gallery-fSiy7vT6\" data-rl_title=\"\" data-rl_caption=\"\" title=\"\"><img loading=\"lazy\" decoding=\"async\" class=\"alignnone size-full wp-image-1872\" src=\"http:\/\/www.htflux.com\/de\/wp-content\/uploads\/sites\/3\/2016\/04\/Zeichnen-Objekte-importieren.png\" alt=\"Icon im Zeichnen-Reiter zum importieren von Objekten\" width=\"54\" height=\"72\" \/><\/a><\/p>\n<p>Um ein Objekt zu importieren, f\u00fchren Sie folgende Schritte aus:<\/p>\n<ul>\n<li>Klick auf Button &#8222;Objekte importieren&#8220; am ZEICHNEN-Reiter<\/li>\n<li>Im sich \u00f6ffnenden Dateiauswahlfenster, die gew\u00fcnschte Objektgruppe\u00a0 mit der Endung *.htg anw\u00e4hlen und best\u00e4tigen<\/li>\n<li>Die Objektgruppe wird in einer Vorschau mit der Drahtgitteransicht angezeigt.<\/li>\n<li>Die gew\u00fcnschte Platzierung w\u00e4hlen (es kann auch mit der Kommandozeile gearbeitet werden)<\/li>\n<li>mit der RETURN-Taste Platzierung best\u00e4tigen<\/li>\n<li>optional: verwenden Sie die <a title=\"St\u00fctzpunkte modifizieren\" href=\"http:\/\/www.htflux.com\/de\/documentation\/zeichnen\/stuetzpunkte-modifizieren\/\">St\u00fctzpunkte modifizieren<\/a> Funktion um das Objekt an Ihr Projekt anzupassen.<\/li>\n<\/ul>\n<p>Anmerkungen:<\/p>\n<ul>\n<li>beim Exportieren wird f\u00fcr jeden Objekt ein geeigneter Referenzpunkt definiert. Mittels diesem k\u00f6nnen Sie das Objekt beim Import genau plazieren.<\/li>\n<li>HTflux installiert einige hilfreiche vordefinierte Objekte (Fensterrahmen, Heizungsrohre etc.) mit. Um rasch zu diesen zu gelangen geben Sie bei Dateiauswahl bitte den folgenden Pfad ein: <strong>%programdata%\\htflux\\demo<\/strong><\/li>\n<\/ul>\n<p>&nbsp;<\/p>\n<p>Ein kurzes Video zeigt den Importprozess:<\/p>\n<div class=\"epyt-video-wrapper\"><iframe loading=\"lazy\"  id=\"_ytid_44466\"  width=\"480\" height=\"360\"  data-origwidth=\"480\" data-origheight=\"360\" src=\"https:\/\/www.youtube.com\/embed\/PteDHVbjONk?enablejsapi=1&rel=0&autoplay=0&cc_load_policy=0&cc_lang_pref=&iv_load_policy=1&loop=0&fs=1&playsinline=0&autohide=2&theme=dark&color=red&controls=1&\" class=\"__youtube_prefs__  no-lazyload\" title=\"YouTube player\"  allow=\"fullscreen; accelerometer; autoplay; clipboard-write; encrypted-media; gyroscope; picture-in-picture\" allowfullscreen data-no-lazy=\"1\" data-skipgform_ajax_framebjll=\"\"><\/iframe><\/div>\n<h3>Objekte exportieren<\/h3>\n<p>Um ein Objekt bzw. Objektgruppe zu exportieren, f\u00fchren Sie folgende Schritte aus:<\/p>\n<ul>\n<li>Selektion der gew\u00fcnschten Objekte<\/li>\n<li>Im <a title=\"Der Projektmanager\" href=\"http:\/\/www.htflux.com\/de\/documentation\/benutzeroberflaeche\/der-projektmanager\/\">Projektmanager <\/a>die selektierten Objekte mit der rechten Maustaste anw\u00e4hlen<\/li>\n<li>Im sich \u00f6ffnenden Kontextmen\u00fc &#8222;Neue Gruppe erstellen&#8220; ausw\u00e4hlen<\/li>\n<li>Die neue erstellte Gruppe anw\u00e4hlen, mit rechter Maustaste das Kontextmen\u00fc \u00f6ffnen und &#8222;Gruppe exportieren&#8220; ausw\u00e4hlen<\/li>\n<li>Danach einen Referenzpunkt ausw\u00e4hlen<br \/>\n<em>Hinweis: w\u00e4hlen Sie einen geeigneten Referenzpunkt aus (z.B. Eckpunkte), dies kann den Import erheblich vereinfachen.<\/em><\/li>\n<li>Im Dateidialog einen Namen f\u00fcr die exportierte Objektgruppe w\u00e4hlen<\/li>\n<\/ul>\n<p>Ein kurzes Video zeigt den Exportprozess:<\/p>\n<div class=\"epyt-video-wrapper\"><iframe loading=\"lazy\"  id=\"_ytid_26991\"  width=\"480\" height=\"270\"  data-origwidth=\"480\" data-origheight=\"270\" src=\"https:\/\/www.youtube.com\/embed\/iTiB0dSEOOQ?enablejsapi=1&rel=0&autoplay=0&cc_load_policy=0&cc_lang_pref=&iv_load_policy=1&loop=0&fs=1&playsinline=0&autohide=2&theme=dark&color=red&controls=1&\" class=\"__youtube_prefs__  no-lazyload\" title=\"YouTube player\"  allow=\"fullscreen; accelerometer; autoplay; clipboard-write; encrypted-media; gyroscope; picture-in-picture\" allowfullscreen data-no-lazy=\"1\" data-skipgform_ajax_framebjll=\"\"><\/iframe><\/div>\n<p>&nbsp;<\/p>\n","protected":false},"excerpt":{"rendered":"<p>Objekte importieren und Objekte exportieren Mit HTflux k\u00f6nnen sie sehr einfach Objekte exportieren, um sie in anderen Projekten oder zu einem sp\u00e4teren Zeitpunkt wiederzuverwenden. Dabei wird nicht nur die Geometrie exportiert (bzw. importiert), sondern auch die mit den Objekten verkn\u00fcpften Materialien. Dies erm\u00f6glicht eine sehr effiziente Arbeitsweise, um wiederkehrende, komplexe Bauteile zu erstellen. Exportierte Objekte [&hellip;]<\/p>\n","protected":false},"author":1,"featured_media":0,"parent":610,"menu_order":2,"comment_status":"open","ping_status":"open","template":"pageTemp-userGuide_NEW.php","meta":{"footnotes":""},"class_list":["post-1871","page","type-page","status-publish","hentry"],"_links":{"self":[{"href":"https:\/\/www.htflux.com\/de\/wp-json\/wp\/v2\/pages\/1871","targetHints":{"allow":["GET"]}}],"collection":[{"href":"https:\/\/www.htflux.com\/de\/wp-json\/wp\/v2\/pages"}],"about":[{"href":"https:\/\/www.htflux.com\/de\/wp-json\/wp\/v2\/types\/page"}],"author":[{"embeddable":true,"href":"https:\/\/www.htflux.com\/de\/wp-json\/wp\/v2\/users\/1"}],"replies":[{"embeddable":true,"href":"https:\/\/www.htflux.com\/de\/wp-json\/wp\/v2\/comments?post=1871"}],"version-history":[{"count":10,"href":"https:\/\/www.htflux.com\/de\/wp-json\/wp\/v2\/pages\/1871\/revisions"}],"predecessor-version":[{"id":2287,"href":"https:\/\/www.htflux.com\/de\/wp-json\/wp\/v2\/pages\/1871\/revisions\/2287"}],"up":[{"embeddable":true,"href":"https:\/\/www.htflux.com\/de\/wp-json\/wp\/v2\/pages\/610"}],"wp:attachment":[{"href":"https:\/\/www.htflux.com\/de\/wp-json\/wp\/v2\/media?parent=1871"}],"curies":[{"name":"wp","href":"https:\/\/api.w.org\/{rel}","templated":true}]}}