{"id":1890,"date":"2016-05-06T13:50:59","date_gmt":"2016-05-06T11:50:59","guid":{"rendered":"http:\/\/www.htflux.com\/de\/?page_id=1890"},"modified":"2016-10-12T17:16:23","modified_gmt":"2016-10-12T15:16:23","slug":"messtools","status":"publish","type":"page","link":"https:\/\/www.htflux.com\/de\/documentation\/messtools\/","title":{"rendered":"Messtools"},"content":{"rendered":"<h1>Messtools<\/h1>\n<p>Sie finden die automatischen Messtools von HTflux im Men\u00fcband unter dem Reiter &#8222;Messungen&#8220;. Die Messtools erlauben es ihnen auf einfache Weise diverse physikalische Messgr\u00f6\u00dfen in ihrer Simulation zu bestimmen. Derzeit stehen die folgenden Messfunktionen zur Verf\u00fcgung:<\/p>\n<table>\n<tbody>\n<tr>\n<td align=\"right\" width=\"120\"><a title=\"W\u00e4rmestrom Tool\" href=\"http:\/\/www.htflux.com\/de\/documentation\/messtools\/waermestrom-messung\/\"><img loading=\"lazy\" decoding=\"async\" class=\" size-full wp-image-1902 alignright\" src=\"http:\/\/www.htflux.com\/de\/wp-content\/uploads\/sites\/3\/2016\/05\/W\u00e4rmestrom-Messung-Button.png\" alt=\"W\u00e4rmestrom-Messung-Button\" width=\"55\" height=\"68\" \/><\/a><\/td>\n<td><a title=\"W\u00e4rmestrom Tool\" href=\"http:\/\/www.htflux.com\/de\/documentation\/messtools\/waermestrom-messung\/\"><strong>W\u00e4rmestrom <\/strong><\/a><br \/>\nMit diesem Tool kann der W\u00e4rmestrom durch eine innere oder \u00e4u\u00dfere Oberfl\u00e4che in einem spezifizierten Bereich gemessen werden.<\/td>\n<\/tr>\n<tr>\n<td align=\"right\" width=\"120\"><a title=\"Oberfl\u00e4chentemperatur Tool\" href=\"http:\/\/www.htflux.com\/de\/documentation\/messtools\/oberflaechentemperatur-bestimmung\/\"><img loading=\"lazy\" decoding=\"async\" class=\" size-full wp-image-1901 alignright\" src=\"http:\/\/www.htflux.com\/de\/wp-content\/uploads\/sites\/3\/2016\/05\/Oberflaechentemperatur-Messung-Button.png\" alt=\"Oberflaechentemperatur-Messung-Button\" width=\"55\" height=\"68\" \/><\/a><\/td>\n<td><a title=\"Oberfl\u00e4chentemperatur Tool\" href=\"http:\/\/www.htflux.com\/de\/documentation\/messtools\/oberflaechentemperatur-bestimmung\/\"><strong>Oberfl\u00e4chentemperatur <\/strong><\/a><br \/>\nDie Funktion ermittelt automatisch Ort und Gr\u00f6\u00dfe der minimalen und maximalen Temperatur einer inneren oder \u00e4u\u00dferen Oberfl\u00e4che in einem spezifizierbaren Bereich.<\/td>\n<\/tr>\n<tr>\n<td align=\"right\" width=\"120\"><a title=\"U-Wert Tool\" href=\"http:\/\/www.htflux.com\/de\/documentation\/messtools\/u-wert-bestimmen\/\"><img loading=\"lazy\" decoding=\"async\" class=\"alignnone size-full wp-image-1900 alignright\" src=\"http:\/\/www.htflux.com\/de\/wp-content\/uploads\/sites\/3\/2016\/05\/U-Wert-sym-Messung-Button.png\" alt=\"U-Wert-sym-Messung-Button\" width=\"55\" height=\"68\" \/> <img loading=\"lazy\" decoding=\"async\" class=\"alignnone size-full wp-image-1899 alignright\" src=\"http:\/\/www.htflux.com\/de\/wp-content\/uploads\/sites\/3\/2016\/05\/U-Wert-asym-Messung-Button.png\" alt=\"U-Wert-asym-Messung-Button\" width=\"55\" height=\"68\" \/><\/a><\/td>\n<td><a title=\"U-Wert Tool\" href=\"http:\/\/www.htflux.com\/de\/documentation\/messtools\/u-wert-bestimmen\/\"><strong>U-Wert<\/strong><\/a><br \/>\nMittels dieser Funktionen kann der W\u00e4rmedurchgangskoeffizient (U-Wert) eines Bauteils bestimmt werden.<br \/>\nZus\u00e4tzlich k\u00f6nnen damit die Schichtfolgen oder die dynamisch-thermischen Kenngr\u00f6\u00dfen ausgegeben werden.<\/td>\n<\/tr>\n<tr>\n<td align=\"right\" width=\"120\">\u00a0<img loading=\"lazy\" decoding=\"async\" class=\"alignnone size-full wp-image-1898 alignright\" src=\"http:\/\/www.htflux.com\/de\/wp-content\/uploads\/sites\/3\/2016\/05\/R-Wert-sym-Messung-Button.png\" alt=\"R-Wert-sym-Messung-Button\" width=\"55\" height=\"68\" \/> <img loading=\"lazy\" decoding=\"async\" class=\"alignnone size-full wp-image-1897 alignright\" src=\"http:\/\/www.htflux.com\/de\/wp-content\/uploads\/sites\/3\/2016\/05\/R-Wert-asym-Messung-Button.png\" alt=\"R-Wert-asym-Messung-Button\" width=\"55\" height=\"68\" \/><\/td>\n<td><strong>R<\/strong><strong>-Wert<\/strong><br \/>\nMittels dieser Funktionen kann der W\u00e4rmedurchgangswiderstand (R-Wert) eines Bauteils bestimmt werden.<br \/>\nZus\u00e4tzlich k\u00f6nnen damit die Schichtfolgen oder die dynamisch-thermischen Kenngr\u00f6\u00dfen ausgegeben werden.<\/td>\n<\/tr>\n<tr>\n<td align=\"right\" width=\"120\"><img loading=\"lazy\" decoding=\"async\" class=\" size-full wp-image-1896 alignright\" src=\"http:\/\/www.htflux.com\/de\/wp-content\/uploads\/sites\/3\/2016\/05\/PSI-Wert-Messung-Button.png\" alt=\"PSI-Wert-Messung-Button\" width=\"55\" height=\"68\" \/><\/td>\n<td><strong>\u03a8-Wert<\/strong><br \/>\nMit dieser Funktion kann der l\u00e4ngenbezogene W\u00e4rmedurchgangskoeffizient (PSI-Wert) einer W\u00e4rmebr\u00fccke automatisch ermittelt werden.<\/td>\n<\/tr>\n<tr>\n<td align=\"right\" width=\"120\"><img loading=\"lazy\" decoding=\"async\" class=\" size-full wp-image-1895 alignright\" src=\"http:\/\/www.htflux.com\/de\/wp-content\/uploads\/sites\/3\/2016\/05\/Kondensatmenge-Messung-Button.png\" alt=\"Kondensatmenge-Messung-Button\" width=\"55\" height=\"68\" \/><\/td>\n<td><strong>Kondensatmenge<\/strong><br \/>\nDieses Tool dient zur Ermittlung der t\u00e4glichen Kondensatmenge in einem definierbaren Bereich der Glaser 2d-Simulation.<\/td>\n<\/tr>\n<\/tbody>\n<\/table>\n<p>&nbsp;<\/p>\n<p>Alle Messfunktionen teilen sich die folgenden Funktionalit\u00e4ten:<\/p>\n<h2>Messtool-Eigenschaften Dialog<\/h2>\n<p>Jedes Messtool verf\u00fcgt \u00fcber einen spezifischen Eigenschaften-Dialog in welchem unterschiedliche Einstellungen bez\u00fcglich der Berechnung und Ausgaben der Messung getroffen werden k\u00f6nnen. Sie k\u00f6nnen diesen Dialog auf zwei unterschiedlichen Arten \u00f6ffnen:<\/p>\n<ol>\n<li>mittels Doppelklick auf den Eintrag des Messtools im <a title=\"Der Projektmanager\" href=\"http:\/\/www.htflux.com\/de\/documentation\/benutzeroberflaeche\/der-projektmanager\/\">Projekt-Manager<\/a>.<\/li>\n<li>mittels Doppelklick auf das sogenannte Tag der Messung in der grafischen Ansicht (siehe unten).<\/li>\n<\/ol>\n<h2 id=\"messtags\">Mess-Tags<\/h2>\n<p>Jedes Messtool kann den gemessenen Wert und zus\u00e4tzliche Informationen direkt in der grafischen Darstellung anzeigen. Hierzu erscheinen sogenannte Tags (=Schildchen) f\u00fcr die Messungen:<br \/>\n<img loading=\"lazy\" decoding=\"async\" class=\"alignnone size-full wp-image-1018\" src=\"http:\/\/www.htflux.com\/en\/wp-content\/uploads\/sites\/4\/2016\/05\/Measurement-tag.png\" alt=\"measurement tag\" width=\"246\" height=\"103\" \/><\/p>\n<p>Die Mess-Tags k\u00f6nnen jederzeit durch Ziehen mittels der Maus verschoben werden. Die kleinen schwarzen Buttons \u00fcber den Tags erm\u00f6glichen zus\u00e4tzliche Manipulationen:<\/p>\n<ul>\n<li>Ver\u00e4nderung der Gr\u00f6\u00dfe des Tags (+\/- Buttons)<\/li>\n<li>Wechsel zwischen einfacher und erweiterter Ergebnisanzeige (Pfeil auf\/ab Button)<\/li>\n<li>Einklappen des Tags (x Button)<br \/>\n(Ein eingeklappter Tag kann durch Doppelklick auf den runden Marker oder im Einstellungs-Dialog der Messung wieder aktiviert werden.)<\/li>\n<\/ul>\n<p>Durch Doppelklick innerhalb des Tags gelangen sie in den Eigenschaften-Dialog der Messung.<br \/>\nDurch Mehrfachauswahl (mit gehaltener STRG-Taste) lassen sich mehrere Tags markieren. Danach kann deren Position oder Gr\u00f6\u00dfe gemeinsam abge\u00e4ndert werden.<\/p>\n","protected":false},"excerpt":{"rendered":"<p>Messtools Sie finden die automatischen Messtools von HTflux im Men\u00fcband unter dem Reiter &#8222;Messungen&#8220;. Die Messtools erlauben es ihnen auf einfache Weise diverse physikalische Messgr\u00f6\u00dfen in ihrer Simulation zu bestimmen. Derzeit stehen die folgenden Messfunktionen zur Verf\u00fcgung: W\u00e4rmestrom Mit diesem Tool kann der W\u00e4rmestrom durch eine innere oder \u00e4u\u00dfere Oberfl\u00e4che in einem spezifizierten Bereich gemessen [&hellip;]<\/p>\n","protected":false},"author":2,"featured_media":0,"parent":837,"menu_order":0,"comment_status":"open","ping_status":"open","template":"pageTemp-userGuide_NEW.php","meta":{"footnotes":""},"class_list":["post-1890","page","type-page","status-publish","hentry"],"_links":{"self":[{"href":"https:\/\/www.htflux.com\/de\/wp-json\/wp\/v2\/pages\/1890","targetHints":{"allow":["GET"]}}],"collection":[{"href":"https:\/\/www.htflux.com\/de\/wp-json\/wp\/v2\/pages"}],"about":[{"href":"https:\/\/www.htflux.com\/de\/wp-json\/wp\/v2\/types\/page"}],"author":[{"embeddable":true,"href":"https:\/\/www.htflux.com\/de\/wp-json\/wp\/v2\/users\/2"}],"replies":[{"embeddable":true,"href":"https:\/\/www.htflux.com\/de\/wp-json\/wp\/v2\/comments?post=1890"}],"version-history":[{"count":18,"href":"https:\/\/www.htflux.com\/de\/wp-json\/wp\/v2\/pages\/1890\/revisions"}],"predecessor-version":[{"id":1974,"href":"https:\/\/www.htflux.com\/de\/wp-json\/wp\/v2\/pages\/1890\/revisions\/1974"}],"up":[{"embeddable":true,"href":"https:\/\/www.htflux.com\/de\/wp-json\/wp\/v2\/pages\/837"}],"wp:attachment":[{"href":"https:\/\/www.htflux.com\/de\/wp-json\/wp\/v2\/media?parent=1890"}],"curies":[{"name":"wp","href":"https:\/\/api.w.org\/{rel}","templated":true}]}}