{"id":1912,"date":"2016-05-09T15:40:54","date_gmt":"2016-05-09T13:40:54","guid":{"rendered":"http:\/\/www.htflux.com\/de\/?page_id=1912"},"modified":"2016-05-12T16:18:14","modified_gmt":"2016-05-12T14:18:14","slug":"waermestrom-messung","status":"publish","type":"page","link":"https:\/\/www.htflux.com\/de\/documentation\/messtools\/waermestrom-messung\/","title":{"rendered":"W\u00e4rmestrom Tool"},"content":{"rendered":"<h1>Das W\u00e4rmestrom-Tool<\/h1>\n<p>Mit Hilfe des W\u00e4rmestrom-Me\u00dftools k\u00f6nnen sie den gesamten W\u00e4rmestrom, welcher in eine Oberfl\u00e4che eindringt oder aus dieser austritt bestimmen. Die Oberfl\u00e4che kann entweder als innere Oberfl\u00e4che (Grenzfl\u00e4che zwischen zwei Materialien) oder als \u00e4u\u00dfere Oberfl\u00e4che (Grenzfl\u00e4che zur Randbedingung \/ Klima) definiert werden.<\/p>\n<p>Um die Messung zu definieren sind zwei Schritte notwendig:<\/p>\n<ol>\n<li>die Definition der Grenzfl\u00e4che, an welcher gemessen werden soll<\/li>\n<li>die Defintion des geometrischen Messbereichs, innerhalb dessen der W\u00e4rmestrom gemessen werden soll<\/li>\n<\/ol>\n<h2>Eine Grenzfl\u00e4che definieren<\/h2>\n<p>Zur Messung des W\u00e4rmestroms wird eine Grenzfl\u00e4che definiert, an welcher der gesamte W\u00e4rmestrom aufintegriert wird. Dies kann eine innere Grenzfl\u00e4che sein (zwischen zwei unterschiedlichen Materialien), ist in der Regel aber die \u00e4u\u00dfere Grenzfl\u00e4che eines Bauteils welche an eine Randbedingung (Klima) angrenzt. Sie k\u00f6nnen die relevante Grenzfl\u00e4che einfach durch ausw\u00e4hlen der jeweiligen Materialien oder Randbedingungen im Eigenschaftsfenster des Tools definieren:<br \/>\n<img loading=\"lazy\" decoding=\"async\" class=\"alignnone size-full wp-image-1919\" src=\"http:\/\/www.htflux.com\/de\/wp-content\/uploads\/sites\/3\/2016\/05\/Grenzfl\u00e4che-definieren.png\" alt=\"Grenzfl\u00e4che-definieren\" width=\"468\" height=\"357\" srcset=\"https:\/\/www.htflux.com\/de\/wp-content\/uploads\/sites\/3\/2016\/05\/Grenzfl\u00e4che-definieren.png 468w, https:\/\/www.htflux.com\/de\/wp-content\/uploads\/sites\/3\/2016\/05\/Grenzfl\u00e4che-definieren-300x229.png 300w, https:\/\/www.htflux.com\/de\/wp-content\/uploads\/sites\/3\/2016\/05\/Grenzfl\u00e4che-definieren-325x248.png 325w, https:\/\/www.htflux.com\/de\/wp-content\/uploads\/sites\/3\/2016\/05\/Grenzfl\u00e4che-definieren-100x76.png 100w\" sizes=\"auto, (max-width: 468px) 100vw, 468px\" \/><\/p>\n<p>Im hier gezeigten Beispiel wird also der gesamte W\u00e4rmestrom welcher aus dem Geb\u00e4udeinneren in das Bauteil flie\u00dft gemessen, unabh\u00e4ngig vom Material der Oberfl\u00e4che.<br \/>\nZur Festlegung der Grenzfl\u00e4che k\u00f6nnen sie entweder spezifisch die einzelnen Materialien oder Randbedingungen anw\u00e4hlen oder Gebrauch von den Buttons zur Schnellauswahl machen:<\/p>\n<ul>\n<li><em>Alle zu Innenklima<\/em>: definiert die Innenseite des Bauteils als Ber\u00fchrungsfl\u00e4che zwischen einem beliebigen Material und einer Randbedingung vom Typ &#8222;Innenklima&#8220;<\/li>\n<li><em>Alle zu Au\u00dfenklima<\/em>: definiert die Au\u00dfenseite des Bauteils als Ber\u00fchrungsfl\u00e4che zwischen einem beliebigen Material und einer Randbedingung vom Typ &#8222;Au\u00dfenklima&#8220;<\/li>\n<li><em>Alle<\/em>: verwenden Sie diesen Button um alle Elemente der Liste anzuw\u00e4hlen<\/li>\n<li><em>Keine<\/em>: verwenden Sie diesen Button um alle Elemente der Liste abzuw\u00e4hlen (w\u00e4hlen Sie anschlie\u00dfend zumindest ein Element neu)<\/li>\n<\/ul>\n<p>Bei den meisten Anwendungen ist der gesamte W\u00e4rmestrom der in das Bauteil, oder aus diesem heraus flie\u00dft von Interesse. Aus diesem Grunde ist in der Regel das Dr\u00fccken einer der beiden oberen Schnellauswahl-Buttons ausreichend.<\/p>\n<h2>Einen Messbereich definieren<\/h2>\n<p>Zus\u00e4tzlich zur Definition des Grenzbereichs ist es n\u00f6tig einen Messbereich zur W\u00e4rmestrombestimmung zu definieren. Der W\u00e4rmestrom wird also nur f\u00fcr die definierte Grenzfl\u00e4chen im vorgegebenen Messbereich ermittelt.<\/p>\n<p>Der Messbereich kann einfach durch Ziehen des gew\u00fcnschten Ausschnitts auf das entsprechende Messtool im <a title=\"Der Projektmanager\" href=\"http:\/\/www.htflux.com\/de\/documentation\/benutzeroberflaeche\/der-projektmanager\/\">Projekt-Manager<\/a> definiert werden:<br \/>\n<img loading=\"lazy\" decoding=\"async\" class=\"alignnone size-full wp-image-1921\" src=\"http:\/\/www.htflux.com\/de\/wp-content\/uploads\/sites\/3\/2016\/05\/Ausschnitt-zuweisen.png\" alt=\"Ausschnitt-zuweisen\" width=\"521\" height=\"207\" srcset=\"https:\/\/www.htflux.com\/de\/wp-content\/uploads\/sites\/3\/2016\/05\/Ausschnitt-zuweisen.png 521w, https:\/\/www.htflux.com\/de\/wp-content\/uploads\/sites\/3\/2016\/05\/Ausschnitt-zuweisen-300x119.png 300w, https:\/\/www.htflux.com\/de\/wp-content\/uploads\/sites\/3\/2016\/05\/Ausschnitt-zuweisen-325x129.png 325w, https:\/\/www.htflux.com\/de\/wp-content\/uploads\/sites\/3\/2016\/05\/Ausschnitt-zuweisen-100x40.png 100w\" sizes=\"auto, (max-width: 521px) 100vw, 521px\" \/><br \/>\n<em>(Halten Sie die linke Maustaste gedr\u00fcckt um ein Element mit der Maus zu ziehen.)<\/em><\/p>\n<p>N\u00e4heres: siehe <a title=\"Messbereich erstellen\" href=\"http:\/\/www.htflux.com\/de\/documentation\/messtools\/ausschnitt-erstellen\/\">Erstellung von geeigneten Messbereichen.<\/a><\/p>\n<p>&nbsp;<\/p>\n","protected":false},"excerpt":{"rendered":"<p>Das W\u00e4rmestrom-Tool Mit Hilfe des W\u00e4rmestrom-Me\u00dftools k\u00f6nnen sie den gesamten W\u00e4rmestrom, welcher in eine Oberfl\u00e4che eindringt oder aus dieser austritt bestimmen. Die Oberfl\u00e4che kann entweder als innere Oberfl\u00e4che (Grenzfl\u00e4che zwischen zwei Materialien) oder als \u00e4u\u00dfere Oberfl\u00e4che (Grenzfl\u00e4che zur Randbedingung \/ Klima) definiert werden. Um die Messung zu definieren sind zwei Schritte notwendig: die Definition der [&hellip;]<\/p>\n","protected":false},"author":2,"featured_media":0,"parent":1890,"menu_order":0,"comment_status":"open","ping_status":"open","template":"pageTemp-userGuide_NEW.php","meta":{"footnotes":""},"class_list":["post-1912","page","type-page","status-publish","hentry"],"_links":{"self":[{"href":"https:\/\/www.htflux.com\/de\/wp-json\/wp\/v2\/pages\/1912","targetHints":{"allow":["GET"]}}],"collection":[{"href":"https:\/\/www.htflux.com\/de\/wp-json\/wp\/v2\/pages"}],"about":[{"href":"https:\/\/www.htflux.com\/de\/wp-json\/wp\/v2\/types\/page"}],"author":[{"embeddable":true,"href":"https:\/\/www.htflux.com\/de\/wp-json\/wp\/v2\/users\/2"}],"replies":[{"embeddable":true,"href":"https:\/\/www.htflux.com\/de\/wp-json\/wp\/v2\/comments?post=1912"}],"version-history":[{"count":11,"href":"https:\/\/www.htflux.com\/de\/wp-json\/wp\/v2\/pages\/1912\/revisions"}],"predecessor-version":[{"id":1943,"href":"https:\/\/www.htflux.com\/de\/wp-json\/wp\/v2\/pages\/1912\/revisions\/1943"}],"up":[{"embeddable":true,"href":"https:\/\/www.htflux.com\/de\/wp-json\/wp\/v2\/pages\/1890"}],"wp:attachment":[{"href":"https:\/\/www.htflux.com\/de\/wp-json\/wp\/v2\/media?parent=1912"}],"curies":[{"name":"wp","href":"https:\/\/api.w.org\/{rel}","templated":true}]}}