{"id":1928,"date":"2016-05-12T14:57:07","date_gmt":"2016-05-12T12:57:07","guid":{"rendered":"http:\/\/www.htflux.com\/de\/?page_id=1928"},"modified":"2016-05-12T16:57:55","modified_gmt":"2016-05-12T14:57:55","slug":"oberflaechentemperatur-bestimmung","status":"publish","type":"page","link":"https:\/\/www.htflux.com\/de\/documentation\/messtools\/oberflaechentemperatur-bestimmung\/","title":{"rendered":"Oberfl\u00e4chentemperatur Tool"},"content":{"rendered":"<h1>Das Oberfl\u00e4chentemperatur-Tool<\/h1>\n<p>Mit Hilfe des Oberfl\u00e4chentemperatur-Messtools k\u00f6nnen sie die minimale und maximale, sowie die mittlere Temperatur einer Oberfl\u00e4che bestimmen.\u00a0 Die Oberfl\u00e4che kann entweder als innere Oberfl\u00e4che (Grenzfl\u00e4che zwischen zwei Materialien) oder als \u00e4u\u00dfere Oberfl\u00e4che (Grenzfl\u00e4che zu Randbedingung \/ Klima) definiert werden.<\/p>\n<p>Um die Messung zu definieren sind zwei Schritte notwendig:<\/p>\n<ol>\n<li>die Definition der Grenzfl\u00e4che, an welcher gemessen werden soll<\/li>\n<li>die Defintion des geometrischen Messbereichs, in welchem die Temperaturen bestimmt werden sollen<\/li>\n<\/ol>\n<h2>Eine Grenzfl\u00e4che definieren<\/h2>\n<p>Zur Messung wird eine Grenzfl\u00e4che definiert, an welcher die Oberfl\u00e4chentemperaturen ermittelt werden sollen. Dies kann eine innere Grenzfl\u00e4che sein (zwischen zwei unterschiedlichen Materialien), ist in der Regel aber die \u00e4u\u00dfere Grenzfl\u00e4che eines Bauteils welche an eine Randbedingung (z.B. Klima Innenraum) angrenzt. Sie k\u00f6nnen die relevante Grenzfl\u00e4che einfach durch ausw\u00e4hlen der jeweiligen Materialien oder Randbedingungen im Eigenschaftsfenster des Tools definieren:<br \/>\n<img loading=\"lazy\" decoding=\"async\" class=\"alignnone size-full wp-image-1919\" src=\"http:\/\/www.htflux.com\/de\/wp-content\/uploads\/sites\/3\/2016\/05\/Grenzfl\u00e4che-definieren.png\" alt=\"Grenzfl\u00e4che-definieren\" width=\"468\" height=\"357\" srcset=\"https:\/\/www.htflux.com\/de\/wp-content\/uploads\/sites\/3\/2016\/05\/Grenzfl\u00e4che-definieren.png 468w, https:\/\/www.htflux.com\/de\/wp-content\/uploads\/sites\/3\/2016\/05\/Grenzfl\u00e4che-definieren-300x229.png 300w, https:\/\/www.htflux.com\/de\/wp-content\/uploads\/sites\/3\/2016\/05\/Grenzfl\u00e4che-definieren-325x248.png 325w, https:\/\/www.htflux.com\/de\/wp-content\/uploads\/sites\/3\/2016\/05\/Grenzfl\u00e4che-definieren-100x76.png 100w\" sizes=\"auto, (max-width: 468px) 100vw, 468px\" \/><\/p>\n<p>Im hier gezeigten Beispiel wird also die Oberfl\u00e4chentemperatur der Geb\u00e4udeinnenseite untersucht, unabh\u00e4ngig vom Material der Oberfl\u00e4che.<br \/>\nZur Festlegung der Grenzfl\u00e4che k\u00f6nnen sie entweder spezifisch die einzelnen Materialien oder Randbedingungen anw\u00e4hlen oder Gebrauch von den Buttons zur Schnellauswahl machen:<\/p>\n<ul>\n<li><em>Alle zu Innenklima<\/em>: definiert die Innenseite des Bauteils als Ber\u00fchrungsfl\u00e4che zwischen einem beliebigen Material und einer Randbedingung vom Typ &#8222;Innenklima&#8220;<\/li>\n<li><em>Alle zu Au\u00dfenklima<\/em>: definiert die Au\u00dfenseite des Bauteils als Ber\u00fchrungsfl\u00e4che zwischen einem beliebigen Material und einer Randbedingung vom Typ &#8222;Au\u00dfenklima&#8220;<\/li>\n<li><em>Alle<\/em>: verwenden Sie diesen Button um alle Elemente der Liste anzuw\u00e4hlen<\/li>\n<li><em>Keine<\/em>: verwenden Sie diesen Button um alle Elemente der Liste abzuw\u00e4hlen (w\u00e4hlen Sie anschlie\u00dfend zumindest ein Element neu)<\/li>\n<\/ul>\n<p>Bei bauphysikalischen Untersuchungen wird h\u00e4ufig nach dem Ort und dem Wert der minimalen inneren Oberfl\u00e4chentemperatur gesucht. F\u00fcr eine derartige Untersuchung kann die Messung einfach durch Dr\u00fccken des Schnellauswahl-Buttons &#8222;alle zu Innenklima&#8220; definiert werden.<\/p>\n<h2>Einen Messbereich definieren<\/h2>\n<p>Zus\u00e4tzlich zur Definition des Grenzbereichs ist es n\u00f6tig einen Messbereich zur Temperaturbestimmung zu spezifizieren. Die Temperaturen werden dann f\u00fcr die definierte Grenzfl\u00e4chen im vorgegebenen Messbereich ermittelt.<\/p>\n<p>Der Messbereich kann einfach durch Ziehen des gew\u00fcnschten Ausschnitts auf das entsprechende Messtool im <a title=\"Der Projektmanager\" href=\"http:\/\/www.htflux.com\/de\/documentation\/benutzeroberflaeche\/der-projektmanager\/\">Projekt-Manager<\/a> definiert werden:<br \/>\n<img loading=\"lazy\" decoding=\"async\" class=\"alignnone size-full wp-image-1941\" src=\"http:\/\/www.htflux.com\/de\/wp-content\/uploads\/sites\/3\/2016\/05\/Ausschnitt-zuweisen-Temperatur.png\" alt=\"Ausschnitt-zuweisen-Temperatur\" width=\"521\" height=\"207\" srcset=\"https:\/\/www.htflux.com\/de\/wp-content\/uploads\/sites\/3\/2016\/05\/Ausschnitt-zuweisen-Temperatur.png 521w, https:\/\/www.htflux.com\/de\/wp-content\/uploads\/sites\/3\/2016\/05\/Ausschnitt-zuweisen-Temperatur-300x119.png 300w, https:\/\/www.htflux.com\/de\/wp-content\/uploads\/sites\/3\/2016\/05\/Ausschnitt-zuweisen-Temperatur-325x129.png 325w, https:\/\/www.htflux.com\/de\/wp-content\/uploads\/sites\/3\/2016\/05\/Ausschnitt-zuweisen-Temperatur-100x40.png 100w\" sizes=\"auto, (max-width: 521px) 100vw, 521px\" \/><br \/>\n<em>(Halten Sie die linke Maustaste gedr\u00fcckt um ein Element mit der Maus zu ziehen.)<\/em><\/p>\n<p>N\u00e4heres: siehe <a title=\"Messbereich erstellen\" href=\"http:\/\/www.htflux.com\/de\/documentation\/messtools\/ausschnitt-erstellen\/\">Erstellung von geeigneten Messbereichen.<\/a><\/p>\n<h2>Spezielle Funktionen des Tools<\/h2>\n<p>Diese Tool kann auch zur Berechnung von relvanten bauphysikalischer Bemessungswerten verwendet werden.<br \/>\nW\u00e4hlen Sie ein Thema um mehr dar\u00fcber zu erfahren:<\/p>\n<p style=\"padding-left: 30px;\"><strong>\u00bb der Temperaturfaktor f*Rsi<\/strong><\/p>\n<p style=\"padding-left: 30px;\"><strong>\u00bb die Taupunkttemperatur<\/strong><\/p>\n<p style=\"text-align: left; padding-left: 30px;\"><strong>\u00bb die Schimmelgrenztemperatur<\/strong><\/p>\n","protected":false},"excerpt":{"rendered":"<p>Das Oberfl\u00e4chentemperatur-Tool Mit Hilfe des Oberfl\u00e4chentemperatur-Messtools k\u00f6nnen sie die minimale und maximale, sowie die mittlere Temperatur einer Oberfl\u00e4che bestimmen.\u00a0 Die Oberfl\u00e4che kann entweder als innere Oberfl\u00e4che (Grenzfl\u00e4che zwischen zwei Materialien) oder als \u00e4u\u00dfere Oberfl\u00e4che (Grenzfl\u00e4che zu Randbedingung \/ Klima) definiert werden. Um die Messung zu definieren sind zwei Schritte notwendig: die Definition der Grenzfl\u00e4che, an [&hellip;]<\/p>\n","protected":false},"author":2,"featured_media":0,"parent":1890,"menu_order":0,"comment_status":"open","ping_status":"open","template":"pageTemp-userGuide_NEW.php","meta":{"footnotes":""},"class_list":["post-1928","page","type-page","status-publish","hentry"],"_links":{"self":[{"href":"https:\/\/www.htflux.com\/de\/wp-json\/wp\/v2\/pages\/1928","targetHints":{"allow":["GET"]}}],"collection":[{"href":"https:\/\/www.htflux.com\/de\/wp-json\/wp\/v2\/pages"}],"about":[{"href":"https:\/\/www.htflux.com\/de\/wp-json\/wp\/v2\/types\/page"}],"author":[{"embeddable":true,"href":"https:\/\/www.htflux.com\/de\/wp-json\/wp\/v2\/users\/2"}],"replies":[{"embeddable":true,"href":"https:\/\/www.htflux.com\/de\/wp-json\/wp\/v2\/comments?post=1928"}],"version-history":[{"count":10,"href":"https:\/\/www.htflux.com\/de\/wp-json\/wp\/v2\/pages\/1928\/revisions"}],"predecessor-version":[{"id":1949,"href":"https:\/\/www.htflux.com\/de\/wp-json\/wp\/v2\/pages\/1928\/revisions\/1949"}],"up":[{"embeddable":true,"href":"https:\/\/www.htflux.com\/de\/wp-json\/wp\/v2\/pages\/1890"}],"wp:attachment":[{"href":"https:\/\/www.htflux.com\/de\/wp-json\/wp\/v2\/media?parent=1928"}],"curies":[{"name":"wp","href":"https:\/\/api.w.org\/{rel}","templated":true}]}}