{"id":1951,"date":"2016-06-01T15:54:28","date_gmt":"2016-06-01T13:54:28","guid":{"rendered":"http:\/\/www.htflux.com\/de\/?page_id=1951"},"modified":"2016-06-23T15:18:12","modified_gmt":"2016-06-23T13:18:12","slug":"u-wert-bestimmen","status":"publish","type":"page","link":"https:\/\/www.htflux.com\/de\/documentation\/messtools\/u-wert-bestimmen\/","title":{"rendered":"U-Wert Tool"},"content":{"rendered":"<h1>Das U-Wert Tool<\/h1>\n<p>Das Messtool &#8222;U-Wert&#8220; ist ein vielseitiges Tool, mit dessen Hilfe eine Reihe von Aufgaben durchgef\u00fchrt werden k\u00f6nnen. Dies sind:<\/p>\n<ul>\n<li>1d U-Wert Bestimmung\u00a0 (=W\u00e4rmedurchgangskoeffizient aus Schichtaufbau)<\/li>\n<li>2d U-Wert Bestimmung\u00a0 (=W\u00e4rmedurchgangskoeffizient aus W\u00e4rmestrommessung)<\/li>\n<li>Dokumentation des Schichtaufbaus<\/li>\n<li>Anzeige des W\u00e4rmedurchgangswiderstands<\/li>\n<li>Anzeige von dynamisch-thermischen Kenngr\u00f6\u00dfen (wirksame Speicherkapazit\u00e4t, Phasenverschiebung etc.)<\/li>\n<\/ul>\n<h2>U-Wert 1d &#8211; analytische Berechnung<\/h2>\n<p>In HTflux wird als eindimensionaler U-Wert, jener W\u00e4rmedurchgangskoeffizient bezeichnet, welche sich durch analytische Berechnung aus den einzelnen Schichten des Bauteils ergibt. Hierzu werden die W\u00e4rmedurchgangswiderst\u00e4nde aller Bauteilschichten und die beiden W\u00e4rme\u00fcbergangswiderst\u00e4nde der Bauteiloberfl\u00e4chen addiert und anschlie\u00dfend der Kehrwert gebildet:<\/p>\n<table>\n<tbody>\n<tr>\n<td><img loading=\"lazy\" decoding=\"async\" class=\"alignnone size-full wp-image-1958\" src=\"http:\/\/www.htflux.com\/de\/wp-content\/uploads\/sites\/3\/2016\/06\/U-wert-1d.png\" alt=\"U-Wert Definition\" width=\"242\" height=\"120\" srcset=\"https:\/\/www.htflux.com\/de\/wp-content\/uploads\/sites\/3\/2016\/06\/U-wert-1d.png 242w, https:\/\/www.htflux.com\/de\/wp-content\/uploads\/sites\/3\/2016\/06\/U-wert-1d-100x50.png 100w\" sizes=\"auto, (max-width: 242px) 100vw, 242px\" \/><\/td>\n<td><em>R<sub>si<\/sub> &#8230;.W\u00e4rme\u00fcbergangswiderstand innen<br \/>\nR<sub>se<\/sub> &#8230;.W\u00e4rme\u00fcbergangswiderstand au\u00dfen<br \/>\nR<sub>n<\/sub> &#8230;.W\u00e4rmedurchgangskoeffizient der Bauteilschicht n<br \/>\nd &#8230;.Dicke der Schicht<br \/>\n\u03bb &#8230;.W\u00e4rmeleitf\u00e4higkeit der Schicht <\/em><\/td>\n<\/tr>\n<\/tbody>\n<\/table>\n<p>Diese Methode der Berechnung setzt voraus, dass ein homogener Schichtaufbau vorliegt, bei welchem alle Schichten quasi &#8222;unendlich&#8220; ausgedehnt sind und nicht von anderen Elementen unterbrochen werden.<\/p>\n<h2>U-Wert 2d &#8211; Bestimmung aus dem W\u00e4rmestrom<\/h2>\n<p>Als zweidimensionaler U-Wert wird in HTflux jener U-Wert bezeichnet welcher sich aus einer W\u00e4rmestrombestimmung errechnet. Mit dieser Methode ist sehr einfach m\u00f6glich auch den U-Wert von inhomogen aufgebauten Bauteilen zu bestimmen. Der U-Wert ergibt sich dann aus:<\/p>\n<table>\n<tbody>\n<tr>\n<td><img loading=\"lazy\" decoding=\"async\" class=\"alignnone size-full wp-image-1962\" src=\"http:\/\/www.htflux.com\/de\/wp-content\/uploads\/sites\/3\/2016\/06\/U-wert-2d.png\" alt=\"U-Wert aus W\u00e4rmestrom\" width=\"142\" height=\"64\" srcset=\"https:\/\/www.htflux.com\/de\/wp-content\/uploads\/sites\/3\/2016\/06\/U-wert-2d.png 142w, https:\/\/www.htflux.com\/de\/wp-content\/uploads\/sites\/3\/2016\/06\/U-wert-2d-100x45.png 100w\" sizes=\"auto, (max-width: 142px) 100vw, 142px\" \/><\/td>\n<td>\u03a6 &#8230;.gesamter W\u00e4rmestrom<br \/>\nA &#8230;.bei Messung betrachtete Fl\u00e4che<br \/>\n\u0394T &#8230;.anliegende Temperaturdifferenz<\/td>\n<\/tr>\n<\/tbody>\n<\/table>\n<p>Der zweidimensionale U-Wert stimmt immer dann mit dem eindimensionalen \u00fcberein, wenn ein homogener aus ausgedehnten Schichten bestehender Bauteilaufbau besteht und wenn der W\u00e4rmestrom nicht durch eine in der N\u00e4he liegende St\u00f6rung (W\u00e4rmebr\u00fccke oder ungeeignete Begrenzung des Simulationsbereichs) beeinflusst wird. Bei HTflux wird der W\u00e4rmestrom auf beiden Seiten des Bauteils ermittelt und standardm\u00e4\u00dfig der Mittelwert dieser beiden Messungen zur U-Wert Berechnung herangezogen. Dies erh\u00f6ht die Genauigkeit. Grunds\u00e4tzlich sollten die beiden Werte jedoch identisch sein.<\/p>\n<h2>Anwenden des U-Wert Tools<\/h2>\n<p>Starten Sie das U-Wert Tool durch Dr\u00fccken des entsprechenden Buttons im <em>Messungen<\/em> Men\u00fcband:<br \/>\n<img loading=\"lazy\" decoding=\"async\" class=\"alignnone size-full wp-image-1900\" src=\"http:\/\/www.htflux.com\/de\/wp-content\/uploads\/sites\/3\/2016\/05\/U-Wert-sym-Messung-Button.png\" alt=\"U-Wert-sym-Messung-Button\" width=\"55\" height=\"68\" \/>\u00a0 <img loading=\"lazy\" decoding=\"async\" class=\"alignnone size-full wp-image-1899\" src=\"http:\/\/www.htflux.com\/de\/wp-content\/uploads\/sites\/3\/2016\/05\/U-Wert-asym-Messung-Button.png\" alt=\"U-Wert-asym-Messung-Button\" width=\"55\" height=\"68\" \/><\/p>\n<ol>\n<li>W\u00e4hlen Sie nun mit der Maus einen geeigneten Punkt an der Bauteilau\u00dfen oder -innenseite. Wichtig ist dass das Messtool im an der \u00e4u\u00dfersten Ebene des Bauteils angelegt wird, d.h. immer dort wo eine Materialschicht mit einer Randbedingung in Kontakt steht.<\/li>\n<li>&#8222;Schneiden&#8220; Sie nun das Bauteil senkrecht zur Bauteiloberfl\u00e4che durch, d.h. w\u00e4hlen Sie nun einen Punkt an der gegen\u00fcberliegenden Seite des Bauteils, welcher mit der jeweils anderen Randbedingung (Au\u00dfen- oder Innenklima) in Kontakt steht.<br \/>\n(Anm. zur Erleichterung wird automatisch das <a title=\"Navigation &amp; Fangfunktionen\" href=\"http:\/\/www.htflux.com\/de\/documentation\/navigation-fangfunktionen\/\">Winkel-Fangtool<\/a> aktiviert. Sollen Sie ein Bauteil bearbeiten welches nicht horizontal oder vertikal verl\u00e4uft, so k\u00f6nnen Sie den entsprechenden Winkel im Fangtool einstellen)<\/li>\n<li>Als n\u00e4chstes m\u00fcssen Sie den Messbereich f\u00fcr die W\u00e4rmestrombestimmung (2d-Uwert) definieren.<br \/>\nDie Vorgehensweise unterscheidet sich je nachdem ob Sie die <em>symmetrische<\/em> oder die <em>asymmetrische<\/em> Funktion gew\u00e4hlt haben:<\/li>\n<\/ol>\n<ul>\n<li>symmetrischer Messbereich:<br \/>\nW\u00e4hlen Sie mit der Maus einen geeigneten Bereich zur W\u00e4rmestrombestimmung aus, oder geben Sie den Wert nummerisch im Eingabefeld ein. Beachten Sie, dass sich die Eingabe nur auf eine Halbseite beziehen. Der gegen\u00fcberliegende Bereich wird dann vom Programm symmetrisch gew\u00e4hlt.<\/li>\n<li>asymmetrischer Messbereich:<br \/>\nW\u00e4hlen Sie mit der Maus eine geeignete Berandung aus, oder geben Sie den Abstand zum bereits gezeichneten Schenkel nummerisch im Eingabefeld ein. Anschlie\u00dfend f\u00fcr Sie denselben Vorgang f\u00fcr die gegen\u00fcberliegende Seite durch. Als Messbereich wird jener Bereich definiert, welcher zwischen diesen beiden Schenkeln liegt.<\/li>\n<\/ul>\n<p>Genaueres zur geeigneten Wahl des Messbereiches, bzw. \u00fcber die U-Wert Bestimmung bei inhomogenen Bauteilen erfahren Sie <a title=\"U-Wert Tool\" href=\"http:\/\/www.htflux.com\/de\/documentation\/messtools\/u-wert-bestimmen\/\">hier<\/a>.<\/p>\n<p><img loading=\"lazy\" decoding=\"async\" class=\"alignnone size-full wp-image-1981\" src=\"http:\/\/www.htflux.com\/de\/wp-content\/uploads\/sites\/3\/2016\/06\/U-Wert-Seq.gif\" alt=\"U-Wert-Tutorial\" width=\"636\" height=\"220\" \/><\/p>\n<p>Das Messtool ist nun vollst\u00e4ndig definiert. Starten Sie nun die Simulation um die U-Wert Bestimmung auszuf\u00fchren.<\/p>\n<p>Die Ergebnisse der Messung werden, wie \u00fcblich, mittels eines <a title=\"Messtools\" href=\"http:\/\/www.htflux.com\/de\/documentation\/messtools\/#messtags\">Mess-Tags<\/a> angezeigt.<br \/>\nSollten Sie sp\u00e4ter die Au\u00dfenma\u00dfe des Bauteils \u00e4ndern, so m\u00fcssen Sie die das Messtool erneut anlegen &#8211; oder ein neues verwenden. Zum erneuten Anlegen des Tools verwenden Sie bitte die entsprechende Funktion im Kontext-Men\u00fc (Rechts-click auf Messtool):<br \/>\n<img loading=\"lazy\" decoding=\"async\" class=\"alignnone size-full wp-image-1969\" src=\"http:\/\/www.htflux.com\/de\/wp-content\/uploads\/sites\/3\/2016\/06\/Geometrie-neu-setzen-U-wert.png\" alt=\"Geometrie-neu-setzen-U-wert\" width=\"286\" height=\"220\" srcset=\"https:\/\/www.htflux.com\/de\/wp-content\/uploads\/sites\/3\/2016\/06\/Geometrie-neu-setzen-U-wert.png 286w, https:\/\/www.htflux.com\/de\/wp-content\/uploads\/sites\/3\/2016\/06\/Geometrie-neu-setzen-U-wert-100x77.png 100w\" sizes=\"auto, (max-width: 286px) 100vw, 286px\" \/><\/p>\n<p>&nbsp;<\/p>\n<h2>U-Wert Tool &#8211; Einstellm\u00f6glichkeiten<\/h2>\n<p>Durch Doppel-click auf den <a title=\"Messtools\" href=\"http:\/\/www.htflux.com\/de\/documentation\/messtools\/#messtags\">Messtag<\/a> oder auf das Messtool im <a title=\"Der Projektmanager\" href=\"http:\/\/www.htflux.com\/de\/documentation\/benutzeroberflaeche\/der-projektmanager\/\">Projektmanager <\/a>gelangen Sie in den Einstellungs-Dialog der Messung.<br \/>\n<img loading=\"lazy\" decoding=\"async\" class=\"alignnone size-full wp-image-1977\" src=\"http:\/\/www.htflux.com\/de\/wp-content\/uploads\/sites\/3\/2016\/06\/U-Wert-Einstellungen.png\" alt=\"U-Wert-Tool-Einstellungen\" width=\"934\" height=\"438\" srcset=\"https:\/\/www.htflux.com\/de\/wp-content\/uploads\/sites\/3\/2016\/06\/U-Wert-Einstellungen.png 934w, https:\/\/www.htflux.com\/de\/wp-content\/uploads\/sites\/3\/2016\/06\/U-Wert-Einstellungen-300x141.png 300w, https:\/\/www.htflux.com\/de\/wp-content\/uploads\/sites\/3\/2016\/06\/U-Wert-Einstellungen-667x313.png 667w, https:\/\/www.htflux.com\/de\/wp-content\/uploads\/sites\/3\/2016\/06\/U-Wert-Einstellungen-325x152.png 325w, https:\/\/www.htflux.com\/de\/wp-content\/uploads\/sites\/3\/2016\/06\/U-Wert-Einstellungen-100x47.png 100w\" sizes=\"auto, (max-width: 934px) 100vw, 934px\" \/><\/p>\n<ol>\n<li>Hier wird der aktuell ausgew\u00e4hlte U-Wert angezeigt<\/li>\n<li>W\u00e4hlen Sie hier welchen U-Wert Sie verwenden bzw. anzeigen m\u00f6chten.<br \/>\nBei inhomogenem Aufbau sollte grunds\u00e4tzlich der 2d-U-Wert herangezogen werden. (siehe oben)<\/li>\n<li>Hier kann die Gr\u00f6\u00dfe des Referenzbereichs, welcher zur Bestimmung des 2d-U-Werts verwendet wird nachtr\u00e4glich ver\u00e4ndert werden. Anschlie\u00dfend ist es erforderlich die Simulation neu zu starten.<\/li>\n<li>W\u00e4hlen Sie hier die Anzahl der Dezimalstellen mit welcher der U-Wert ausgegeben werden soll.<\/li>\n<li>Hier k\u00f6nnen Sie w\u00e4hlen, welche zus\u00e4tzlichen Werte in der <a title=\"Messtools\" href=\"http:\/\/www.htflux.com\/de\/documentation\/messtools\/#messtags\">Detailansicht des Messtags<\/a> angezeigt werden sollen.<\/li>\n<li>In diesem Bereich kann die graphische Ansicht des Messtools ver\u00e4ndert werden. Einzelne Elemente k\u00f6nnen ein- oder ausgeblendet werden.<\/li>\n<li>Hier k\u00f6nnen Sie entscheiden, ob der Schichtaufbau im Messtag angezeigt werden soll. Dies erm\u00f6glicht eine sehr effiziente Dokumentation des Bauteils.<br \/>\n<em>Tipp: wenn Sie die Anzeige aller anderen Werte deaktivieren, k\u00f6nnen Sie das U-Wert Tool auch ausschlie\u00dflich zur Beschreibung von Aufbauten einsetzen. <\/em><\/li>\n<li>Hier k\u00f6nnen zus\u00e4tzlich auch die dynamisch-thermischen Kenngr\u00f6\u00dfen des Bauteils angezeigt werden.<br \/>\nEine n\u00e4here Beschreibung dieser Werte kann hier oder in der zugrundeliegenden Norm <em>ISO 13786<\/em> gefunden werden.<\/li>\n<li>Wenn Sie mit mehreren Simulationsbereichen arbeiten, oder komplexere Simulationen durchf\u00fchren kann es erforderlich sein, das Messergebnis &#8222;einzufrieren&#8220;. Wenn Sie hier ein H\u00e4kchen setzen wird bei einer erneuten Simulation keine Neuberechnung mehr durchgef\u00fchrt und der aktuelle Wert dauerhaft angezeigt.<\/li>\n<\/ol>\n<p>&nbsp;<\/p>\n","protected":false},"excerpt":{"rendered":"<p>Das U-Wert Tool Das Messtool &#8222;U-Wert&#8220; ist ein vielseitiges Tool, mit dessen Hilfe eine Reihe von Aufgaben durchgef\u00fchrt werden k\u00f6nnen. Dies sind: 1d U-Wert Bestimmung\u00a0 (=W\u00e4rmedurchgangskoeffizient aus Schichtaufbau) 2d U-Wert Bestimmung\u00a0 (=W\u00e4rmedurchgangskoeffizient aus W\u00e4rmestrommessung) Dokumentation des Schichtaufbaus Anzeige des W\u00e4rmedurchgangswiderstands Anzeige von dynamisch-thermischen Kenngr\u00f6\u00dfen (wirksame Speicherkapazit\u00e4t, Phasenverschiebung etc.) U-Wert 1d &#8211; analytische Berechnung In HTflux [&hellip;]<\/p>\n","protected":false},"author":2,"featured_media":0,"parent":1890,"menu_order":0,"comment_status":"open","ping_status":"open","template":"pageTemp-userGuide_NEW.php","meta":{"footnotes":""},"class_list":["post-1951","page","type-page","status-publish","hentry"],"_links":{"self":[{"href":"https:\/\/www.htflux.com\/de\/wp-json\/wp\/v2\/pages\/1951","targetHints":{"allow":["GET"]}}],"collection":[{"href":"https:\/\/www.htflux.com\/de\/wp-json\/wp\/v2\/pages"}],"about":[{"href":"https:\/\/www.htflux.com\/de\/wp-json\/wp\/v2\/types\/page"}],"author":[{"embeddable":true,"href":"https:\/\/www.htflux.com\/de\/wp-json\/wp\/v2\/users\/2"}],"replies":[{"embeddable":true,"href":"https:\/\/www.htflux.com\/de\/wp-json\/wp\/v2\/comments?post=1951"}],"version-history":[{"count":23,"href":"https:\/\/www.htflux.com\/de\/wp-json\/wp\/v2\/pages\/1951\/revisions"}],"predecessor-version":[{"id":1991,"href":"https:\/\/www.htflux.com\/de\/wp-json\/wp\/v2\/pages\/1951\/revisions\/1991"}],"up":[{"embeddable":true,"href":"https:\/\/www.htflux.com\/de\/wp-json\/wp\/v2\/pages\/1890"}],"wp:attachment":[{"href":"https:\/\/www.htflux.com\/de\/wp-json\/wp\/v2\/media?parent=1951"}],"curies":[{"name":"wp","href":"https:\/\/api.w.org\/{rel}","templated":true}]}}