{"id":1992,"date":"2016-06-23T16:23:24","date_gmt":"2016-06-23T14:23:24","guid":{"rendered":"http:\/\/www.htflux.com\/de\/?page_id=1992"},"modified":"2016-06-27T16:24:29","modified_gmt":"2016-06-27T14:24:29","slug":"randbedingungen","status":"publish","type":"page","link":"https:\/\/www.htflux.com\/de\/documentation\/randbedingungen\/","title":{"rendered":"Randbedingungen"},"content":{"rendered":"<h1>Randbedingungen<\/h1>\n<p>Als Randbedingungen wird bei derartigen thermischen Simulation \u00fcblicherweise die Vorgabe einer bestimmten Temperatur an der Oberfl\u00e4che des Bauteils verstanden. Zus\u00e4tzlich zu dieser (Umgebungs-)Temperatur wird meist auch ein W\u00e4rme\u00fcbergangswiderstand vorgeben. Dieser bildet in einem vereinfachten Modell die W\u00e4rme\u00fcbertragung aus der Umgebung in die Oberfl\u00e4che des simulierten Objekts ab. Diese ist W\u00e4rme\u00fcbertragung ist ein sehr komplexer Vorgang, bei welchem drei physikalische Vorg\u00e4nge beteiligt sind: W\u00e4rmestrahlung, W\u00e4rmeleitung und Konvektion. Der W\u00e4rme\u00fcbergangswiderstand ist deshalb nur ein N\u00e4herungsmodell, f\u00fcr bauphysikalische Zwecke aber ein meist ausreichend genaues. <a title=\"W\u00e4rme\u00fcbergangswiderstand\" href=\"http:\/\/www.htflux.com\/de\/documentation\/randbedingungen\/waermeuebergangswiderstand\/\">N\u00e4heres zum W\u00e4rme\u00fcbergangswiderstand finden Sie hier<\/a>.<\/p>\n<p>Wenn Sie bei der Simulation Bemessungswerte f\u00fcr den Taupunkt oder das Schimmel-Kriterium anzeigen lassen m\u00f6chten oder wenn Sie eine Glaser 2d Simulation durchf\u00fchren m\u00f6chten ist es notwendig auch eine relative Luftfeuchte zu spezifizieren.<\/p>\n<h2>Der Randbedingungen Dialog<\/h2>\n<p>Sie gelangen zum Randbedingung-Dialog durch einen Doppelklick auf eine der Randbedingungen, oder durch den entsprechenden Button im oberen Hauptmen\u00fc-Band. In diesem Dialog k\u00f6nnen die Eigenschaften der Randbedingungen komfortabel \u00e4ndern, oder neue Randbedingungen hinzuf\u00fcgen.<\/p>\n<p><a href=\"http:\/\/www.htflux.com\/de\/wp-content\/uploads\/sites\/3\/2016\/06\/Randbedingungen-Dialog-L.png\" data-rel=\"lightbox-gallery-tg7OM048\" data-rl_title=\"\" data-rl_caption=\"\" title=\"\"><img loading=\"lazy\" decoding=\"async\" class=\"alignnone size-full wp-image-2024\" src=\"http:\/\/www.htflux.com\/de\/wp-content\/uploads\/sites\/3\/2016\/06\/Randbedingungen-Dialog-L.png\" alt=\"Randbedingungen-Dialog-L\" width=\"764\" height=\"516\" srcset=\"https:\/\/www.htflux.com\/de\/wp-content\/uploads\/sites\/3\/2016\/06\/Randbedingungen-Dialog-L.png 764w, https:\/\/www.htflux.com\/de\/wp-content\/uploads\/sites\/3\/2016\/06\/Randbedingungen-Dialog-L-300x203.png 300w, https:\/\/www.htflux.com\/de\/wp-content\/uploads\/sites\/3\/2016\/06\/Randbedingungen-Dialog-L-667x450.png 667w, https:\/\/www.htflux.com\/de\/wp-content\/uploads\/sites\/3\/2016\/06\/Randbedingungen-Dialog-L-325x220.png 325w, https:\/\/www.htflux.com\/de\/wp-content\/uploads\/sites\/3\/2016\/06\/Randbedingungen-Dialog-L-100x68.png 100w\" sizes=\"auto, (max-width: 764px) 100vw, 764px\" \/><\/a><\/p>\n<ol>\n<li>In dieser Liste k\u00f6nnen Sie Randbedingungen w\u00e4hlen, welche Sie rechts bearbeiten m\u00f6chten<\/li>\n<li>Mit Hilfe dieser Buttons k\u00f6nnen neue Randbedingungen in Ihrem Projekt generiert oder bestehende gel\u00f6scht werden.<\/li>\n<li>Durch Dr\u00fccken des Stift-Buttons k\u00f6nnen Sie den Namen der Randbedingung \u00e4ndern.<\/li>\n<li>Hier k\u00f6nnen Sie die Temperatur der Randbedingung festlegen.<\/li>\n<li>Spezifizieren Sie hier die Luftfeuchte (nur bei Glaser 2d und Berechnung von Bemessungstemperaturen notwendig)<\/li>\n<li>Hier k\u00f6nnen Sie den <a title=\"W\u00e4rme\u00fcbergangswiderstand\" href=\"http:\/\/www.htflux.com\/de\/documentation\/randbedingungen\/waermeuebergangswiderstand\/\">W\u00e4rme\u00fcbergangswiderstand <\/a>der Randbedingung \u00e4ndern. Entweder durch numerische Eingabe, oder durch Dr\u00fccken des Buttons &#8222;ausw\u00e4hlen&#8220;.<\/li>\n<li>Durch Doppelclick auf das Vorschaufeld k\u00f6nnen Sie die Farbe oder Schraffur der Randbedingung editieren.<\/li>\n<li>Hier k\u00f6nnen Sie den Temperatur-Typ der Randbedingung festlegen (N\u00e4heres hierzu, siehe unten).<\/li>\n<li>Der Klimarechner gestattet es Ihnen komfortabel auch auf Basis von Partialdruck, Taupunkttemperatur etc. eine Randbedingung festzulegen.<\/li>\n<\/ol>\n<p>&nbsp;<\/p>\n<h2>Der Temperatur-Typ der Randbedingung<\/h2>\n<p>Sofern m\u00f6glich sollte immer der Temperatur-Typ der Randbedingung festgelegt werden. Dies bietet die folgenden Vorteile:<\/p>\n<ol>\n<li>die automatischen Messtools von HTflux (z.B. PSI-Tool) ben\u00f6tigen diese Information zur korrekten Berechnung.<\/li>\n<li>bei \u00c4nderung der Au\u00dfen- oder Innentemperatur gen\u00fcgt es nur eine Randbedingung dieses Typs abzu\u00e4ndern. Die ge\u00e4nderte Temperatur wird dann automatisch f\u00fcr alle anderen RB gleichen Typs verwendet.<\/li>\n<li>wenn zumindest eine RB als Innen- oder Au\u00dfentemperatur definiert wurde, kann HTflux die Temperatur von gewichteten RB automatisch berechnen. (siehe unten)<\/li>\n<\/ol>\n<p>Es stehen die folgenden Typen zur Verf\u00fcgung:<\/p>\n<ul>\n<li><strong>Innentemperatur<br \/>\n<\/strong>Temperatur des konditionierten Innenraums (vielfach\u00a0 20\u00b0C)<\/li>\n<li><strong>Au\u00dfentemperatur<br \/>\n<\/strong>Mittlere Temperatur des Au\u00dfenklimas (h\u00e4ufig 0\u00b0C, -5\u00b0C, Monatsmittelwerte oder andere in den nationalen Normen festgelegte Temperaturen)<\/li>\n<li><strong>gewichtet<br \/>\n<\/strong>Dieser Typ gelangt z.B. bei unkonditionierten Nebenr\u00e4umen (Treppenhaus, Dachboden, Garage,&#8230;) zum Einsatz. Bei diesem Typ wird die Temperatur nicht direkt spezifiziert sondern, \u00fcber einen geeigneten Temperaturkorrekturfaktor F bestimmt.<br \/>\nDer Temperaturkorrekturfaktor gibt in welchem relativen Verh\u00e4ltnis die Temperatur zur Au\u00dfen- und Innentemperatur steht. Die Au\u00dfentemperatur h\u00e4tte somit den Wert F=1,00 und die Innentemperatur den Wert F=0,00.<br \/>\n<em>Ein Beispiel: F=0,75 w\u00fcrde beispielsweise bedeuten, dass sich die Temperatur als gewichtete Summe mit 75% Au\u00dfentemperatur und 25% Innentemperatur berechnet wird. Bei I: 20\u00b0C und A: 0\u00b0C, w\u00e4re die mit F=0,75 gewichtete Temperatur demnach 5\u00b0C.<\/em><br \/>\nSobald Sie diesen Typ w\u00e4hlen, kann im Temperaturfeld der Randbedingung kein Wert mehr eingegeben werden, da dieser bereits durch den Temperaturkorrekturfaktor festgelegt wird. Die anzuwendenden Temperaturkorrekturfaktoren finden Sie in Ihren nationalen Normen. Manchmal sind f\u00fcr sommerliche und winterliche Bedingungen abweichende Werte zu w\u00e4hlen.<br \/>\nEinige typische Beispiele:<\/p>\n<ul>\n<li>geschlossene Tiefgarage: F=0,80<\/li>\n<li>geschlossene Garage: F=0,90<\/li>\n<li>unkonditionierter, unged\u00e4mmter Keller: F=0,70<\/li>\n<li>unkonditionierter, ged\u00e4mmter Keller: F=0,50<\/li>\n<li>erdanliegende Wand &lt;=1,5 unter Niveau: F=0,80<\/li>\n<li>erdanliegender Fu\u00dfboden &lt;=1,5 unter Niveau: F=0,70<\/li>\n<li>erdandliegende Wand &gt;=1,5m unter Niveau: F=0,60<\/li>\n<li>erdandliegender Fu\u00dfboden &gt;=1,5m unter Niveau: F=0,50<\/li>\n<\/ul>\n<\/li>\n<\/ul>\n","protected":false},"excerpt":{"rendered":"<p>Randbedingungen Als Randbedingungen wird bei derartigen thermischen Simulation \u00fcblicherweise die Vorgabe einer bestimmten Temperatur an der Oberfl\u00e4che des Bauteils verstanden. Zus\u00e4tzlich zu dieser (Umgebungs-)Temperatur wird meist auch ein W\u00e4rme\u00fcbergangswiderstand vorgeben. Dieser bildet in einem vereinfachten Modell die W\u00e4rme\u00fcbertragung aus der Umgebung in die Oberfl\u00e4che des simulierten Objekts ab. Diese ist W\u00e4rme\u00fcbertragung ist ein sehr komplexer [&hellip;]<\/p>\n","protected":false},"author":2,"featured_media":0,"parent":837,"menu_order":0,"comment_status":"open","ping_status":"open","template":"pageTemp-userGuide_NEW.php","meta":{"footnotes":""},"class_list":["post-1992","page","type-page","status-publish","hentry"],"_links":{"self":[{"href":"https:\/\/www.htflux.com\/de\/wp-json\/wp\/v2\/pages\/1992","targetHints":{"allow":["GET"]}}],"collection":[{"href":"https:\/\/www.htflux.com\/de\/wp-json\/wp\/v2\/pages"}],"about":[{"href":"https:\/\/www.htflux.com\/de\/wp-json\/wp\/v2\/types\/page"}],"author":[{"embeddable":true,"href":"https:\/\/www.htflux.com\/de\/wp-json\/wp\/v2\/users\/2"}],"replies":[{"embeddable":true,"href":"https:\/\/www.htflux.com\/de\/wp-json\/wp\/v2\/comments?post=1992"}],"version-history":[{"count":11,"href":"https:\/\/www.htflux.com\/de\/wp-json\/wp\/v2\/pages\/1992\/revisions"}],"predecessor-version":[{"id":2034,"href":"https:\/\/www.htflux.com\/de\/wp-json\/wp\/v2\/pages\/1992\/revisions\/2034"}],"up":[{"embeddable":true,"href":"https:\/\/www.htflux.com\/de\/wp-json\/wp\/v2\/pages\/837"}],"wp:attachment":[{"href":"https:\/\/www.htflux.com\/de\/wp-json\/wp\/v2\/media?parent=1992"}],"curies":[{"name":"wp","href":"https:\/\/api.w.org\/{rel}","templated":true}]}}