{"id":1994,"date":"2016-06-23T16:42:23","date_gmt":"2016-06-23T14:42:23","guid":{"rendered":"http:\/\/www.htflux.com\/de\/?page_id=1994"},"modified":"2020-06-26T10:40:06","modified_gmt":"2020-06-26T08:40:06","slug":"waermeuebergangswiderstand","status":"publish","type":"page","link":"https:\/\/www.htflux.com\/de\/documentation\/randbedingungen\/waermeuebergangswiderstand\/","title":{"rendered":"W\u00e4rme\u00fcbergangswiderstand"},"content":{"rendered":"<h1>Der W\u00e4rme\u00fcbergangswiderstand<\/h1>\n<h2>(Etwas) Theorie<\/h2>\n<table>\n<tbody>\n<tr>\n<td>Der W\u00e4rme\u00fcbergangswiderstand ist eine (meist konstant) angenommene Gr\u00f6\u00dfe, welche die W\u00e4rme\u00fcbertragung aus der Umgebung in eine Oberfl\u00e4che vereinfach abbildet. Tats\u00e4chlich handelt es sich dabei um einen sehr komplexen Vorgang, an welchem in der Regel alle W\u00e4rme\u00fcbertragungsmechanismen beteiligt sind:<\/p>\n<ul>\n<li>W\u00e4rmestrahlung<\/li>\n<li>Konvektion<\/li>\n<li>W\u00e4rmeleitung<\/li>\n<\/ul>\n<\/td>\n<td width=\"250px\"><img loading=\"lazy\" decoding=\"async\" class=\"alignnone size-medium wp-image-1999\" src=\"http:\/\/www.htflux.com\/de\/wp-content\/uploads\/sites\/3\/2016\/06\/W\u00e4rme\u00fcbergang-Prinzip-285x300.png\" alt=\"Prinzip W\u00e4rme\u00fcbergangswiderstand Strahlung Konvektion Leitung\" width=\"285\" height=\"300\" srcset=\"https:\/\/www.htflux.com\/de\/wp-content\/uploads\/sites\/3\/2016\/06\/W\u00e4rme\u00fcbergang-Prinzip-285x300.png 285w, https:\/\/www.htflux.com\/de\/wp-content\/uploads\/sites\/3\/2016\/06\/W\u00e4rme\u00fcbergang-Prinzip-325x342.png 325w, https:\/\/www.htflux.com\/de\/wp-content\/uploads\/sites\/3\/2016\/06\/W\u00e4rme\u00fcbergang-Prinzip-100x105.png 100w, https:\/\/www.htflux.com\/de\/wp-content\/uploads\/sites\/3\/2016\/06\/W\u00e4rme\u00fcbergang-Prinzip.png 413w\" sizes=\"auto, (max-width: 285px) 100vw, 285px\" \/><\/td>\n<\/tr>\n<\/tbody>\n<\/table>\n<div class=\"half-size\">Obwohl diese Komponenten im Einzelnen eine nicht lineare Temperaturabh\u00e4ngigkeit zeigen und von einer Reihe an Parametern abh\u00e4ngig sind, kann f\u00fcr bauphysikalische Zwecke vereinfacht eine konstanter W\u00e4rme\u00fcbergangswiderstand (oder -koeffizient) angenommen werden.<br \/>\nDer W\u00e4rmestrom h\u00e4ngt dann linear vom Temperaturunterschied Oberfl\u00e4che \/ Umgebung ab.<\/div>\n<p>Der W\u00e4rme\u00fcbergangswiderstand setzt sich bei diesem Modell aus einem theoretischen W\u00e4rme\u00fcbergangskoeffizienten f\u00fcr die W\u00e4rmestrahlung <em><strong>h<sub>r<\/sub><\/strong><\/em> und einem W\u00e4rme\u00fcbergangskoeffizienten f\u00fcr die Konvektion <em><strong>h<sub>c<\/sub><\/strong><\/em> zusammen:<br \/>\n<img loading=\"lazy\" decoding=\"async\" class=\"alignnone wp-image-2000 size-full\" src=\"http:\/\/www.htflux.com\/de\/wp-content\/uploads\/sites\/3\/2016\/06\/Definition-W\u00e4rme\u00fcbergangswiderstand-hr-hc.png\" alt=\"Definition-W\u00e4rme\u00fcbergangswiderstand-hr-hc\" width=\"171\" height=\"92\" srcset=\"https:\/\/www.htflux.com\/de\/wp-content\/uploads\/sites\/3\/2016\/06\/Definition-W\u00e4rme\u00fcbergangswiderstand-hr-hc.png 171w, https:\/\/www.htflux.com\/de\/wp-content\/uploads\/sites\/3\/2016\/06\/Definition-W\u00e4rme\u00fcbergangswiderstand-hr-hc-100x54.png 100w\" sizes=\"auto, (max-width: 171px) 100vw, 171px\" \/><br \/>\nIm Innenraum ist in der Regel der Strahlungsanteil dominant. Im Au\u00dfenbereich dominiert, aufgrund der h\u00f6heren Str\u00f6mungsgeschwindigkeit der Luft, die W\u00e4rme\u00fcbertragung durch Konvektion.<\/p>\n<h2>Praxis<\/h2>\n<p>F\u00fcr die bauphysikalische Praxis werden f\u00fcr thermischen Simulation W\u00e4rme\u00fcbergangswiderst\u00e4nde in den relevanten Normen vorgeben. Um den unterschiedlichen Konvektionsbedingungen (&#8222;warme Luft steigt auf, kalte bleibt liegen&#8220;) und den unterschiedlichen Str\u00f6mungsgeschwindigkeiten der Luftmassen gerecht zu werden, sind unterschiedliche W\u00e4rme\u00fcbergangswiderst\u00e4nde anzuwenden. Bei HTflux k\u00f6nnen Sie entweder den Wert direkt eingeben oder mittels des Buttons rechts neben dem Eingabefeld ein komfortables Tool zur Festlegung des W\u00e4rme\u00fcbergangswiderstands \u00f6ffnen.<\/p>\n<p>Hier ein \u00dcberblick \u00fcber die W\u00e4rme\u00fcbergangswiderst\u00e4nde welche in der Bauphysik anzusetzen sind:<\/p>\n<h3>W\u00e4rme\u00fcbergangswiderst\u00e4nde f\u00fcr den Innenbereich<\/h3>\n<table>\n<tbody>\n<tr>\n<td style=\"text-align: center;\"><em>Wert<\/em><\/td>\n<td style=\"text-align: center;\"><em>Norm<\/em><\/td>\n<td><em>Anwendung<\/em><\/td>\n<\/tr>\n<tr>\n<td style=\"text-align: center;\">0,13 m\u00b2K\/W<\/td>\n<td style=\"text-align: center;\">ISO 6946<\/td>\n<td><strong>W\u00e4rmestrom horizontal, undefiniert oder wechselnd<\/strong><strong><br \/>\n<\/strong>z.B zwischen beheizten Etagen oder an seitlicher Au\u00dfenwand<\/td>\n<\/tr>\n<tr>\n<td style=\"text-align: center;\">0,10 m\u00b2K\/W<\/td>\n<td style=\"text-align: center;\">ISO 6946<\/td>\n<td><strong>W\u00e4rmestrom aufw\u00e4rts, erh\u00f6hter W\u00e4rme\u00fcbergang<br \/>\n<\/strong>z.B. Decke zu unbeheiztem Dachraum oder Flachdach<\/td>\n<\/tr>\n<tr>\n<td style=\"text-align: center;\">0,17 m\u00b2K\/W<\/td>\n<td style=\"text-align: center;\">ISO 6946<\/td>\n<td><strong>W\u00e4rmestrom abw\u00e4rts, reduzierter W\u00e4rme\u00fcbergang<br \/>\n<\/strong>z.B. Fussboden des beheizten Wohnraums \u00fcber Garage<\/td>\n<\/tr>\n<tr>\n<td style=\"text-align: center;\">0,25 m\u00b2K\/W<\/td>\n<td style=\"text-align: center;\">ISO 13788<\/td>\n<td><strong>Reduzierter W\u00e4rme\u00fcbergang f\u00fcr hygrothermische Betrachtungen<br \/>\n<\/strong>z.B. zur Ermittlung der minimalen inneren Oberfl\u00e4chentemperatur<\/td>\n<\/tr>\n<tr>\n<td style=\"text-align: center;\">0,20 m\u00b2K\/W<\/td>\n<td style=\"text-align: center;\">ISO 10077-2<\/td>\n<td><strong>Reduzierter W\u00e4rme\u00fcbergang bei Fensterberechnungen<\/strong><\/td>\n<\/tr>\n<\/tbody>\n<\/table>\n<p>&nbsp;<\/p>\n<h3>W\u00e4rme\u00fcbergangswiderst\u00e4nde f\u00fcr den Au\u00dfenbereich<\/h3>\n<table>\n<tbody>\n<tr>\n<td style=\"text-align: center;\"><em>Wert<\/em><\/td>\n<td style=\"text-align: center;\"><em>Norm<\/em><\/td>\n<td><em>Anwendung<\/em><\/td>\n<\/tr>\n<tr>\n<td style=\"text-align: center;\">0,04 m\u00b2K\/W<\/td>\n<td style=\"text-align: center;\">ISO 6946<\/td>\n<td><strong>Direkt bewetterte Au\u00dfenfl\u00e4che <\/strong><strong><br \/>\n<\/strong>z.B. Au\u00dfenwand<\/td>\n<\/tr>\n<tr>\n<td style=\"text-align: center;\">0,13 m\u00b2K\/W<\/td>\n<td style=\"text-align: center;\">ISO 6946<\/td>\n<td><strong>Horizontaler oder wechselnder W\u00e4rmestrom zu Hinterl\u00fcftungsebene<br \/>\noder unkoditioniertem Nebenraum<br \/>\n<\/strong>z.B. Hinterl\u00fcftungsebene der Au\u00dfenwand<\/td>\n<\/tr>\n<tr>\n<td style=\"text-align: center;\">0,10 m\u00b2K\/W<\/td>\n<td style=\"text-align: center;\">ISO 6946<\/td>\n<td><strong>W\u00e4rmestrom aufw\u00e4rts, zu Hinterl\u00fcftungsebene oder unkond. Nebenraum<br \/>\n<\/strong>z.B.\u00a0Decke der unbeheizten Garage zu beheiztem Raum<\/td>\n<\/tr>\n<tr>\n<td style=\"text-align: center;\">0,17 m\u00b2K\/W<\/td>\n<td style=\"text-align: center;\">ISO 6946<\/td>\n<td><strong>W\u00e4rmestrom abw\u00e4rts, zu Hinterl\u00fcftungsebene oder unkond. Nebenraum<br \/>\n<\/strong>z.B. Fu\u00dfboden des unbeheizten Dachraum zu beheiztem Raum<\/td>\n<\/tr>\n<\/tbody>\n<\/table>\n<h3>Graphische \u00dcbersicht<\/h3>\n<p>In der folgenden Graphik wurde angedeutet, wie die oben genannten W\u00e4rme\u00fcbergangswiderst\u00e4nde anzuordnen sind:<\/p>\n<div id=\"attachment_2160\" style=\"width: 526px\" class=\"wp-caption alignnone\"><a href=\"http:\/\/www.htflux.com\/de\/wp-content\/uploads\/sites\/3\/2016\/06\/W\u00e4rme\u00fcbergangswiderst\u00e4nde-innen-aussen1.png\" data-rel=\"lightbox-gallery-O0bGUlhZ\" data-rl_title=\"\" data-rl_caption=\"\" title=\"\"><img loading=\"lazy\" decoding=\"async\" aria-describedby=\"caption-attachment-2160\" class=\"wp-image-2160 size-full\" src=\"http:\/\/www.htflux.com\/de\/wp-content\/uploads\/sites\/3\/2016\/06\/W\u00e4rme\u00fcbergangswiderst\u00e4nde-innen-aussen1.png\" alt=\"W\u00e4rme\u00fcbergangswiderst\u00e4nde innen aussen Rsi, Rse\" width=\"516\" height=\"504\" srcset=\"https:\/\/www.htflux.com\/de\/wp-content\/uploads\/sites\/3\/2016\/06\/W\u00e4rme\u00fcbergangswiderst\u00e4nde-innen-aussen1.png 516w, https:\/\/www.htflux.com\/de\/wp-content\/uploads\/sites\/3\/2016\/06\/W\u00e4rme\u00fcbergangswiderst\u00e4nde-innen-aussen1-300x293.png 300w, https:\/\/www.htflux.com\/de\/wp-content\/uploads\/sites\/3\/2016\/06\/W\u00e4rme\u00fcbergangswiderst\u00e4nde-innen-aussen1-325x317.png 325w, https:\/\/www.htflux.com\/de\/wp-content\/uploads\/sites\/3\/2016\/06\/W\u00e4rme\u00fcbergangswiderst\u00e4nde-innen-aussen1-100x98.png 100w\" sizes=\"auto, (max-width: 516px) 100vw, 516px\" \/><\/a><p id=\"caption-attachment-2160\" class=\"wp-caption-text\">\u00dcbliche W\u00e4rme\u00fcbergangswiderst\u00e4nde Rsi, Rse gem\u00e4\u00df ISO-Norm<\/p><\/div>\n<p><em>\u00a0 (Sie finden diese Darstellung in HTflux auf dem dritten Tab des W\u00e4rme\u00fcbergangswiderstands-Dialoges).<\/em><\/p>\n<h3>Benutzerdefinierte individuelle W\u00e4rme\u00fcbergangswiderst\u00e4nde<\/h3>\n<p>F\u00fcr spezielle Anwendungen, d.h. wenn mit ungew\u00f6hnlich hohen oder niederen Strahlungstemperaturen, mit niedrigeren Emissionskoeffizienten oder mit h\u00f6heren Windgeschwindigkeiten zu rechnen ist, kann der W\u00e4rme\u00fcbergangswiderstand auch nach der in ISO 6946 Anhang A vorgegebenen Berechnungsvorschrift ermittelt werden. HTflux bietet hierzu ein sehr komfortables Berechnungstool, welches Sie auf der zweiten Registerkarte des Dialogs finden.<\/p>\n<h3 id=\"heatcool\" class=\"hash-anchor\">W\u00e4rme\u00fcbergangswiderst\u00e4nde zur Simulation von fl\u00e4chigen Heiz- oder K\u00fchlsystemen<\/h3>\n<p>Die folgenden Werte k\u00f6nnen angewendet werden, wenn die W\u00e4rmeabgabe von Heiz- oder K\u00fchlsysteme simuliert werden soll. <em>Achtung: diese Werte sind ausschlie\u00dflich zur Simulation von aktiven Heiz\/K\u00fchlelemtene heranzuziehen. Tranmissionsberechnungen (U-Wert, W\u00e4rmebr\u00fccken etc.) m\u00fcssen immer ohne derartige aktive Elemente durchgef\u00fchrt werden. In diesem Fall sind jedenfalls die weiter oben stehenden Werte anzuwenden!<\/em><\/p>\n<p>Die Werte basieren auf den Normenvorgaben von <em>EN 1264-5 &#8211; Raumfl\u00e4chenintegrierte Heiz- und K\u00fchlsysteme mit Wasserdurchstr\u00f6mung &#8211; Teil 5: Heiz- und K\u00fchlfl\u00e4chen in Fu\u00dfb\u00f6den, Decken und W\u00e4nden &#8211; Bestimmung der W\u00e4rmeleistung und der K\u00fchlleistung.<\/em><\/p>\n<table>\n<tbody>\n<tr>\n<td style=\"text-align: center;\"><em>Wert<\/em><\/td>\n<td style=\"text-align: center;\"><em>Norm<\/em><\/td>\n<td><em>Anwendung<\/em><\/td>\n<\/tr>\n<tr>\n<td style=\"text-align: center;\">0,0926 m\u00b2K\/W<\/td>\n<td style=\"text-align: center;\">ISO 1264-5<\/td>\n<td><strong>Fl\u00e4chenintegrierte Heizung &#8211; BODEN<br \/>\n<\/strong>(die Oberfl\u00e4chentemperatur des Bodens ist h\u00f6her als die Raumtemperatur)<\/td>\n<\/tr>\n<tr>\n<td style=\"text-align: center;\">0,125 m\u00b2K\/W<\/td>\n<td style=\"text-align: center;\">ISO 1264-5<\/td>\n<td><strong>Fl\u00e4chenintegrierte Heizung &#8211; WAND<br \/>\n<\/strong>(die Oberfl\u00e4chentemperatur der Wand ist h\u00f6her als die Raumtemperatur)<\/td>\n<\/tr>\n<tr>\n<td style=\"text-align: center;\">0,1538 m\u00b2K\/W<\/td>\n<td style=\"text-align: center;\">ISO 1264-5<\/td>\n<td><strong>Fl\u00e4chenintegrierte Heizung &#8211; DECKE<br \/>\n<\/strong>(die Oberfl\u00e4chentemperatur der Decke ist h\u00f6her als die Raumtemperatur)<\/td>\n<\/tr>\n<tr>\n<td style=\"text-align: center;\">0,1538\u00a0 m\u00b2K\/W<\/td>\n<td style=\"text-align: center;\">ISO 1264-5<\/td>\n<td><strong>Fl\u00e4chenintegrierte K\u00fchlung &#8211; BODEN<br \/>\n<\/strong>(die Oberfl\u00e4chentemperatur des Bodens ist niedriger als die Raumtemperatur)<\/td>\n<\/tr>\n<tr>\n<td style=\"text-align: center;\">0,125 m\u00b2K\/W<\/td>\n<td style=\"text-align: center;\">ISO 1264-5<\/td>\n<td><strong>Fl\u00e4chenintegrierte K\u00fchlung &#8211; WAND<br \/>\n<\/strong>(die Oberfl\u00e4chentemperatur der Wand ist niedriger als die Raumtemperatur)<\/td>\n<\/tr>\n<tr>\n<td style=\"text-align: center;\">0,0926 m\u00b2K\/W<\/td>\n<td style=\"text-align: center;\">ISO 1264-5<\/td>\n<td><strong>Fl\u00e4chenintegrierte K\u00fchlung &#8211; DECKE<br \/>\n<\/strong>(die Oberfl\u00e4chentemperatur der Decke ist niedriger als die Raumtemperatur)<\/td>\n<\/tr>\n<\/tbody>\n<\/table>\n<p><em>Hinweis: da in HTflux W\u00e4rme\u00fcbergangswiderst\u00e4nde eingeben werden, handelt es sich um die Kehrwerte der angegebenen W\u00e4rme\u00fcbergangskoeffizienten der Norm (10,8 m\u00b2K\/W,\u00a0 8 m\u00b2K\/W,\u00a0\u00a0 6,5 m\u00b2K\/W)<br \/>\n<\/em><\/p>\n<h3>W\u00e4rme\u00fcbertragung von flie\u00dfenden Medien in Rohrleitungen (Fl\u00fcssigkeiten oder Gase)<\/h3>\n<p>Auf dem letzten Tab im Dialog <em>W\u00e4rme\u00fcbergangswiderst\u00e4nde<\/em> finden Sie ein praktisches Tool, welches es gestattet auf einfache Weise fluiddynamische Berechnungen durchzuf\u00fchren. Auf diese Weise k\u00f6nnen Sie den W\u00e4rme\u00fcbergangswiderstand f\u00fcr Rohrleitungen mit str\u00f6menden Fl\u00fcssigkeiten (Wasser, K\u00fchlmittel, \u00d6l etc.) oder Gasen (Luft, Dampf etc.) durchf\u00fchren.<br \/>\nDas Tool und die zugrundeliegenden str\u00f6mungsmechanischen Berechnungen wird hier erkl\u00e4rt: <a href=\"http:\/\/www.htflux.com\/de\/documentation\/randbedingungen\/waermeuebergangswiderstand\/waermeuebergang-rohrstroemung\/\">W\u00e4rme\u00fcbergang in Rohrstr\u00f6mungen<\/a><\/p>\n","protected":false},"excerpt":{"rendered":"<p>Der W\u00e4rme\u00fcbergangswiderstand (Etwas) Theorie Der W\u00e4rme\u00fcbergangswiderstand ist eine (meist konstant) angenommene Gr\u00f6\u00dfe, welche die W\u00e4rme\u00fcbertragung aus der Umgebung in eine Oberfl\u00e4che vereinfach abbildet. Tats\u00e4chlich handelt es sich dabei um einen sehr komplexen Vorgang, an welchem in der Regel alle W\u00e4rme\u00fcbertragungsmechanismen beteiligt sind: W\u00e4rmestrahlung Konvektion W\u00e4rmeleitung Obwohl diese Komponenten im Einzelnen eine nicht lineare Temperaturabh\u00e4ngigkeit zeigen [&hellip;]<\/p>\n","protected":false},"author":2,"featured_media":0,"parent":1992,"menu_order":0,"comment_status":"open","ping_status":"open","template":"pageTemp-userGuide_NEW.php","meta":{"footnotes":""},"class_list":["post-1994","page","type-page","status-publish","hentry"],"_links":{"self":[{"href":"https:\/\/www.htflux.com\/de\/wp-json\/wp\/v2\/pages\/1994","targetHints":{"allow":["GET"]}}],"collection":[{"href":"https:\/\/www.htflux.com\/de\/wp-json\/wp\/v2\/pages"}],"about":[{"href":"https:\/\/www.htflux.com\/de\/wp-json\/wp\/v2\/types\/page"}],"author":[{"embeddable":true,"href":"https:\/\/www.htflux.com\/de\/wp-json\/wp\/v2\/users\/2"}],"replies":[{"embeddable":true,"href":"https:\/\/www.htflux.com\/de\/wp-json\/wp\/v2\/comments?post=1994"}],"version-history":[{"count":28,"href":"https:\/\/www.htflux.com\/de\/wp-json\/wp\/v2\/pages\/1994\/revisions"}],"predecessor-version":[{"id":2518,"href":"https:\/\/www.htflux.com\/de\/wp-json\/wp\/v2\/pages\/1994\/revisions\/2518"}],"up":[{"embeddable":true,"href":"https:\/\/www.htflux.com\/de\/wp-json\/wp\/v2\/pages\/1992"}],"wp:attachment":[{"href":"https:\/\/www.htflux.com\/de\/wp-json\/wp\/v2\/media?parent=1994"}],"curies":[{"name":"wp","href":"https:\/\/api.w.org\/{rel}","templated":true}]}}