{"id":20,"date":"2014-02-06T09:34:11","date_gmt":"2014-02-06T07:34:11","guid":{"rendered":"http:\/\/www.htflux.com\/de\/?page_id=20"},"modified":"2023-12-09T17:39:35","modified_gmt":"2023-12-09T15:39:35","slug":"downloads","status":"publish","type":"page","link":"https:\/\/www.htflux.com\/de\/downloads\/","title":{"rendered":"Downloads"},"content":{"rendered":"<p>Nutzen Sie die Gelegenheit und testen Sie HTflux f\u00fcr 30 Tage kostenlos! HTflux steht Ihnen in dieser Zeit in der Standardversion vollumf\u00e4nglich zur Verf\u00fcgung. Auch eine kommerzielle Nutzung ist gestattet.<br \/>\nUm HTflux zu testen registrieren Sie sich bitte <a href=\"http:\/\/www.htflux.com\/de\/registrierung\">hier.<\/a> Die Registrierung ist kostenlos und dauert nur wenige Minuten. Anschlie\u00dfend k\u00f6nnen Sie die Software im <strong>MyHTflux<\/strong>-Bereich unter <a href=\"http:\/\/www.htflux.com\/de\/my-downloads\/\">Downloads<\/a> herunterladen und installieren.<\/p>\n<p>Nach Beendigung der Testphase, stehen Ihnen die folgenden Optionen zur Verf\u00fcgung:<\/p>\n<ul>\n<li style=\"list-style-type: none;\">\n<ul>\n<li><strong>HTflux &#8211; Standard-Version:\u00a0 <\/strong>j\u00e4hrliche Lizenzgeb\u00fchr: \u00a0 \u20ac 393 (exkl. USt.)<br \/>\n<em>enth\u00e4lt alles was Sie f\u00fcr Standardaufgaben (W\u00e4rmebr\u00fcckenberechnung etc.)\u00a0 ben\u00f6tigen.<\/em><\/li>\n<li><strong>HTflux &#8211; PRO-Version: <\/strong>j\u00e4hrliche Lizenzgeb\u00fchr: \u00a0 \u20ac 531 (exkl. USt.)<br \/>\n<em><em>enth\u00e4lt zus\u00e4tzlich zur Standardversion: dynamische thermische Simulation, W\u00e4rmequellen\/-senken, Isolierglas-Tool, automatische Speichermassen-Berechnung<br \/>\n<\/em><\/em><\/li>\n<\/ul>\n<\/li>\n<\/ul>\n<p>&nbsp;<\/p>\n<ul>\n<li><strong>HTflux &#8211; University: <\/strong><br \/>\n<em>f\u00fcr nachgewiesene akademische Nutzung ist eine kostenlose Version verf\u00fcgbar (H\u00f6rsaal-Lizenz, Studenten-Lizenz, Dissertationen, Diplomarbeiten, nicht-kommerzielle Forschung, etc.) &#8211; kontaktieren Sie uns..<\/em><\/li>\n<\/ul>\n<p>Haben Sie noch Fragen?\u00a0 <a title=\"Kontakieren Sie mich\" href=\"http:\/\/www.htflux.com\/de\/kontakieren-sie-mich\/\">Dann klicken Sie bitte hier!<\/a><\/p>\n","protected":false},"excerpt":{"rendered":"<p>Nutzen Sie die Gelegenheit und testen Sie HTflux f\u00fcr 30 Tage kostenlos! HTflux steht Ihnen in dieser Zeit in der Standardversion vollumf\u00e4nglich zur Verf\u00fcgung. Auch eine kommerzielle Nutzung ist gestattet. Um HTflux zu testen registrieren Sie sich bitte hier. Die Registrierung ist kostenlos und dauert nur wenige Minuten. Anschlie\u00dfend k\u00f6nnen Sie die Software im MyHTflux-Bereich [&hellip;]<\/p>\n","protected":false},"author":1,"featured_media":0,"parent":0,"menu_order":8,"comment_status":"open","ping_status":"open","template":"","meta":{"footnotes":""},"class_list":["post-20","page","type-page","status-publish","hentry"],"_links":{"self":[{"href":"https:\/\/www.htflux.com\/de\/wp-json\/wp\/v2\/pages\/20","targetHints":{"allow":["GET"]}}],"collection":[{"href":"https:\/\/www.htflux.com\/de\/wp-json\/wp\/v2\/pages"}],"about":[{"href":"https:\/\/www.htflux.com\/de\/wp-json\/wp\/v2\/types\/page"}],"author":[{"embeddable":true,"href":"https:\/\/www.htflux.com\/de\/wp-json\/wp\/v2\/users\/1"}],"replies":[{"embeddable":true,"href":"https:\/\/www.htflux.com\/de\/wp-json\/wp\/v2\/comments?post=20"}],"version-history":[{"count":26,"href":"https:\/\/www.htflux.com\/de\/wp-json\/wp\/v2\/pages\/20\/revisions"}],"predecessor-version":[{"id":2528,"href":"https:\/\/www.htflux.com\/de\/wp-json\/wp\/v2\/pages\/20\/revisions\/2528"}],"wp:attachment":[{"href":"https:\/\/www.htflux.com\/de\/wp-json\/wp\/v2\/media?parent=20"}],"curies":[{"name":"wp","href":"https:\/\/api.w.org\/{rel}","templated":true}]}}