{"id":2115,"date":"2016-10-06T16:19:18","date_gmt":"2016-10-06T14:19:18","guid":{"rendered":"http:\/\/www.htflux.com\/de\/?page_id=2115"},"modified":"2016-10-06T17:06:12","modified_gmt":"2016-10-06T15:06:12","slug":"dxf-import-2","status":"publish","type":"page","link":"https:\/\/www.htflux.com\/de\/documentation\/dxf-import-2\/","title":{"rendered":"DXF Import"},"content":{"rendered":"<h1>DXF\/CAD Import<\/h1>\n<p>HTflux bietet Ihnen eine komfortable M\u00f6glichkeit CAD Daten zu \u00fcbernehmen. Das DXF-Format ist eines der meist verwendeten Austauschformate und kann von beinahe allen CAD Softwarepaketen erstellt werden. (z.B. AutoCAD, Allplan Archicad, FreeCAD, TurboCAD, Google SketchUp,&#8230;). Die DXF Dateien welche mit diesem Programmen exportiert wurden, k\u00f6nnen in HTflux importiert werden.<\/p>\n<p>Dr\u00fccken Sie auf den entsprechenden Button im START-Men\u00fc um die Importfunktion aufzurufen.<br \/>\nDer folgende Dialog erscheint:<br \/>\n<img loading=\"lazy\" decoding=\"async\" class=\"alignnone size-full-blog-width wp-image-1228\" src=\"http:\/\/www.htflux.com\/en\/wp-content\/uploads\/sites\/4\/2016\/09\/DXF-Import-Tool-marked-667x515.png\" alt=\"HTflux dxf import tool\" width=\"667\" height=\"515\" \/><\/p>\n<h3>(1) Die Layer-Liste<\/h3>\n<p>Die Layer-Liste bietet die folgenden M\u00f6glichkeiten:<\/p>\n<ul>\n<li>entscheiden Sie mittels Mausclick auf das blaue H\u00e4kchen links, welche Layer Sie importieren m\u00f6chten.<\/li>\n<li>die Zahl rechts listet die Zahl der importierbaren Objekte auf diesem Layer auf.<\/li>\n<li>die Zahl in Klammer gibt an wie viele Einzellinien auf diesem Layer vorhanden sind. Sie k\u00f6nnen Einzellinien nicht als Objekte, jedoch als Hilfslinien importieren.<\/li>\n<li>das Farbfeld erm\u00f6glicht es Ihnen eine Farbe f\u00fcr die Objektansicht zu w\u00e4hlen.<\/li>\n<li>der Text unter dem Layernamen, zeigt Ihnen allf\u00e4llige Materialzuordnungen an.<\/li>\n<\/ul>\n<h3>(2) Material Zuordnung<\/h3>\n<p>Wenn in Ihrer CAD Zeichnung Objekte bereits entsprechend den Materialien einzelnen Layern zugeordnet sind, so k\u00f6nnen Sie bereits beim Import eine Materialzuordnung in HTflux vornehmen. Verwenden Sie diese Buttons und das Textfeld rechts um das korrekte Material auszuw\u00e4hlen.<\/p>\n<h3>(3) Import wizard<\/h3>\n<p>Der Import Wizard erlaubt eine automatisierte Zuweisung von Materialien entsprechend der Layernamen. Sie k\u00f6nnen ein oder mehrere Vorlagen anlegen, bei welchen Sie mehrere Regeln f\u00fcr die Materialzuordnung zusammenfassen k\u00f6nnen. Dies ist sehr hilfreich wenn Sie immer gleichartige CAD Dateien importieren, und diese bereits eine materialabh\u00e4ngige Layerstruktur aufweisen.<\/p>\n<h3>(4) Skalierung \/ L\u00e4ngeneinheit<\/h3>\n<p>W\u00e4hlen Sie hier die Basiseinheit Ihrer CAD Datei. Wenn Sie beispielsweise die Einheit &#8222;mm&#8220; w\u00e4hlen, bedeutet dies dass die L\u00e4nge 1 in Ihrer CAD Datei der physikalischen L\u00e4nge 1mm entspricht. HTflux wird versuchen Informationen \u00fcber die korrekte Einheit aus dem DXF zu extrahieren. Je nach Programm ist diese Information oft nicht vorhanden oder nicht korrekt gesetzt.<\/p>\n<h3>(5) Koordinatenursprung<\/h3>\n<p>W\u00e4hlen Sie hier wo sich der Ursprung Ihres Koordinatensystems befindet. Damit definieren Sie die Art des Koordinatensystems. Der h\u00e4ufigste Typ ist &#8222;unten links&#8220;. Dies bedeutet, dass die positive X-Achse nach rechts und die positive Y-Achse nach oben zeigen. Wenn Ihre CAD Daten nach dem Import gespiegelt erscheinen, sollte Sie neu importieren und diese Auswahl korrigieren.<\/p>\n<h3>(6) Layer-Optionen<\/h3>\n<p>Hier k\u00f6nnen Sie entscheiden auf welche Weise Layer importiert werden. Es kann sehr hilfreich sein, sicherzustellen, dass hier die korrekte Zeichen-Reihenfolge gew\u00e4hlt wird. Dies wird Ihnen im Fall von \u00fcberlappenden Objekten Zeit sparen, da Sie ansonsten die Objekte sp\u00e4ter &#8222;h\u00e4ndisch&#8220; im Projekt-Manager umsortieren m\u00fcssen. (siehe <a title=\"Das Ebenenkonzept\" href=\"http:\/\/www.htflux.com\/de\/documentation\/ebenenkonzept\/\">Das Ebenen-Konzept<\/a>)<\/p>\n<h3>(7) Geometrische Transformationen<\/h3>\n<p>Neben der Wahl des geeigneten Koordinatensystems (siehe 5), k\u00f6nnen Sie hier mittels zus\u00e4tzlicher Funktionen beeinflussen wie die graphischen Daten importiert werden. Es stehen die folgenden Optionen zur Verf\u00fcgung: spiegeln vertikal, spiegeln horizontal, skalieren und rotieren.<\/p>\n<h3>WICHTIGE ANMERKUNGEN &#8211; bitte beachten Sie die folgenden Punkte beim Import:<\/h3>\n<ul>\n<li>Objekte welche Sie in HTflux importieren m\u00fcssen vom Typ Polylinie sein. Idealerweise sollten diese f\u00fcr fl\u00e4chige Objekte vom Typ &#8222;geschlossen&#8220; sein (HTflux bietet Hilfestellungen, falls diese geschlossen gezeichnet wurden, aber nicht als &#8222;geschlossen&#8220; vermerkt sind). <em>Tipp: viele CAD Programme bieten effiziente M\u00f6glichkeiten um geschlossen umgrenzte Bereiche automatisch in Polylinien zu konvertieren (siehe z.B. die Funktion UMGRENZUNG in AutoCAD)<\/em><\/li>\n<li>HTflux kann auch Polylinien welche aus Kreisb\u00f6gen bestehen korrekt importieren. Jedoch ist es derzeit nicht m\u00f6glich Kreise zu importieren. Diese k\u00f6nnen jedoch im CAD Programm in Polylinien umgewandelt werden (z.B. mittels UMGRENZUNG in AutoCAD).<\/li>\n<li>Derzeit ist es in HTflux nicht m\u00f6glich Objekte zu importieren, welche als Bl\u00f6cke (<strong>BLOCKS<\/strong>) strukturiert wurden. L\u00f6sen Sie diese Bereiche vor dem DXF-Import in einzelne Polylinen auf (z.B. mittels EXPLODE). Achten Sie darauf die Objekte nur bis auf die Polylinien-Ebene aufzul\u00f6sen. (Wenn Sie Polylinien aufl\u00f6sen erhalten Sie Einzellinien, welche von HTflux nicht mehr als Objekte erkannt werden k\u00f6nnen.)<\/li>\n<li>Wie in (4) angemerkt kann HTflux Skalierungsinformation aus der DXF Datei lesen, sofern diese vorhanden ist. Dennoch sollten Sie nach dem Import einer Datei aus einer neuen Quelle \u00fcberpr\u00fcfen, ob die Skalierung korrekt ist. Verwenden Sie z.B. das L\u00e4ngenmesstool in HTflux um die Korrektheit einer bekannten L\u00e4nge zu \u00fcberpr\u00fcfen.<br \/>\nWenn die L\u00e4ngen-Skalierung unrichtig ist, k\u00f6nnen wichtige Messgr\u00f6\u00dfen, wie etwa W\u00e4rmestr\u00f6me, nicht korrekt berechnet werden.<\/li>\n<li>Wenn Ihre CAD Zeichnung aus unzusammenh\u00e4ngenden Einzellinien besteht, k\u00f6nnen diese nicht als Objekte importiert werden. In diesem Fall m\u00fcssen Sie zuerst innerhalb des CAD-Programms Polylinien erstellen, oder Sie importieren die Einzellinien als Hilfslinien in HTflux und verwenden das <em>Polylinien<\/em> und <em>Rechteck<\/em>-Tool um auf Basis dieser Linien Objekte zu erstellen.<\/li>\n<\/ul>\n","protected":false},"excerpt":{"rendered":"<p>DXF\/CAD Import HTflux bietet Ihnen eine komfortable M\u00f6glichkeit CAD Daten zu \u00fcbernehmen. Das DXF-Format ist eines der meist verwendeten Austauschformate und kann von beinahe allen CAD Softwarepaketen erstellt werden. (z.B. AutoCAD, Allplan Archicad, FreeCAD, TurboCAD, Google SketchUp,&#8230;). Die DXF Dateien welche mit diesem Programmen exportiert wurden, k\u00f6nnen in HTflux importiert werden. Dr\u00fccken Sie auf den [&hellip;]<\/p>\n","protected":false},"author":2,"featured_media":0,"parent":837,"menu_order":0,"comment_status":"open","ping_status":"open","template":"pageTemp-userGuide_NEW.php","meta":{"footnotes":""},"class_list":["post-2115","page","type-page","status-publish","hentry"],"_links":{"self":[{"href":"https:\/\/www.htflux.com\/de\/wp-json\/wp\/v2\/pages\/2115","targetHints":{"allow":["GET"]}}],"collection":[{"href":"https:\/\/www.htflux.com\/de\/wp-json\/wp\/v2\/pages"}],"about":[{"href":"https:\/\/www.htflux.com\/de\/wp-json\/wp\/v2\/types\/page"}],"author":[{"embeddable":true,"href":"https:\/\/www.htflux.com\/de\/wp-json\/wp\/v2\/users\/2"}],"replies":[{"embeddable":true,"href":"https:\/\/www.htflux.com\/de\/wp-json\/wp\/v2\/comments?post=2115"}],"version-history":[{"count":11,"href":"https:\/\/www.htflux.com\/de\/wp-json\/wp\/v2\/pages\/2115\/revisions"}],"predecessor-version":[{"id":2127,"href":"https:\/\/www.htflux.com\/de\/wp-json\/wp\/v2\/pages\/2115\/revisions\/2127"}],"up":[{"embeddable":true,"href":"https:\/\/www.htflux.com\/de\/wp-json\/wp\/v2\/pages\/837"}],"wp:attachment":[{"href":"https:\/\/www.htflux.com\/de\/wp-json\/wp\/v2\/media?parent=2115"}],"curies":[{"name":"wp","href":"https:\/\/api.w.org\/{rel}","templated":true}]}}