{"id":2257,"date":"2017-07-12T15:04:45","date_gmt":"2017-07-12T13:04:45","guid":{"rendered":"http:\/\/www.htflux.com\/de\/?page_id=2257"},"modified":"2017-07-13T17:30:48","modified_gmt":"2017-07-13T15:30:48","slug":"waermeuebergang-rohrstroemung","status":"publish","type":"page","link":"https:\/\/www.htflux.com\/de\/documentation\/randbedingungen\/waermeuebergangswiderstand\/waermeuebergang-rohrstroemung\/","title":{"rendered":"W\u00e4rme\u00fcbergang Rohrstr\u00f6mung"},"content":{"rendered":"<h1>Berechnungstool f\u00fcr den W\u00e4rme\u00fcbergang in Rohrstr\u00f6mungen<\/h1>\n<p>Auf dem letzten Tabellenblatt des Dialogs <a href=\"http:\/\/www.htflux.com\/de\/documentation\/randbedingungen\/waermeuebergangswiderstand\/\">W\u00e4rme\u00fcbergangswiderst\u00e4nde<\/a> befindet sich ein hilfreiches Berechnungstool, welches es gestattet den W\u00e4rme\u00fcbergangswiderstand von Rohrstr\u00f6mungen zu ermitteln. Die Berechnung kann sowohl f\u00fcr Gase, als auch f\u00fcr Fl\u00fcssigkeiten durchgef\u00fchrt werden.<\/p>\n<p>Die Ermittlung des W\u00e4rme\u00fcbergangswiderstandes einer derartigen Str\u00f6mung erfordert eine Kette von str\u00f6mungsdynamischen Berechnungsschritte, welche von HTflux f\u00fcr Sie durchgef\u00fchrt wird.<\/p>\n<p>Die Ermittlung dieses spezifischen W\u00e4rme\u00fcbergangswiderstandes vom Fluid zum Rohr ist essentiell f\u00fcr die Berechnung des W\u00e4rmeverlustes oder -gewinns von Rohrleitungen. Dadurch erschlie\u00dfen sich viele interessante Anwendungsf\u00e4lle, z.B. Heizleitungen, K\u00fchlleitungen, L\u00fcftungsrohre, Kamine, W\u00e4rmetauscher, Kalt- und Warmwasserleitungen, K\u00fchlaggregate, Leitungen in Maschinen etc.<\/p>\n<div id=\"attachment_2267\" style=\"width: 614px\" class=\"wp-caption alignnone\"><img loading=\"lazy\" decoding=\"async\" aria-describedby=\"caption-attachment-2267\" class=\"wp-image-2267 size-full\" src=\"http:\/\/www.htflux.com\/de\/wp-content\/uploads\/sites\/3\/2017\/07\/W\u00e4rme\u00fcbergang-Rohrstr\u00f6mung-Berechnungstool.png\" alt=\"W\u00e4rme\u00fcbergang-Rohrstr\u00f6mung-Berechnungstool\" width=\"604\" height=\"419\" srcset=\"https:\/\/www.htflux.com\/de\/wp-content\/uploads\/sites\/3\/2017\/07\/W\u00e4rme\u00fcbergang-Rohrstr\u00f6mung-Berechnungstool.png 604w, https:\/\/www.htflux.com\/de\/wp-content\/uploads\/sites\/3\/2017\/07\/W\u00e4rme\u00fcbergang-Rohrstr\u00f6mung-Berechnungstool-300x208.png 300w, https:\/\/www.htflux.com\/de\/wp-content\/uploads\/sites\/3\/2017\/07\/W\u00e4rme\u00fcbergang-Rohrstr\u00f6mung-Berechnungstool-325x225.png 325w, https:\/\/www.htflux.com\/de\/wp-content\/uploads\/sites\/3\/2017\/07\/W\u00e4rme\u00fcbergang-Rohrstr\u00f6mung-Berechnungstool-100x69.png 100w\" sizes=\"auto, (max-width: 604px) 100vw, 604px\" \/><p id=\"caption-attachment-2267\" class=\"wp-caption-text\">Berechnungstool f\u00fcr Rohrstr\u00f6mungen<\/p><\/div>\n<p>Um den spezifischen W\u00e4rme\u00fcbergangskoeffizient zu ermitteln, m\u00fcssen Sie lediglich die gew\u00fcnschten Eingabeparameter festlegen. Dies sind:<\/p>\n<ol>\n<li><strong>Rohrdurchmesser: <\/strong>geben Sie hier den Innendurchmesser des Rohrs an.<\/li>\n<li><strong>Rohrl\u00e4nge: <\/strong>spezifizieren Sie die relevante Rohrl\u00e4nge.<\/li>\n<li><strong>Fluid Temperatur: <\/strong>geben Sie hier die mittlere Temperatur des Mediums ein.<\/li>\n<li><strong>Fluid: <\/strong>hier k\u00f6nnen Sie die Art des Fluids w\u00e4hlen.<br \/>\nDerzeit sind die folgenden Gase und Fl\u00fcssigkeiten m\u00f6glich (bei Bedarf erweiterbar):<\/p>\n<ol>\n<li><em>Wasser<\/em> (bei 1 bar)<\/li>\n<li><em>Luft<\/em> (trocken, bei 1 atm)<\/li>\n<li><em>K\u00fchlmittel R134a<\/em> in fl\u00fcssiger Phase<\/li>\n<li><em>K\u00fchlmittel R134a<\/em> als Dampf<\/li>\n<li><em>Wasserdampf<\/em><\/li>\n<li><em>Ammoniak<\/em> in fl\u00fcssiger Phase<\/li>\n<li><em>Ammoniak<\/em> als Dampf<\/li>\n<li><em>Propan<\/em> in fl\u00fcssiger Phase<\/li>\n<li><em>Propan<\/em> als Dampf<\/li>\n<li><em>Isobutan R600a <\/em><\/li>\n<li><em>Maschinen\u00f6l<\/em> (sauber)<\/li>\n<\/ol>\n<\/li>\n<li><strong>Durchflussrate: <\/strong>spezifizieren Sie hier den Durchsatz in Liter pro Minute<\/li>\n<li><strong>Str\u00f6mungsgeschwindigkeit: <\/strong>hier k\u00f6nnen Sie alternativ die mittlere Str\u00f6mungsgeschwindigkeit vorgeben. In diesem Fall wird die Durchflussrate entsprechend berechnet.<\/li>\n<li><strong>Reibungsmodell: <\/strong>Sie haben die M\u00f6glichkeit die Berechnung basierend auf drei unterschiedlichen Reibungsmodellen durchzuf\u00fchren:\n<ol>\n<li>Colebrook-White: (empfohlen)<\/li>\n<li>Nikuradse: basierend auf Sand-Rauheit<\/li>\n<li>Hydraulisch glattes Rohr: basiernd auf der Prandtl Berechnung f\u00fcr ideal glatte Rohre.<\/li>\n<\/ol>\n<\/li>\n<li><strong>Rohr-Rauheit<\/strong>: spezifizieren Sie hier die absolute Rauheit des Rohrs in Millimeter (z.B. 0.003 mm f\u00fcr ein Standard PE-Rohr)<\/li>\n<\/ol>\n<p>W\u00e4hrend der Eingabe der Parameter wird HTflux die str\u00f6mungsmechanischen Berechnungen in Echtzeit f\u00fcr Sie durchf\u00fchren. Haben Sie alle Werte spezifiziert so k\u00f6nnen Sie mittels des &#8222;OK&#8220;-Buttons den ermittelten W\u00e4rme\u00fcbergangswiderstand f\u00fcr die angew\u00e4hlte Randbedingung \u00fcbernehmen.\u00a0 Verwenden Sie dann diese Randbedingung mit der entsprechenden Temperatur um den W\u00e4rme\u00fcbergang Ihres Rohrdetails zu simulieren.<\/p>\n<h2>Rohrstr\u00f6mung und W\u00e4rme\u00fcbergang &#8211; ein kurzer physikalischer \u00dcberblick<\/h2>\n<p>HTfux f\u00fchrt alle entsprechenden Berechnungen f\u00fcr Sie durch, dennoch soll hier ein kurzer \u00dcberblick \u00fcber die einzelnen Berechnungsschritte und verwendeten Gleichungen gegeben werden.<\/p>\n<p>Der W\u00e4rme\u00fcbergang von einem str\u00f6menden Fluid (Gas\/Fl\u00fcssigkeit) auf die innere Oberfl\u00e4che einer Rohrleitung wird stark durch die tats\u00e4chlichen Eigenschaften der Str\u00f6mung beeinflusst. Deshalb m\u00fcssen nicht nur die physikalischen Eigenschaften des Mediums, sondern insbesondere der Zustand der Str\u00f6mung bekannt sein. Um diesen zu bestimmen, werden in der Str\u00f6mungsmechanik eine Reihe von (meist dimensionslosen) Kennzahlen errechnet. Anhand dieser k\u00f6nnen wichtige Aussagen \u00fcber die Str\u00f6mung get\u00e4tigt werden.<\/p>\n<p>Nachdem Sie im Dialog die Art des Fluides und dessen Temperatur spezifiziert haben werden von HTflux die f\u00fcr die weitere Berechnung notwendigen physikalischen Eigenschaften des Mediums temperaturabh\u00e4ngig bestimmt. Das sind: die Rohdichte, die W\u00e4rmeleitf\u00e4higkeit, die W\u00e4rmekapazit\u00e4t, die kinematische Viskosit\u00e4t und die Temperaturleitf\u00e4higkeit.<\/p>\n<p>Basierend auf diesen kann die sogenannte <em>Prandtl-Zahl<\/em> bestimmt werden. Sie ergibt sich als Verh\u00e4ltnis aus kinematischen Viskosit\u00e4t zur Temperaturleitf\u00e4higkeit und stellt damit eine Verkn\u00fcpfung zwischen mechanischen und thermischen Eigenschaften des Fluides dar.<\/p>\n<h3>Reynoldszahl<\/h3>\n<p>In einem n\u00e4chsten Schritt muss die sogenannte <em>Reynolds-Zahl<\/em> der Rohrstr\u00f6mung bestimmt werden, aus:<br \/>\n<img loading=\"lazy\" decoding=\"async\" class=\"alignnone size-full wp-image-2268\" src=\"http:\/\/www.htflux.com\/de\/wp-content\/uploads\/sites\/3\/2017\/07\/Reynolds-Zahl-Rohrstr\u00f6mung.png\" alt=\"Reynoldszahl der Rohrstr\u00f6mung\" width=\"109\" height=\"64\" srcset=\"https:\/\/www.htflux.com\/de\/wp-content\/uploads\/sites\/3\/2017\/07\/Reynolds-Zahl-Rohrstr\u00f6mung.png 109w, https:\/\/www.htflux.com\/de\/wp-content\/uploads\/sites\/3\/2017\/07\/Reynolds-Zahl-Rohrstr\u00f6mung-100x59.png 100w\" sizes=\"auto, (max-width: 109px) 100vw, 109px\" \/><br \/>\nDie <em>Reynolds Zahl<\/em> ist eine wichtige Kennzahl welche es erlaub den Str\u00f6mungszustand des Fluids vorherzusagen. Basierend auf den jeweiligen Wert, werden zwei sehr unterschiedliche Str\u00f6mungszust\u00e4nde angenommen: turbulent oder laminar. Entsprechend dieser unterschiedlichen Zust\u00e4nde werden auch unterschiedliche Beziehungen f\u00fcr die weitere Berechnung herangezogen. Liegt die Reynolds-Zahl unter 2300, so wird eine laminare Str\u00f6mung angenommen, bei Werten dar\u00fcber eine turbulente.<\/p>\n<h3>Turbulente Rohrstr\u00f6mung<\/h3>\n<p>Die turbulente Rohrstr\u00f6mung kennzeichnet sich durch eine stark erh\u00f6hte Durchmischung innerhalb der Str\u00f6mung infolge der auftretenden Verwirbelungen. Als Folge dieser weisen turbulente Str\u00f6mungen auch einen signifikant h\u00f6heren W\u00e4rmeaustausch auf. Die zur Beschreibung dieser W\u00e4rme\u00fcbertragung in der Str\u00f6mung zentrale Gr\u00f6\u00dfe hei\u00dft <em>Nu\u00dfelt-Zahl.<\/em> F\u00fcr eine turbulente Rohrstr\u00f6mung wird diese wie folgt beschrieben:<br \/>\n<img loading=\"lazy\" decoding=\"async\" class=\"alignnone size-full wp-image-2269\" src=\"http:\/\/www.htflux.com\/de\/wp-content\/uploads\/sites\/3\/2017\/07\/Nu\u00dfelt-Zahl-Rohrstr\u00f6mung-turbulent.png\" alt=\"Nu\u00dfelt-Zahl Rohrstr\u00f6mung turbulent\" width=\"439\" height=\"101\" srcset=\"https:\/\/www.htflux.com\/de\/wp-content\/uploads\/sites\/3\/2017\/07\/Nu\u00dfelt-Zahl-Rohrstr\u00f6mung-turbulent.png 439w, https:\/\/www.htflux.com\/de\/wp-content\/uploads\/sites\/3\/2017\/07\/Nu\u00dfelt-Zahl-Rohrstr\u00f6mung-turbulent-300x69.png 300w, https:\/\/www.htflux.com\/de\/wp-content\/uploads\/sites\/3\/2017\/07\/Nu\u00dfelt-Zahl-Rohrstr\u00f6mung-turbulent-325x75.png 325w, https:\/\/www.htflux.com\/de\/wp-content\/uploads\/sites\/3\/2017\/07\/Nu\u00dfelt-Zahl-Rohrstr\u00f6mung-turbulent-100x23.png 100w\" sizes=\"auto, (max-width: 439px) 100vw, 439px\" \/><br \/>\nWobei <em>Pr<\/em> die <em>Prandtl-Zahl<\/em>, <em>Re<\/em> die <em>Reynolds-Zahl<\/em>, <em>\u03bb<\/em> die <em>Rohrreibungszahl <\/em>des Rohrs, <em>d<\/em> der Rohrinnendurchmesser und <em>L<\/em> die L\u00e4nge des Rohrs ist.<\/p>\n<h3>Laminare Rohrstr\u00f6mung<\/h3>\n<p>F\u00fcr Reynoldszahlen unter 2300 wird eine laminare Str\u00f6mung vorhergesagt. Diese ist von einer gleichf\u00f6rmigen Str\u00f6mung mit charakteristischer radiale Geschwindigkeitsverteilung gekennzeichnet. Die Str\u00f6mungsgeschwindigkeit ist in der Mitte des Rohres am gr\u00f6\u00dften und nimmt dann stetig bis zur Rohroberfl\u00e4che ab. Die Grenzschicht haftet wiederum auf der Rohroberfl\u00e4che. Es gibt nur sehr begrenzte radiale Austauschstr\u00f6mungen, deshalb ist die W\u00e4rme\u00fcbertragung auf die Rohroberfl\u00e4che, im Vergleich zur turbulenten Str\u00f6mung, markant niedriger. F\u00fcr eine derartige, laminare Rohrstr\u00f6mung wird die Nu\u00dfelt-Zahl wie folgt berechnet:<br \/>\n<img loading=\"lazy\" decoding=\"async\" class=\"alignnone size-full wp-image-2270\" src=\"http:\/\/www.htflux.com\/de\/wp-content\/uploads\/sites\/3\/2017\/07\/Nusselt-Zahl-Rohr-laminare-Str\u00f6mung.png\" alt=\"Nu\u00dfelt-Zahl Rohr laminare Str\u00f6mung\" width=\"523\" height=\"110\" srcset=\"https:\/\/www.htflux.com\/de\/wp-content\/uploads\/sites\/3\/2017\/07\/Nusselt-Zahl-Rohr-laminare-Str\u00f6mung.png 523w, https:\/\/www.htflux.com\/de\/wp-content\/uploads\/sites\/3\/2017\/07\/Nusselt-Zahl-Rohr-laminare-Str\u00f6mung-300x63.png 300w, https:\/\/www.htflux.com\/de\/wp-content\/uploads\/sites\/3\/2017\/07\/Nusselt-Zahl-Rohr-laminare-Str\u00f6mung-325x68.png 325w, https:\/\/www.htflux.com\/de\/wp-content\/uploads\/sites\/3\/2017\/07\/Nusselt-Zahl-Rohr-laminare-Str\u00f6mung-100x21.png 100w\" sizes=\"auto, (max-width: 523px) 100vw, 523px\" \/><\/p>\n<h3>Rohrreibungszahl<\/h3>\n<p>Wie bereits erw\u00e4hnt kann aus drei unterschiedlichen Rohrreibungsmodellen gew\u00e4hlt werden. Bei \u00fcblichen Rohrleitungen wird die Wahl des Reibungsmodells keine gro\u00dfen Auswirkungen auf die Berechnung haben. F\u00fcr Standard-Berechnungen empfehlen wir das Colebrook-White Modell. Bei diesem kann ein Rauigkeitswert ber\u00fccksichtigt werden, es funktioniert jedoch auf f\u00fcr sehr glatte Rohre gut. Den tats\u00e4chlichen Wert f\u00fcr die Rauigkeit k\u00f6nnen Sie entsprechenden Tabellen, oder dem Datenblatt des Rohres entnehmen.<br \/>\nIn HTflux werden die untenstehenden Grundgleichungen f\u00fcr die Rohrreibung exakt numerisch gel\u00f6st. Andere Programme verwenden oft N\u00e4herungsformeln, weshalb es zu entsprechenden Abweichungen kommen kann.<br \/>\nDie Rohrreibung wird entsprechend dem Str\u00f6mungszustand und dem gew\u00e4hlten Modell, anhand der folgenden Beziehungen berechnet.<\/p>\n<h3>Rohrreibungszahl f\u00fcr die laminare Str\u00f6mung<\/h3>\n<p>Wie oben erw\u00e4hnt haftet bei der <em>laminaren Str\u00f6mung<\/em> eine entsprechende Grenzschicht an der Rohroberfl\u00e4che (v=0). Aus diesem Grunde ist bei einer derartigen Str\u00f6mung die <em>Rohrreibungszahl<\/em> unabh\u00e4ngig von der <em>Rauigkeit<\/em> der Oberfl\u00e4che. Die <em>Rohrreibungszahl<\/em> wird in diesem Fall aus der folgenden Gleichung bestimmt:<br \/>\n<img loading=\"lazy\" decoding=\"async\" class=\"alignnone size-full wp-image-2274\" src=\"http:\/\/www.htflux.com\/de\/wp-content\/uploads\/sites\/3\/2017\/07\/Laminar-darcy-friction-factor.png\" alt=\"Rohrreibungszahl laminar\" width=\"79\" height=\"54\" \/><\/p>\n<h3>Reibungszahl nach Colebrook-White<\/h3>\n<p>F\u00fcr die meisten Anwendungen wird dieses Modell empfohlen. Ein absoluter Rauheitswert kann hierbei ber\u00fccksichtig werden, das Modell liefert aber auch f\u00fcr sehr glatte Rohre gute Ergebnisse. Die Grundgleichung dieses Modells lautet:<br \/>\n<img loading=\"lazy\" decoding=\"async\" class=\"alignnone size-full wp-image-2272\" src=\"http:\/\/www.htflux.com\/de\/wp-content\/uploads\/sites\/3\/2017\/07\/Colebrook-White-Rohrreibung-Rauheit.png\" alt=\"Rohrreibungszahl Colebrook-White \" width=\"357\" height=\"60\" srcset=\"https:\/\/www.htflux.com\/de\/wp-content\/uploads\/sites\/3\/2017\/07\/Colebrook-White-Rohrreibung-Rauheit.png 357w, https:\/\/www.htflux.com\/de\/wp-content\/uploads\/sites\/3\/2017\/07\/Colebrook-White-Rohrreibung-Rauheit-300x50.png 300w, https:\/\/www.htflux.com\/de\/wp-content\/uploads\/sites\/3\/2017\/07\/Colebrook-White-Rohrreibung-Rauheit-325x55.png 325w, https:\/\/www.htflux.com\/de\/wp-content\/uploads\/sites\/3\/2017\/07\/Colebrook-White-Rohrreibung-Rauheit-100x17.png 100w\" sizes=\"auto, (max-width: 357px) 100vw, 357px\" \/><\/p>\n<p>Die implizit gegebene Gleichung wird in HTflux numerisch exakt gel\u00f6st.<\/p>\n<h3>Reibungszahl nach Nikuradse<\/h3>\n<p>Basierend auf Versuchen mit sand-rauen Rohroberfl\u00e4chen wurde von Nikuradse ein empirisches Berechnungsmodell entwickelt. Naturgem\u00e4\u00df liefert dies die genauesten Werte, wenn die Rauigkeit der Oberfl\u00e4che einen entsprechenden &#8222;Sand-Charakter&#8220; aufweist.\u00a0 Die Grundgleichung dieses Modells lautet:<br \/>\n<img loading=\"lazy\" decoding=\"async\" class=\"alignnone size-full wp-image-2273\" src=\"http:\/\/www.htflux.com\/de\/wp-content\/uploads\/sites\/3\/2017\/07\/Nikuradse-Rohrreibungszahl.png\" alt=\"Rohrreibungszahl nach Nikuradse\" width=\"244\" height=\"58\" srcset=\"https:\/\/www.htflux.com\/de\/wp-content\/uploads\/sites\/3\/2017\/07\/Nikuradse-Rohrreibungszahl.png 244w, https:\/\/www.htflux.com\/de\/wp-content\/uploads\/sites\/3\/2017\/07\/Nikuradse-Rohrreibungszahl-100x24.png 100w\" sizes=\"auto, (max-width: 244px) 100vw, 244px\" \/><\/p>\n<h3>Hydraulisch glattes Rohr<\/h3>\n<p>Bei turbulenten Str\u00f6mungen in<em> ideal glatten Rohren<\/em> kann die folgende Beziehung herangezogen werden (Karman-Nikurdse\/Prandtl):<br \/>\n<img loading=\"lazy\" decoding=\"async\" class=\"alignnone size-full wp-image-2271\" src=\"http:\/\/www.htflux.com\/de\/wp-content\/uploads\/sites\/3\/2017\/07\/Rohrreibung-glattes-Rohr-Prandtl.png\" alt=\"Rohrreibungszahl hydraulisch glattes Rohr\" width=\"279\" height=\"55\" srcset=\"https:\/\/www.htflux.com\/de\/wp-content\/uploads\/sites\/3\/2017\/07\/Rohrreibung-glattes-Rohr-Prandtl.png 279w, https:\/\/www.htflux.com\/de\/wp-content\/uploads\/sites\/3\/2017\/07\/Rohrreibung-glattes-Rohr-Prandtl-100x20.png 100w\" sizes=\"auto, (max-width: 279px) 100vw, 279px\" \/><\/p>\n<h3>W\u00e4rme\u00fcbergangskoeffizient der Rohrstr\u00f6mung<\/h3>\n<p>Nachdem alle notwendigen Gr\u00f6\u00dfen zur Charakterisierung der Rohrstr\u00f6mung berechnet wurden, kann der W\u00e4rme\u00fcbergangskoeffizient der Str\u00f6mung einfach ermittelt werden. Da die Nu\u00dfelt-Zahl den W\u00e4rme\u00fcbergang der Str\u00f6mung im Verh\u00e4ltnis zur W\u00e4rmeleitf\u00e4higkeit des unbewegten Mediums in Beziehung stellt, muss diese nur mit der entsprechenden W\u00e4rmeleitf\u00e4higkeit multipliziert und durch den Innendurchmesser dividiert werden.\u00a0 In HTflux wird \u00fcblicherweise der W\u00e4rme\u00fcbergangswiderstand verwendet. Dieser entspricht einfach dem Kehrwert des W\u00e4rme\u00fcbergangskoeffizienten:<br \/>\n<img loading=\"lazy\" decoding=\"async\" class=\"alignnone size-full wp-image-2275\" src=\"http:\/\/www.htflux.com\/de\/wp-content\/uploads\/sites\/3\/2017\/07\/W\u00e4rme\u00fcbergang-Rohrstr\u00f6mungen.png\" alt=\"W\u00e4rme\u00fcbergang Rohrstr\u00f6mungen, W\u00e4rme\u00fcbergangskoeffizient\" width=\"553\" height=\"50\" srcset=\"https:\/\/www.htflux.com\/de\/wp-content\/uploads\/sites\/3\/2017\/07\/W\u00e4rme\u00fcbergang-Rohrstr\u00f6mungen.png 553w, https:\/\/www.htflux.com\/de\/wp-content\/uploads\/sites\/3\/2017\/07\/W\u00e4rme\u00fcbergang-Rohrstr\u00f6mungen-300x27.png 300w, https:\/\/www.htflux.com\/de\/wp-content\/uploads\/sites\/3\/2017\/07\/W\u00e4rme\u00fcbergang-Rohrstr\u00f6mungen-325x29.png 325w, https:\/\/www.htflux.com\/de\/wp-content\/uploads\/sites\/3\/2017\/07\/W\u00e4rme\u00fcbergang-Rohrstr\u00f6mungen-100x9.png 100w\" sizes=\"auto, (max-width: 553px) 100vw, 553px\" \/><\/p>\n<h2>Weitere n\u00fctzliche Kenngr\u00f6\u00dfen der Rohrstr\u00f6mung: Druckverlust, Widerstandswert des Rohres, Druckverlustbeiwert<\/h2>\n<p>Zus\u00e4tzlich zu den f\u00fcr die Berechnung des W\u00e4rme\u00fcbergangs notwendigen Kenngr\u00f6\u00dfen, werden von HTflux auch weitere n\u00fctzliche Kenngr\u00f6\u00dfen errechnet. Diese k\u00f6nnen bei der Auslegung von entsprechenden Anlagen hilfreich sein. Es l\u00e4sst sich etwas der Druckverlust der spezifizierten Leitung bei gegebenem Volumenstrom ermitteln (oder umgekehrt).<\/p>\n<p>HTflux verwendet hierf\u00fcr die folgenden Beziehungen:<\/p>\n<h3>f\u00fcr laminare Rohrstr\u00f6mungen:<\/h3>\n<p>Widerstandswert des runden Rohres\u00a0 (R in kg\/m<sup>7<\/sup>):<br \/>\n<img loading=\"lazy\" decoding=\"async\" class=\"alignnone size-full wp-image-2280\" src=\"http:\/\/www.htflux.com\/de\/wp-content\/uploads\/sites\/3\/2017\/07\/Widerstand-Rohrleitung-laminar.png\" alt=\"Widerstand-Rohrleitung-laminar\" width=\"181\" height=\"54\" srcset=\"https:\/\/www.htflux.com\/de\/wp-content\/uploads\/sites\/3\/2017\/07\/Widerstand-Rohrleitung-laminar.png 181w, https:\/\/www.htflux.com\/de\/wp-content\/uploads\/sites\/3\/2017\/07\/Widerstand-Rohrleitung-laminar-100x30.png 100w\" sizes=\"auto, (max-width: 181px) 100vw, 181px\" \/><\/p>\n<p>Druckverlust der Rohrleitung (\u0394p in Pa):<br \/>\n<img loading=\"lazy\" decoding=\"async\" class=\"alignnone size-full wp-image-2278\" src=\"http:\/\/www.htflux.com\/de\/wp-content\/uploads\/sites\/3\/2017\/07\/Druckverlust-Rohrleitung.png\" alt=\"Druckverlust-Rohrleitung\" width=\"117\" height=\"35\" srcset=\"https:\/\/www.htflux.com\/de\/wp-content\/uploads\/sites\/3\/2017\/07\/Druckverlust-Rohrleitung.png 117w, https:\/\/www.htflux.com\/de\/wp-content\/uploads\/sites\/3\/2017\/07\/Druckverlust-Rohrleitung-100x30.png 100w\" sizes=\"auto, (max-width: 117px) 100vw, 117px\" \/><\/p>\n<p>Druckverlustbeiwert der Rohrleitung, Zeta-Wert (\u03b6):<br \/>\n<img loading=\"lazy\" decoding=\"async\" class=\"alignnone size-full wp-image-2281\" src=\"http:\/\/www.htflux.com\/de\/wp-content\/uploads\/sites\/3\/2017\/07\/Zeta-Wert-Rohrleitung.png\" alt=\"Druckverlustbeiwert, Zeta-Wert-Rohrleitung\" width=\"78\" height=\"42\" \/><\/p>\n<h3>f\u00fcr turbulente Rohrstr\u00f6mungen:<\/h3>\n<p>Widerstandswert des runden Rohres\u00a0 (R in kg\/m<sup>7<\/sup>):<br \/>\n<img loading=\"lazy\" decoding=\"async\" class=\"alignnone size-full wp-image-2279\" src=\"http:\/\/www.htflux.com\/de\/wp-content\/uploads\/sites\/3\/2017\/07\/Widerstandswert-Rohrleitung-turbulent.png\" alt=\"Widerstandswert-Rohrleitung-turbulent\" width=\"140\" height=\"54\" srcset=\"https:\/\/www.htflux.com\/de\/wp-content\/uploads\/sites\/3\/2017\/07\/Widerstandswert-Rohrleitung-turbulent.png 140w, https:\/\/www.htflux.com\/de\/wp-content\/uploads\/sites\/3\/2017\/07\/Widerstandswert-Rohrleitung-turbulent-100x39.png 100w\" sizes=\"auto, (max-width: 140px) 100vw, 140px\" \/><\/p>\n<p>Druckverlust der Rohrleitung (\u0394p in Pa):<br \/>\n<img loading=\"lazy\" decoding=\"async\" class=\"alignnone size-full wp-image-2278\" src=\"http:\/\/www.htflux.com\/de\/wp-content\/uploads\/sites\/3\/2017\/07\/Druckverlust-Rohrleitung.png\" alt=\"Druckverlust-Rohrleitung\" width=\"117\" height=\"35\" srcset=\"https:\/\/www.htflux.com\/de\/wp-content\/uploads\/sites\/3\/2017\/07\/Druckverlust-Rohrleitung.png 117w, https:\/\/www.htflux.com\/de\/wp-content\/uploads\/sites\/3\/2017\/07\/Druckverlust-Rohrleitung-100x30.png 100w\" sizes=\"auto, (max-width: 117px) 100vw, 117px\" \/><\/p>\n<p>Druckverlustbeiwert der Rohrleitung, Zeta-Wert (\u03b6):<br \/>\n<img loading=\"lazy\" decoding=\"async\" class=\"alignnone size-full wp-image-2281\" src=\"http:\/\/www.htflux.com\/de\/wp-content\/uploads\/sites\/3\/2017\/07\/Zeta-Wert-Rohrleitung.png\" alt=\"Druckverlustbeiwert, Zeta-Wert-Rohrleitung\" width=\"78\" height=\"42\" \/><\/p>\n<p style=\"text-align: left;\">\u00a0<em>(c) HTflux, Daniel R\u00fcdisser<\/em><\/p>\n<p style=\"text-align: center;\"><em>Anmerkung: Wir erlauben und begr\u00fc\u00dfen ausdr\u00fccklich die Verwendung des Bildmaterials auf dieser Seite und die Setzung von Links zu dieser Seite, sofern als Quelle \u201ewww.htflux.com\u201c angegeben wird.<\/em><\/p>\n<p><em>\u00a0<\/em><\/p>\n","protected":false},"excerpt":{"rendered":"<p>Berechnungstool f\u00fcr den W\u00e4rme\u00fcbergang in Rohrstr\u00f6mungen Auf dem letzten Tabellenblatt des Dialogs W\u00e4rme\u00fcbergangswiderst\u00e4nde befindet sich ein hilfreiches Berechnungstool, welches es gestattet den W\u00e4rme\u00fcbergangswiderstand von Rohrstr\u00f6mungen zu ermitteln. Die Berechnung kann sowohl f\u00fcr Gase, als auch f\u00fcr Fl\u00fcssigkeiten durchgef\u00fchrt werden. Die Ermittlung des W\u00e4rme\u00fcbergangswiderstandes einer derartigen Str\u00f6mung erfordert eine Kette von str\u00f6mungsdynamischen Berechnungsschritte, welche von HTflux [&hellip;]<\/p>\n","protected":false},"author":2,"featured_media":0,"parent":1994,"menu_order":0,"comment_status":"closed","ping_status":"closed","template":"pageTemp-userGuide_NEW.php","meta":{"footnotes":""},"class_list":["post-2257","page","type-page","status-publish","hentry"],"_links":{"self":[{"href":"https:\/\/www.htflux.com\/de\/wp-json\/wp\/v2\/pages\/2257","targetHints":{"allow":["GET"]}}],"collection":[{"href":"https:\/\/www.htflux.com\/de\/wp-json\/wp\/v2\/pages"}],"about":[{"href":"https:\/\/www.htflux.com\/de\/wp-json\/wp\/v2\/types\/page"}],"author":[{"embeddable":true,"href":"https:\/\/www.htflux.com\/de\/wp-json\/wp\/v2\/users\/2"}],"replies":[{"embeddable":true,"href":"https:\/\/www.htflux.com\/de\/wp-json\/wp\/v2\/comments?post=2257"}],"version-history":[{"count":12,"href":"https:\/\/www.htflux.com\/de\/wp-json\/wp\/v2\/pages\/2257\/revisions"}],"predecessor-version":[{"id":2284,"href":"https:\/\/www.htflux.com\/de\/wp-json\/wp\/v2\/pages\/2257\/revisions\/2284"}],"up":[{"embeddable":true,"href":"https:\/\/www.htflux.com\/de\/wp-json\/wp\/v2\/pages\/1994"}],"wp:attachment":[{"href":"https:\/\/www.htflux.com\/de\/wp-json\/wp\/v2\/media?parent=2257"}],"curies":[{"name":"wp","href":"https:\/\/api.w.org\/{rel}","templated":true}]}}