{"id":28,"date":"2014-02-06T09:35:29","date_gmt":"2014-02-06T07:35:29","guid":{"rendered":"http:\/\/www.htflux.com\/de\/?page_id=28"},"modified":"2024-09-12T08:16:59","modified_gmt":"2024-09-12T06:16:59","slug":"kontakt","status":"publish","type":"page","link":"https:\/\/www.htflux.com\/de\/kontakt\/","title":{"rendered":"Kontakt"},"content":{"rendered":"<div class=\"float-left\">\n<p><strong>HTflux Engineering GmbH<\/strong><br \/>\nIngenieurb\u00fcro f\u00fcr Technische Physik<br \/>\nGF: Dr. Daniel R\u00fcdisser<br \/>\nFranziskanerplatz 11<br \/>\nA-8010 Graz<br \/>\n<a href=\"mailto: contact@htflux.com\">contact@htflux.com<\/a><br \/>\n<sup>Firmenbuchnummer FN 487787 i<br \/>\nUID ATU73129447<br \/>\nLEI Code 9845000837L58A99FB77<br \/>\n<a target=\"_blank\" href=\"https:\/\/www.htflux.com\/downloads\/AGB_HTflux_Engineering_GmbH.pdf\">&rarr; Allgemeine Gesch\u00e4ftsbedingungen<\/a><br \/>\n<a href=\"https:\/\/www.htflux.com\/de\/datenschutzerklaerung\/\">&rarr; Datenschutzerkl\u00e4rung<\/a><br \/>\n<\/sup><\/p>\n<\/div>\n<div class=\"float-right\"><img loading=\"lazy\" decoding=\"async\" class=\"wp-image-58 alignright\" src=\"https:\/\/www.htflux.com\/wp-content\/uploads\/2014\/01\/consulting_engineers-300x74.png\" alt=\"Logo Consulting Engineers\" width=\"300\" height=\"74\" \/><\/div>\n<div class=\"clearfix\"><\/div>\n","protected":false},"excerpt":{"rendered":"<p>HTflux Engineering GmbH Ingenieurb\u00fcro f\u00fcr Technische Physik GF: Dr. Daniel R\u00fcdisser Franziskanerplatz 11 A-8010 Graz contact@htflux.com Firmenbuchnummer FN 487787 i UID ATU73129447 LEI Code 9845000837L58A99FB77 &rarr; Allgemeine Gesch\u00e4ftsbedingungen &rarr; Datenschutzerkl\u00e4rung<\/p>\n","protected":false},"author":1,"featured_media":0,"parent":0,"menu_order":18,"comment_status":"open","ping_status":"open","template":"pageTemp-contactMe.php","meta":{"footnotes":""},"class_list":["post-28","page","type-page","status-publish","hentry"],"_links":{"self":[{"href":"https:\/\/www.htflux.com\/de\/wp-json\/wp\/v2\/pages\/28","targetHints":{"allow":["GET"]}}],"collection":[{"href":"https:\/\/www.htflux.com\/de\/wp-json\/wp\/v2\/pages"}],"about":[{"href":"https:\/\/www.htflux.com\/de\/wp-json\/wp\/v2\/types\/page"}],"author":[{"embeddable":true,"href":"https:\/\/www.htflux.com\/de\/wp-json\/wp\/v2\/users\/1"}],"replies":[{"embeddable":true,"href":"https:\/\/www.htflux.com\/de\/wp-json\/wp\/v2\/comments?post=28"}],"version-history":[{"count":27,"href":"https:\/\/www.htflux.com\/de\/wp-json\/wp\/v2\/pages\/28\/revisions"}],"predecessor-version":[{"id":2536,"href":"https:\/\/www.htflux.com\/de\/wp-json\/wp\/v2\/pages\/28\/revisions\/2536"}],"wp:attachment":[{"href":"https:\/\/www.htflux.com\/de\/wp-json\/wp\/v2\/media?parent=28"}],"curies":[{"name":"wp","href":"https:\/\/api.w.org\/{rel}","templated":true}]}}