{"id":282,"date":"2014-04-09T11:27:41","date_gmt":"2014-04-09T09:27:41","guid":{"rendered":"http:\/\/www.htflux.com\/de\/?page_id=282"},"modified":"2023-07-07T13:04:27","modified_gmt":"2023-07-07T11:04:27","slug":"dienstleistungen","status":"publish","type":"page","link":"https:\/\/www.htflux.com\/de\/dienstleistungen\/","title":{"rendered":"Dienstleistungen"},"content":{"rendered":"<p>Sowohl als Herausgeber der Software HTflux als auch als Ingenieurb\u00fcro f\u00fcr Technische Physik unterst\u00fctzen wir Sie gerne. Wir stehen jederzeit f\u00fcr Schulung und Beratung zur Verf\u00fcgung, unterst\u00fctzen Sie bei Projekten oder f\u00fchren f\u00fcr Sie kompetent, effizient und kosteng\u00fcnstig thermische oder hygrothermische Untersuchungen durch.<\/p>\n<p>Unser Angebot umfasst unter anderem:<\/p>\n<ul>\n<li>Stadtklimatische, drohnenbasierte Untersuchungen (<a href=\"https:\/\/www.researchgate.net\/publication\/353287423_Spatially_Resolved_Analysis_of_Urban_Thermal_Environments_Based_on_a_Three-Dimensional_Sampling_Algorithm_and_UAV-Based_Radiometric_Measurements\">Urban Heat Mapping<\/a>)<\/li>\n<li>Simulationsstudien auf dem Gebiet der Solarstrahlung und thermischen Strahlung<\/li>\n<li>Thermische Analyse und Optimierung von konstruktiven Details<\/li>\n<li>Hygrothermische Analyse und Optimierung von konstruktiven Details<\/li>\n<li>Durchf\u00fchrung und Unterst\u00fctzung von Forschungsprojekten<\/li>\n<li>Beteiligung bei Forschungsprojekten und Auftragsforschung<\/li>\n<li>Fachliche Beratung<\/li>\n<li>Abhaltung von Vortr\u00e4gen und Seminaren<\/li>\n<li>W\u00e4rmebr\u00fccken Berechnung, Katalogerstellung<\/li>\n<li>Berechnungen gem\u00e4\u00df ISO 10211, ISO 6946, ISO 13370, ISO 10077-1\/2,&#8230;.<\/li>\n<li><a title=\"Thermische 3d FEM-Simulationen\" href=\"http:\/\/www.htflux.com\/de\/dienstleistungen\/thermische-3d-fem-simulationen\/\">Dreidimensionale W\u00e4rmebr\u00fcckenberechnungen mittels FEM-Simulation<\/a><\/li>\n<li>Fensterberechnungen, Bemessungswerte<\/li>\n<li>Berechnungen von Geb\u00e4udegr\u00fcndungen zur Vermeidung von Frosthebungen (ISO 13793)<\/li>\n<li>Berechnungen zum sommerlichen W\u00e4rmeschutz<\/li>\n<li>Glaser 2d-Untersuchungen<\/li>\n<li>Berechnung und Optimierung von dynamischen U-Werten und Phasenverschiebungen<\/li>\n<li>&#8230;und vieles mehr<\/li>\n<\/ul>\n<p>Sie k\u00f6nnen uns jederzeit <a title=\"Kontakt\" href=\"http:\/\/www.htflux.com\/de\/kontakt\/\">kontaktieren<\/a> und ein unverbindliches Angebot einholen.<\/p>\n<p><img loading=\"lazy\" decoding=\"async\" class=\"alignnone size-full wp-image-1375\" src=\"http:\/\/www.htflux.com\/de\/wp-content\/uploads\/sites\/3\/2015\/07\/HTflux-Daniel-Ruedisser-Engineering-Logo.png\" alt=\"DI Daniel R\u00fcdisser- Ingenieurb\u00fcro - Engineering - Logo\" width=\"400\" height=\"117\" srcset=\"https:\/\/www.htflux.com\/de\/wp-content\/uploads\/sites\/3\/2015\/07\/HTflux-Daniel-Ruedisser-Engineering-Logo.png 400w, https:\/\/www.htflux.com\/de\/wp-content\/uploads\/sites\/3\/2015\/07\/HTflux-Daniel-Ruedisser-Engineering-Logo-300x88.png 300w, https:\/\/www.htflux.com\/de\/wp-content\/uploads\/sites\/3\/2015\/07\/HTflux-Daniel-Ruedisser-Engineering-Logo-325x95.png 325w, https:\/\/www.htflux.com\/de\/wp-content\/uploads\/sites\/3\/2015\/07\/HTflux-Daniel-Ruedisser-Engineering-Logo-100x29.png 100w\" sizes=\"auto, (max-width: 400px) 100vw, 400px\" \/><\/p>\n<p>&nbsp;<\/p>\n<p>&nbsp;<\/p>\n<p>&nbsp;<\/p>\n<p>&nbsp;<\/p>\n<p>&nbsp;<\/p>\n","protected":false},"excerpt":{"rendered":"<p>Sowohl als Herausgeber der Software HTflux als auch als Ingenieurb\u00fcro f\u00fcr Technische Physik unterst\u00fctzen wir Sie gerne. Wir stehen jederzeit f\u00fcr Schulung und Beratung zur Verf\u00fcgung, unterst\u00fctzen Sie bei Projekten oder f\u00fchren f\u00fcr Sie kompetent, effizient und kosteng\u00fcnstig thermische oder hygrothermische Untersuchungen durch. Unser Angebot umfasst unter anderem: Stadtklimatische, drohnenbasierte Untersuchungen (Urban Heat Mapping) Simulationsstudien [&hellip;]<\/p>\n","protected":false},"author":1,"featured_media":0,"parent":0,"menu_order":7,"comment_status":"open","ping_status":"open","template":"","meta":{"footnotes":""},"class_list":["post-282","page","type-page","status-publish","hentry"],"_links":{"self":[{"href":"https:\/\/www.htflux.com\/de\/wp-json\/wp\/v2\/pages\/282","targetHints":{"allow":["GET"]}}],"collection":[{"href":"https:\/\/www.htflux.com\/de\/wp-json\/wp\/v2\/pages"}],"about":[{"href":"https:\/\/www.htflux.com\/de\/wp-json\/wp\/v2\/types\/page"}],"author":[{"embeddable":true,"href":"https:\/\/www.htflux.com\/de\/wp-json\/wp\/v2\/users\/1"}],"replies":[{"embeddable":true,"href":"https:\/\/www.htflux.com\/de\/wp-json\/wp\/v2\/comments?post=282"}],"version-history":[{"count":21,"href":"https:\/\/www.htflux.com\/de\/wp-json\/wp\/v2\/pages\/282\/revisions"}],"predecessor-version":[{"id":2523,"href":"https:\/\/www.htflux.com\/de\/wp-json\/wp\/v2\/pages\/282\/revisions\/2523"}],"wp:attachment":[{"href":"https:\/\/www.htflux.com\/de\/wp-json\/wp\/v2\/media?parent=282"}],"curies":[{"name":"wp","href":"https:\/\/api.w.org\/{rel}","templated":true}]}}