{"id":30,"date":"2014-02-06T09:35:41","date_gmt":"2014-02-06T07:35:41","guid":{"rendered":"http:\/\/www.htflux.com\/de\/?page_id=30"},"modified":"2023-12-10T13:24:12","modified_gmt":"2023-12-10T11:24:12","slug":"ueber-uns","status":"publish","type":"page","link":"https:\/\/www.htflux.com\/de\/ueber-uns\/","title":{"rendered":"\u00dcber uns"},"content":{"rendered":"<h1>\u00dcber uns<\/h1>\n<p>&nbsp;<\/p>\n<table>\n<tbody>\n<tr>\n<td style=\"width: 125px; vertical-align: top;\"><img loading=\"lazy\" decoding=\"async\" class=\"alignnone size-full wp-image-1507\" src=\"http:\/\/www.htflux.com\/de\/wp-content\/uploads\/sites\/3\/2015\/08\/Daniel-R\u00fcdisser-port-mini.jpg\" alt=\"Daniel R\u00fcdisser\" width=\"115\" height=\"137\" srcset=\"https:\/\/www.htflux.com\/de\/wp-content\/uploads\/sites\/3\/2015\/08\/Daniel-R\u00fcdisser-port-mini.jpg 115w, https:\/\/www.htflux.com\/de\/wp-content\/uploads\/sites\/3\/2015\/08\/Daniel-R\u00fcdisser-port-mini-100x119.jpg 100w\" sizes=\"auto, (max-width: 115px) 100vw, 115px\" \/><\/td>\n<td style=\"vertical-align: top;\">\n<p style=\"font-size: 130%; margin-top: -5px;\">DI Dr. Daniel R\u00fcdisser<\/p>\n<p><em>gegenw\u00e4rtig:<\/em><\/p>\n<div style=\"font-size: 80%; margin-top: -18px; padding-left: 24px;\">Ingenieurb\u00fcro f\u00fcr Technische Physik, HTflux, Gr\u00fcnder und Gesch\u00e4ftsf\u00fchrer<\/div>\n<div style=\"font-size: 80%; margin-top: -6px; padding-left: 24px;\">Institut f\u00fcr Bauphysik, Geb\u00e4udetechnik und Hochbau, Technische Universit\u00e4t Graz<\/div>\n<div style=\"font-size: 80%; margin-top: -6px; padding-left: 24px;\"><\/div>\n<p><em>bisher:<\/em><\/p>\n<div style=\"font-size: 80%; margin-top: -18px; padding-left: 24px;\">Forschungsprojektleiter, AEE &#8211; Institut f\u00fcr nachhaltige Technologien<\/div>\n<div style=\"font-size: 80%; margin-top: -4px; padding-left: 24px;\">Forschungs- und Projektarbeit, Bauphysik Labor, Technische Universit\u00e4t Graz<\/div>\n<div style=\"font-size: 80%; margin-top: -4px; padding-left: 24px;\">Pentaxon Investment Technologies AG, CTO, Finanzdienstleistung<\/div>\n<div style=\"font-size: 80%; margin-top: -4px; padding-left: 24px;\">iuvaris Software GmbH, Gr\u00fcnder, Gesch\u00e4ftsf\u00fchrer, Software f\u00fcr Industrie und Forschung<\/div>\n<div style=\"font-size: 80%; margin-top: -4px; padding-left: 24px;\">CARD EDV GmbH, Gr\u00fcnder, Gesch\u00e4ftsf\u00fchrer, Textile CAD und Simulationssoftware<\/div>\n<div style=\"font-size: 80%; margin-top: -4px; padding-left: 24px;\">Science Park Graz, Akademischer Inkubator<\/div>\n<div style=\"font-size: 80%; margin-top: -4px; padding-left: 24px;\">Studium der Technischen Physik, Abschluss mit Auszeichnung, TU Graz<\/div>\n<p><em>Fokus:<\/em><\/p>\n<div style=\"font-size: 80%; margin-top: -18px; padding-left: 24px;\">Physik, Bauphysik, Nachhaltigkeit, hoch-optimierte low-tech L\u00f6sungen, Software, Simulation, Optimierung, Numerische Modellierung<\/div>\n<div style=\"margin-top: 10px; padding-left: 0px;\"><img loading=\"lazy\" decoding=\"async\" class=\"alignnone wp-image-1537 size-full\" src=\"http:\/\/www.htflux.com\/de\/wp-content\/uploads\/sites\/3\/2015\/08\/drmailcontact.png\" alt=\"contact image\" width=\"218\" height=\"17\" srcset=\"https:\/\/www.htflux.com\/de\/wp-content\/uploads\/sites\/3\/2015\/08\/drmailcontact.png 218w, https:\/\/www.htflux.com\/de\/wp-content\/uploads\/sites\/3\/2015\/08\/drmailcontact-200x17.png 200w, https:\/\/www.htflux.com\/de\/wp-content\/uploads\/sites\/3\/2015\/08\/drmailcontact-100x8.png 100w\" sizes=\"auto, (max-width: 218px) 100vw, 218px\" \/><\/div>\n<div style=\"margin-top: 10px; padding-left: 30px;\"><a href=\"https:\/\/www.linkedin.com\/in\/daniel-r%C3%BCdisser-htflux\/\"><em>\u00bb Profil auf LinkedIn<\/em><\/a><\/div>\n<div style=\"margin-top: 10px; padding-left: 0px;\">visit me on<\/div>\n<div style=\"margin-top: 10px; padding-left: 0px;\"><a href=\"https:\/\/www.linkedin.com\/in\/daniel-r%C3%BCdisser-htflux\/\"><img loading=\"lazy\" decoding=\"async\" class=\"alignnone wp-image-1806\" src=\"http:\/\/www.htflux.com\/en\/wp-content\/uploads\/sites\/4\/2014\/02\/Logo-LinkedIn.png\" alt=\"\" width=\"123\" height=\"30\" \/>profile Daniel R\u00fcdisser<\/a><\/div>\n<div style=\"margin-top: 10px; padding-left: 0px;\"><a href=\"https:\/\/www.researchgate.net\/profile\/Daniel-Ruedisser\"><img loading=\"lazy\" decoding=\"async\" class=\"alignnone wp-image-1805\" src=\"http:\/\/www.htflux.com\/en\/wp-content\/uploads\/sites\/4\/2014\/02\/Logo-Researchgate.png\" alt=\"\" width=\"169\" height=\"26\" \/>profile Daniel R\u00fcdisser<\/a><\/div>\n<\/td>\n<\/tr>\n<\/tbody>\n<\/table>\n<p>&nbsp;<\/p>\n<table>\n<tbody>\n<tr>\n<td style=\"width: 125px; vertical-align: top;\"><\/td>\n<td style=\"vertical-align: top;\">\n<p style=\"font-size: 130%; margin-top: -5px;\">Mag. Florian Preininger<\/p>\n<h3>UI-,Web-Programmierung &amp; design<\/h3>\n<p>drogerie21 &#8211; websites und webanwendungen<br \/>\n<a title=\"drogerie21\" href=\"http:\/\/www.drogerie21.at\" target=\"_blank\" rel=\"noopener noreferrer\">www.drogerie21.at<\/a> | <a href=\"mailto:office@drogerie21.at\" target=\"_blank\" rel=\"noopener noreferrer\">office@drogerie21.at<\/a><\/td>\n<\/tr>\n<\/tbody>\n<\/table>\n<p>&nbsp;<\/p>\n<p>&nbsp;<\/p>\n","protected":false},"excerpt":{"rendered":"<p>\u00dcber uns &nbsp; DI Dr. Daniel R\u00fcdisser gegenw\u00e4rtig: Ingenieurb\u00fcro f\u00fcr Technische Physik, HTflux, Gr\u00fcnder und Gesch\u00e4ftsf\u00fchrer Institut f\u00fcr Bauphysik, Geb\u00e4udetechnik und Hochbau, Technische Universit\u00e4t Graz bisher: Forschungsprojektleiter, AEE &#8211; Institut f\u00fcr nachhaltige Technologien Forschungs- und Projektarbeit, Bauphysik Labor, Technische Universit\u00e4t Graz Pentaxon Investment Technologies AG, CTO, Finanzdienstleistung iuvaris Software GmbH, Gr\u00fcnder, Gesch\u00e4ftsf\u00fchrer, Software f\u00fcr Industrie [&hellip;]<\/p>\n","protected":false},"author":1,"featured_media":0,"parent":0,"menu_order":37,"comment_status":"open","ping_status":"open","template":"pageTemp-Feature-Single.php","meta":{"footnotes":""},"class_list":["post-30","page","type-page","status-publish","hentry"],"_links":{"self":[{"href":"https:\/\/www.htflux.com\/de\/wp-json\/wp\/v2\/pages\/30","targetHints":{"allow":["GET"]}}],"collection":[{"href":"https:\/\/www.htflux.com\/de\/wp-json\/wp\/v2\/pages"}],"about":[{"href":"https:\/\/www.htflux.com\/de\/wp-json\/wp\/v2\/types\/page"}],"author":[{"embeddable":true,"href":"https:\/\/www.htflux.com\/de\/wp-json\/wp\/v2\/users\/1"}],"replies":[{"embeddable":true,"href":"https:\/\/www.htflux.com\/de\/wp-json\/wp\/v2\/comments?post=30"}],"version-history":[{"count":46,"href":"https:\/\/www.htflux.com\/de\/wp-json\/wp\/v2\/pages\/30\/revisions"}],"predecessor-version":[{"id":2529,"href":"https:\/\/www.htflux.com\/de\/wp-json\/wp\/v2\/pages\/30\/revisions\/2529"}],"wp:attachment":[{"href":"https:\/\/www.htflux.com\/de\/wp-json\/wp\/v2\/media?parent=30"}],"curies":[{"name":"wp","href":"https:\/\/api.w.org\/{rel}","templated":true}]}}