{"id":4,"date":"2014-02-05T18:31:30","date_gmt":"2014-02-05T16:31:30","guid":{"rendered":"http:\/\/www.htflux.com\/de\/?page_id=4"},"modified":"2014-12-13T19:47:44","modified_gmt":"2014-12-13T17:47:44","slug":"startseite","status":"publish","type":"page","link":"https:\/\/www.htflux.com\/de\/","title":{"rendered":"Startseite"},"content":{"rendered":"<h1>HTflux &#8211; Bauphysik-Software<\/h1>\n<p>HTflux erstellt\u00a0 hochaufgel\u00f6ste, zweidimensionale Simulationen von W\u00e4rme- und Feuchtetransport. Ein neuartiges, von HTflux entwickeltes Verfahren (GLASER 2D) wendet dabei das bew\u00e4hrte Glaser Verfahren zweidimensional an. Damit k\u00f6nnen nun erstmals Berechnungen von Taupunkt-Fl\u00e4chen inklusive Tauwasser- und Verdunstungsmengen zweidimensional erstellt werden. Dar\u00fcber hinaus versucht HTflux Ihnen das Leben so einfach wie m\u00f6glich zu machen: eine einfach zu handhabende Benutzeroberfl\u00e4che, rasche \u00dcbernahme von CAD-Geometrien und die Methode des DIRECT-MAPPINGS garantieren rasche und genaue Simulationsergebnisse. Probieren Sie es\u00a0 selbst aus!<\/p>\n","protected":false},"excerpt":{"rendered":"<p>HTflux &#8211; Bauphysik-Software HTflux erstellt\u00a0 hochaufgel\u00f6ste, zweidimensionale Simulationen von W\u00e4rme- und Feuchtetransport. Ein neuartiges, von HTflux entwickeltes Verfahren (GLASER 2D) wendet dabei das bew\u00e4hrte Glaser Verfahren zweidimensional an. Damit k\u00f6nnen nun erstmals Berechnungen von Taupunkt-Fl\u00e4chen inklusive Tauwasser- und Verdunstungsmengen zweidimensional erstellt werden. Dar\u00fcber hinaus versucht HTflux Ihnen das Leben so einfach wie m\u00f6glich zu machen: [&hellip;]<\/p>\n","protected":false},"author":1,"featured_media":0,"parent":0,"menu_order":32,"comment_status":"open","ping_status":"open","template":"pageTemp-home.php","meta":{"footnotes":""},"class_list":["post-4","page","type-page","status-publish","hentry"],"_links":{"self":[{"href":"https:\/\/www.htflux.com\/de\/wp-json\/wp\/v2\/pages\/4","targetHints":{"allow":["GET"]}}],"collection":[{"href":"https:\/\/www.htflux.com\/de\/wp-json\/wp\/v2\/pages"}],"about":[{"href":"https:\/\/www.htflux.com\/de\/wp-json\/wp\/v2\/types\/page"}],"author":[{"embeddable":true,"href":"https:\/\/www.htflux.com\/de\/wp-json\/wp\/v2\/users\/1"}],"replies":[{"embeddable":true,"href":"https:\/\/www.htflux.com\/de\/wp-json\/wp\/v2\/comments?post=4"}],"version-history":[{"count":10,"href":"https:\/\/www.htflux.com\/de\/wp-json\/wp\/v2\/pages\/4\/revisions"}],"predecessor-version":[{"id":409,"href":"https:\/\/www.htflux.com\/de\/wp-json\/wp\/v2\/pages\/4\/revisions\/409"}],"wp:attachment":[{"href":"https:\/\/www.htflux.com\/de\/wp-json\/wp\/v2\/media?parent=4"}],"curies":[{"name":"wp","href":"https:\/\/api.w.org\/{rel}","templated":true}]}}