{"id":483,"date":"2014-09-18T16:26:05","date_gmt":"2014-09-18T14:26:05","guid":{"rendered":"http:\/\/www.htflux.com\/de\/?page_id=483"},"modified":"2014-12-13T19:47:44","modified_gmt":"2014-12-13T17:47:44","slug":"thermische-simulation","status":"publish","type":"page","link":"https:\/\/www.htflux.com\/de\/thermische-simulation\/","title":{"rendered":"Thermische Simulation"},"content":{"rendered":"<div class=\"float-right\"><img loading=\"lazy\" decoding=\"async\" class=\"alignnone wp-image-490 size-full\" src=\"http:\/\/www.htflux.com\/de\/wp-content\/uploads\/sites\/3\/2014\/09\/features-thermische-simulation-e1411051632455.png\" alt=\"features-thermische-simulation\" width=\"40\" height=\"40\" \/><\/div>\n<h2>Thermische Simulation<\/h2>\n<p>HTflux ist das Tool zur zweidimensionalen thermischen Untersuchung und W\u00e4rmebr\u00fccken-Berechnung von Bauteilen. Vielf\u00e4ltige Untersuchungsm\u00f6glichkeiten und Werkzeuge zur Kennzahlenermittlung wie W\u00e4rmestrom, U-Wert, \u03a8-Wert, fRSi-Wert, Temperaturextremwerte stehen zur Verf\u00fcgung.<\/p>\n<p><a href=\"http:\/\/www.htflux.com\/de\/wp-content\/uploads\/sites\/3\/2014\/09\/screenshot-thermische-simulation.png\" data-rel=\"lightbox-gallery-ZSAb5jmz\" data-rl_title=\"\" data-rl_caption=\"\" title=\"\"><img loading=\"lazy\" decoding=\"async\" class=\"alignnone wp-image-486 size-full-blog-width\" src=\"http:\/\/www.htflux.com\/de\/wp-content\/uploads\/sites\/3\/2014\/09\/screenshot-thermische-simulation-667x364.png\" alt=\"screenshot-thermische-simulation\" width=\"667\" height=\"364\" srcset=\"https:\/\/www.htflux.com\/de\/wp-content\/uploads\/sites\/3\/2014\/09\/screenshot-thermische-simulation-667x364.png 667w, https:\/\/www.htflux.com\/de\/wp-content\/uploads\/sites\/3\/2014\/09\/screenshot-thermische-simulation-300x163.png 300w, https:\/\/www.htflux.com\/de\/wp-content\/uploads\/sites\/3\/2014\/09\/screenshot-thermische-simulation-325x177.png 325w, https:\/\/www.htflux.com\/de\/wp-content\/uploads\/sites\/3\/2014\/09\/screenshot-thermische-simulation-100x54.png 100w, https:\/\/www.htflux.com\/de\/wp-content\/uploads\/sites\/3\/2014\/09\/screenshot-thermische-simulation.png 670w\" sizes=\"auto, (max-width: 667px) 100vw, 667px\" \/><\/a><\/p>\n","protected":false},"excerpt":{"rendered":"<p>Thermische Simulation HTflux ist das Tool zur zweidimensionalen thermischen Untersuchung und W\u00e4rmebr\u00fccken-Berechnung von Bauteilen. Vielf\u00e4ltige Untersuchungsm\u00f6glichkeiten und Werkzeuge zur Kennzahlenermittlung wie W\u00e4rmestrom, U-Wert, \u03a8-Wert, fRSi-Wert, Temperaturextremwerte stehen zur Verf\u00fcgung.<\/p>\n","protected":false},"author":1,"featured_media":0,"parent":0,"menu_order":35,"comment_status":"open","ping_status":"open","template":"pageTemp-Feature-Single.php","meta":{"footnotes":""},"class_list":["post-483","page","type-page","status-publish","hentry"],"_links":{"self":[{"href":"https:\/\/www.htflux.com\/de\/wp-json\/wp\/v2\/pages\/483","targetHints":{"allow":["GET"]}}],"collection":[{"href":"https:\/\/www.htflux.com\/de\/wp-json\/wp\/v2\/pages"}],"about":[{"href":"https:\/\/www.htflux.com\/de\/wp-json\/wp\/v2\/types\/page"}],"author":[{"embeddable":true,"href":"https:\/\/www.htflux.com\/de\/wp-json\/wp\/v2\/users\/1"}],"replies":[{"embeddable":true,"href":"https:\/\/www.htflux.com\/de\/wp-json\/wp\/v2\/comments?post=483"}],"version-history":[{"count":10,"href":"https:\/\/www.htflux.com\/de\/wp-json\/wp\/v2\/pages\/483\/revisions"}],"predecessor-version":[{"id":513,"href":"https:\/\/www.htflux.com\/de\/wp-json\/wp\/v2\/pages\/483\/revisions\/513"}],"wp:attachment":[{"href":"https:\/\/www.htflux.com\/de\/wp-json\/wp\/v2\/media?parent=483"}],"curies":[{"name":"wp","href":"https:\/\/api.w.org\/{rel}","templated":true}]}}