{"id":514,"date":"2014-09-23T16:30:54","date_gmt":"2014-09-23T14:30:54","guid":{"rendered":"http:\/\/www.htflux.com\/de\/?page_id=514"},"modified":"2014-12-13T19:47:44","modified_gmt":"2014-12-13T17:47:44","slug":"uebersicht","status":"publish","type":"page","link":"https:\/\/www.htflux.com\/de\/uebersicht\/","title":{"rendered":"\u00dcbersicht"},"content":{"rendered":"<h2>Alle Features auf einen Blick<\/h2>\n<h3>Thermische und Hygrothermische Simulation<\/h3>\n<p>HTflux erstellt hochaufgel\u00f6ste, zweidimensionale Simulationen von W\u00e4rme- und Feuchtetransport. Ein neuartiges, von HTflux entwickeltes Verfahren \u2013\u00a0 <strong>GLASER 2D<\/strong> \u2013 wendet dabei das bew\u00e4hrte Glaser-Verfahren zweidimensional an. Damit k\u00f6nnen nun erstmals Berechnungen von Taupunkt-Fl\u00e4chen inklusive Tauwasser- und Verdunstungsmengen zweidimensional erstellt werden.<\/p>\n<h3>Simulationserstellung leicht gemacht<\/h3>\n<p>Was in anderen Simulationsprogrammen ein m\u00fchsamer und langer Prozess ist, ist mit HTflux so einfach wie noch nie. Geometrien k\u00f6nnen rasch aus CAD-Programmen \u00fcbernommen werden. Dabei hilft Ihnen ein Import-Wizard und viele Importoptionen. Eine langwirrige Nachbearbeitung der importierten Daten ist\u00a0 auch durch das von uns entwickelte Verfahren des <strong>DIRECT-MAPPINGS<\/strong>\u00a0 meist nicht mehr notwendig.<\/p>\n<p>Sie k\u00f6nnen aber durch integrierte Zeichenfunktionen Geometrien auch selbst erstellen und jederzeit nachbearbeiten.<\/p>\n<p>Die einfach zu handhabende Benutzeroberfl\u00e4che, rasche \u00dcbernahme von CAD-Geometrien und die Methode des DIRECT-MAPPINGS garantieren rasche und genaue Simulationsergebnisse.<\/p>\n<h3><\/h3>\n<p><a href=\"http:\/\/www.htflux.com\/de\/wp-content\/uploads\/sites\/3\/2014\/03\/W\u00e4rmebr\u00fccke-Simulation-Ex2-Temperatur.jpg\" rel=\"lightbox\" data-rel=\"lightbox-gallery-dx858cfH\" data-rl_title=\"\" data-rl_caption=\"\" title=\"\"><img loading=\"lazy\" decoding=\"async\" class=\"alignnone wp-image-187 size-full-blog-width\" src=\"http:\/\/www.htflux.com\/de\/wp-content\/uploads\/sites\/3\/2014\/03\/W\u00e4rmebr\u00fccke-Simulation-Ex2-Temperatur-667x317.jpg\" alt=\"Simulation W\u00e4rmebr\u00fccke Alternative I - Temperaturansicht\" width=\"667\" height=\"317\" srcset=\"https:\/\/www.htflux.com\/de\/wp-content\/uploads\/sites\/3\/2014\/03\/W\u00e4rmebr\u00fccke-Simulation-Ex2-Temperatur-667x317.jpg 667w, https:\/\/www.htflux.com\/de\/wp-content\/uploads\/sites\/3\/2014\/03\/W\u00e4rmebr\u00fccke-Simulation-Ex2-Temperatur-300x142.jpg 300w, https:\/\/www.htflux.com\/de\/wp-content\/uploads\/sites\/3\/2014\/03\/W\u00e4rmebr\u00fccke-Simulation-Ex2-Temperatur-100x47.jpg 100w, https:\/\/www.htflux.com\/de\/wp-content\/uploads\/sites\/3\/2014\/03\/W\u00e4rmebr\u00fccke-Simulation-Ex2-Temperatur.jpg 1016w\" sizes=\"auto, (max-width: 667px) 100vw, 667px\" \/><\/a><\/p>\n<p>&nbsp;<\/p>\n<div id=\"attachment_419\" style=\"width: 677px\" class=\"wp-caption alignnone\"><a href=\"http:\/\/www.htflux.com\/de\/wp-content\/uploads\/sites\/3\/2014\/07\/Balkon-ohne-Isokorb-W\u00e4rmebr\u00fccke-saniert-W\u00e4rmestrom.png\" data-rel=\"lightbox-gallery-dx858cfH\" data-rl_title=\"\" data-rl_caption=\"\" title=\"\"><img loading=\"lazy\" decoding=\"async\" aria-describedby=\"caption-attachment-419\" class=\"size-full-blog-width wp-image-419\" src=\"http:\/\/www.htflux.com\/de\/wp-content\/uploads\/sites\/3\/2014\/07\/Balkon-ohne-Isokorb-W\u00e4rmebr\u00fccke-saniert-W\u00e4rmestrom-667x225.png\" alt=\"W\u00e4rmestromdichte-Balkon-ohne-Isokorb-W\u00e4rmebr\u00fccke-saniert\" width=\"667\" height=\"225\" srcset=\"https:\/\/www.htflux.com\/de\/wp-content\/uploads\/sites\/3\/2014\/07\/Balkon-ohne-Isokorb-W\u00e4rmebr\u00fccke-saniert-W\u00e4rmestrom-667x225.png 667w, https:\/\/www.htflux.com\/de\/wp-content\/uploads\/sites\/3\/2014\/07\/Balkon-ohne-Isokorb-W\u00e4rmebr\u00fccke-saniert-W\u00e4rmestrom-300x101.png 300w, https:\/\/www.htflux.com\/de\/wp-content\/uploads\/sites\/3\/2014\/07\/Balkon-ohne-Isokorb-W\u00e4rmebr\u00fccke-saniert-W\u00e4rmestrom-1024x345.png 1024w, https:\/\/www.htflux.com\/de\/wp-content\/uploads\/sites\/3\/2014\/07\/Balkon-ohne-Isokorb-W\u00e4rmebr\u00fccke-saniert-W\u00e4rmestrom-325x109.png 325w, https:\/\/www.htflux.com\/de\/wp-content\/uploads\/sites\/3\/2014\/07\/Balkon-ohne-Isokorb-W\u00e4rmebr\u00fccke-saniert-W\u00e4rmestrom-1026x346.png 1026w, https:\/\/www.htflux.com\/de\/wp-content\/uploads\/sites\/3\/2014\/07\/Balkon-ohne-Isokorb-W\u00e4rmebr\u00fccke-saniert-W\u00e4rmestrom-100x33.png 100w, https:\/\/www.htflux.com\/de\/wp-content\/uploads\/sites\/3\/2014\/07\/Balkon-ohne-Isokorb-W\u00e4rmebr\u00fccke-saniert-W\u00e4rmestrom.png 1600w\" sizes=\"auto, (max-width: 667px) 100vw, 667px\" \/><\/a><p id=\"caption-attachment-419\" class=\"wp-caption-text\">W\u00e4rmestromdichte &#8211; Balkon saniert mittels Au\u00dfend\u00e4mmung<\/p><\/div>\n","protected":false},"excerpt":{"rendered":"<p>Alle Features auf einen Blick Thermische und Hygrothermische Simulation HTflux erstellt hochaufgel\u00f6ste, zweidimensionale Simulationen von W\u00e4rme- und Feuchtetransport. Ein neuartiges, von HTflux entwickeltes Verfahren \u2013\u00a0 GLASER 2D \u2013 wendet dabei das bew\u00e4hrte Glaser-Verfahren zweidimensional an. Damit k\u00f6nnen nun erstmals Berechnungen von Taupunkt-Fl\u00e4chen inklusive Tauwasser- und Verdunstungsmengen zweidimensional erstellt werden. Simulationserstellung leicht gemacht Was in anderen [&hellip;]<\/p>\n","protected":false},"author":1,"featured_media":0,"parent":0,"menu_order":38,"comment_status":"open","ping_status":"open","template":"pageTemp-Feature-Single.php","meta":{"footnotes":""},"class_list":["post-514","page","type-page","status-publish","hentry"],"_links":{"self":[{"href":"https:\/\/www.htflux.com\/de\/wp-json\/wp\/v2\/pages\/514","targetHints":{"allow":["GET"]}}],"collection":[{"href":"https:\/\/www.htflux.com\/de\/wp-json\/wp\/v2\/pages"}],"about":[{"href":"https:\/\/www.htflux.com\/de\/wp-json\/wp\/v2\/types\/page"}],"author":[{"embeddable":true,"href":"https:\/\/www.htflux.com\/de\/wp-json\/wp\/v2\/users\/1"}],"replies":[{"embeddable":true,"href":"https:\/\/www.htflux.com\/de\/wp-json\/wp\/v2\/comments?post=514"}],"version-history":[{"count":13,"href":"https:\/\/www.htflux.com\/de\/wp-json\/wp\/v2\/pages\/514\/revisions"}],"predecessor-version":[{"id":575,"href":"https:\/\/www.htflux.com\/de\/wp-json\/wp\/v2\/pages\/514\/revisions\/575"}],"wp:attachment":[{"href":"https:\/\/www.htflux.com\/de\/wp-json\/wp\/v2\/media?parent=514"}],"curies":[{"name":"wp","href":"https:\/\/api.w.org\/{rel}","templated":true}]}}