{"id":591,"date":"2014-11-21T19:09:16","date_gmt":"2014-11-21T17:09:16","guid":{"rendered":"http:\/\/www.htflux.com\/de\/?page_id=591"},"modified":"2016-04-10T23:30:26","modified_gmt":"2016-04-10T21:30:26","slug":"benutzeroberflaeche","status":"publish","type":"page","link":"https:\/\/www.htflux.com\/de\/documentation\/benutzeroberflaeche\/","title":{"rendered":"Benutzeroberfl\u00e4che"},"content":{"rendered":"<h2>Die Benutzeroberfl\u00e4che<\/h2>\n<p><a href=\"#a\">A &#8211; Das Hauptmen\u00fc<\/a><br \/>\n<a href=\"#b\">B &#8211; Das Graphik-Fenster<\/a><br \/>\n<a href=\"#c\">C &#8211; Die Projekt-Materialien<\/a><br \/>\n<a href=\"#d\">D &#8211; Der Projekt-Manager<\/a><br \/>\n<a href=\"#e\">E &#8211; Die Kommandozeile<\/a><br \/>\n<a href=\"#f\">F &#8211; Die Quick-Tool-Leiste<\/a><\/p>\n<div class=\"scale-img\"><a href=\"http:\/\/www.htflux.com\/de\/wp-content\/uploads\/sites\/3\/2015\/06\/HTflux-Benutzeroberfl\u00e4che.png\" data-rel=\"lightbox-gallery-N9b08P7s\" data-rl_title=\"\" data-rl_caption=\"\" title=\"\"><img loading=\"lazy\" decoding=\"async\" class=\"alignnone size-full-blog-width wp-image-1334\" src=\"http:\/\/www.htflux.com\/de\/wp-content\/uploads\/sites\/3\/2015\/06\/HTflux-Benutzeroberfl\u00e4che-667x463.png\" alt=\"HTflux Benutzeroberfl\u00e4che\" width=\"667\" height=\"463\" srcset=\"https:\/\/www.htflux.com\/de\/wp-content\/uploads\/sites\/3\/2015\/06\/HTflux-Benutzeroberfl\u00e4che-667x463.png 667w, https:\/\/www.htflux.com\/de\/wp-content\/uploads\/sites\/3\/2015\/06\/HTflux-Benutzeroberfl\u00e4che-300x208.png 300w, https:\/\/www.htflux.com\/de\/wp-content\/uploads\/sites\/3\/2015\/06\/HTflux-Benutzeroberfl\u00e4che-1024x711.png 1024w, https:\/\/www.htflux.com\/de\/wp-content\/uploads\/sites\/3\/2015\/06\/HTflux-Benutzeroberfl\u00e4che-325x226.png 325w, https:\/\/www.htflux.com\/de\/wp-content\/uploads\/sites\/3\/2015\/06\/HTflux-Benutzeroberfl\u00e4che-1026x712.png 1026w, https:\/\/www.htflux.com\/de\/wp-content\/uploads\/sites\/3\/2015\/06\/HTflux-Benutzeroberfl\u00e4che-100x69.png 100w, https:\/\/www.htflux.com\/de\/wp-content\/uploads\/sites\/3\/2015\/06\/HTflux-Benutzeroberfl\u00e4che.png 1279w\" sizes=\"auto, (max-width: 667px) 100vw, 667px\" \/><\/a><\/div>\n<p><strong id=\"a\" class=\"hash-anchor\">A &#8211; Das Hauptmen\u00fc<\/strong><br \/>\nIm oberen Bereich der Anwendung befindet sich die Hauptmen\u00fc-Leiste, auf welcher Sie die zentralen Funktionen und Werkzeuge finden.<br \/>\n<a href=\"http:\/\/www.htflux.com\/de\/wp-content\/uploads\/sites\/3\/2015\/06\/HTflux-Hauptmen\u00fc.png\" data-rel=\"lightbox-gallery-N9b08P7s\" data-rl_title=\"\" data-rl_caption=\"\" title=\"\"><img loading=\"lazy\" decoding=\"async\" class=\"alignnone size-full-blog-width wp-image-1335\" src=\"http:\/\/www.htflux.com\/de\/wp-content\/uploads\/sites\/3\/2015\/06\/HTflux-Hauptmen\u00fc-667x65.png\" alt=\"HTflux Hauptmen\u00fc\" width=\"667\" height=\"65\" srcset=\"https:\/\/www.htflux.com\/de\/wp-content\/uploads\/sites\/3\/2015\/06\/HTflux-Hauptmen\u00fc-667x65.png 667w, https:\/\/www.htflux.com\/de\/wp-content\/uploads\/sites\/3\/2015\/06\/HTflux-Hauptmen\u00fc-300x29.png 300w, https:\/\/www.htflux.com\/de\/wp-content\/uploads\/sites\/3\/2015\/06\/HTflux-Hauptmen\u00fc-1024x99.png 1024w, https:\/\/www.htflux.com\/de\/wp-content\/uploads\/sites\/3\/2015\/06\/HTflux-Hauptmen\u00fc-325x32.png 325w, https:\/\/www.htflux.com\/de\/wp-content\/uploads\/sites\/3\/2015\/06\/HTflux-Hauptmen\u00fc-1026x100.png 1026w, https:\/\/www.htflux.com\/de\/wp-content\/uploads\/sites\/3\/2015\/06\/HTflux-Hauptmen\u00fc-100x10.png 100w, https:\/\/www.htflux.com\/de\/wp-content\/uploads\/sites\/3\/2015\/06\/HTflux-Hauptmen\u00fc.png 1237w\" sizes=\"auto, (max-width: 667px) 100vw, 667px\" \/><\/a><br \/>\nAuf f\u00fcnf Reitern (Datei, Start, Zeichnen, Messungen, Ausgabe &amp; Tools) werden verschiedene Funktionen und Werkzeuge themenspezifisch zusammengefasst:<\/p>\n<ul>\n<li><em>Datei<\/em>: erm\u00f6glicht Zugang zu den Standard-Funktionen (Speichern, \u00d6ffnen, Schlie\u00dfen etc.).<\/li>\n<li><em>Start<\/em>: enth\u00e4lt die wichtigsten Funktionen zum \u00c4ndern der Darstellung und dem Durchf\u00fchren von Simulationen.<\/li>\n<li><em>Zeichnen<\/em>: beinhaltet die Zeichen- und Bearbeitungsfunktionen.<\/li>\n<li><em>Messungen<\/em>: enth\u00e4lt alle Messfunktionen.<\/li>\n<li><em>Ausgabe &amp; Tools<\/em>: beinhaltet Ausgabefunktionen (Grafik, PDF) und weitere n\u00fctzliche Tools.<\/li>\n<\/ul>\n<p><strong id=\"b\" class=\"hash-anchor\">B &#8211; Das Graphik-Fenster<\/strong><br \/>\nIn der Mitte der Anwendung befindet sich das Graphik-Fenster. In diesem wird je nach Ansichtsmodus entweder eine graphisches Modell Ihres Projekts oder das Ergebnis der Simulation angezeigt.\u00a0 Die <em>Drahtgitter-<\/em>, die <em>Material-<\/em> und die <em>Objektansicht<\/em> stehen immer zur Verf\u00fcgung, die <em>Temperatur-<\/em> und die <em>W\u00e4rmestromansicht<\/em> nach einer durchgef\u00fchrten thermischen Simulation; die Feuchteansicht sowie die Dampfstrom- und Partialdruckansicht nach der Durchf\u00fchrung der hygrischen Simulation. Mehr zu den Ansichten erfahren Sie unter <a title=\"Ansichten\" href=\"http:\/\/www.htflux.com\/de\/documentation\/ansichten\/\">Ansichten<\/a>.<\/p>\n<p><strong id=\"c\" class=\"hash-anchor\">C &#8211; Die Projekt-Materialien<\/strong><br \/>\nsiehe eigene Seite <a title=\"Die Projektmaterial-Liste\" href=\"http:\/\/www.htflux.com\/de\/documentation\/benutzeroberflaeche\/die-projektmaterial-liste\/\">Die Projektmaterial-Liste<\/a>.<\/p>\n<p><strong id=\"d\" class=\"hash-anchor\">D &#8211; Der Projekt-Manager<\/strong><br \/>\nsiehe eigene Seite <a title=\"Der Projektmanager\" href=\"http:\/\/www.htflux.com\/de\/documentation\/benutzeroberflaeche\/der-projektmanager\/\">Der Projektmanager<\/a>.<\/p>\n<p>Ganz rechts im Programm finden Sie den Projektmanager. Der Projektmanager ist eine Auflistung aller graphischen Objekte und Messfunktionen des aktuellen Projekts. Mittels Mauseingaben (linke Taste, rechte Taste, Ziehen) k\u00f6nnen Sie eine Reihe von Funktionen im Projektmanager durchf\u00fchren (Kopieren, L\u00f6schen, Eigenschaften,&#8230;). Der Projekt-Manager gliedert sich in drei Abschnitte:<\/p>\n<ul>\n<li><em>AUSSCHNITTE<\/em>:<br \/>\nAusschnitte sind geometrische Objekte (meist Rechtecke) welche Ihnen gestatten bestimmte Bereiche in der Simulation zu definieren. Die Ausschnitte werden verwendet um den Simulationsbereich festzulegen, um graphische Ausgabebereiche (f\u00fcr Berichte oder Graphik-Export) zu definieren oder um den Messbereich einer Messfunktion festzulegen.<\/li>\n<li><em>MESSUNGEN<\/em>:<br \/>\nDieser Abschnitt listet alle Messfunktionen des aktuellen Projekts und gegebenenfalls die einzelnen Messbereiche auf.<\/li>\n<li><em>OBJEKTE<\/em>:<br \/>\nDieser Bereich enth\u00e4lt alle graphischen Elemente, welche Ihr Detail definieren (meist Polygone oder Rechtecke). Die Reihenfolge der einzelnen Elemente spielt dabei eine besondere Rolle. In HTflux \u00fcberdecken Objekte, welche in der Liste oben stehen immer jene Objekte welche weiter unten liegen. Dies erm\u00f6glicht Ihnen eine rasche Bearbeitung der Graphik. Verwenden Sie die linke oder rechte Maustaste um die Objekte umzusortieren oder um Bearbeitungen an den Objekten durchzuf\u00fchren.<\/li>\n<\/ul>\n<p>Das kleine &#8222;Auge&#8220;-Symbol rechts neben jedem Element (Ausschnitt, Messung oder Objekt) erm\u00f6glicht es Ihnen die Sichtbarkeit des entsprechenden Elements rasch zu \u00e4ndern. Wenn Sie Objekte unsichtbar schalten, werden diese auch nicht in der Simulation ber\u00fccksichtigt. Auf diese Weise k\u00f6nnen Sie beispielsweise sehr rasch und einfach verschiedene alternative Geometrien in einem Detail testen.<br \/>\nUm das Graphik-Fenster zu vergr\u00f6\u00dfern k\u00f6nnen Sie auch den Projektmanager mittels des Doppelpfeils rechts oben ausblenden.<\/p>\n<p><strong id=\"e\" class=\"hash-anchor\">E &#8211; Die Kommandozeile<\/strong><br \/>\nUnter dem Graphik-Fenster finden Sie die sogenannte Kommandozeile. Sie kennen diese vielleicht aus anderen CAD-Programmen. Die Kommandozeile ist besonders beim Zeichnen, beim Bearbeiten von Objekten oder beim Anbringen von Messfunktionen wichtig. Die Kommandozeile informiert Sie jeweils \u00fcber den aktuellen Status der ausgew\u00e4hlten Funktion und gibt Ihnen Hinweise zu den m\u00f6glichen Eingaben per Maus oder Tastatur.<\/p>\n<p><strong id=\"f\" class=\"hash-anchor\">F &#8211; Quick-Tool-Leiste:<\/strong><br \/>\n<a href=\"http:\/\/www.htflux.com\/de\/wp-content\/uploads\/sites\/3\/2015\/06\/Quick-Toolbar.png\" data-rel=\"lightbox-gallery-N9b08P7s\" data-rl_title=\"\" data-rl_caption=\"\" title=\"\"><img loading=\"lazy\" decoding=\"async\" class=\"alignnone size-full wp-image-1336\" src=\"http:\/\/www.htflux.com\/de\/wp-content\/uploads\/sites\/3\/2015\/06\/Quick-Toolbar.png\" alt=\"Quick-Toolbar\" width=\"417\" height=\"31\" srcset=\"https:\/\/www.htflux.com\/de\/wp-content\/uploads\/sites\/3\/2015\/06\/Quick-Toolbar.png 417w, https:\/\/www.htflux.com\/de\/wp-content\/uploads\/sites\/3\/2015\/06\/Quick-Toolbar-300x22.png 300w, https:\/\/www.htflux.com\/de\/wp-content\/uploads\/sites\/3\/2015\/06\/Quick-Toolbar-325x24.png 325w, https:\/\/www.htflux.com\/de\/wp-content\/uploads\/sites\/3\/2015\/06\/Quick-Toolbar-100x7.png 100w\" sizes=\"auto, (max-width: 417px) 100vw, 417px\" \/><\/a><br \/>\nUnter dem Graphik-Fenster befindet Sich auch die sogenannte Quick-Tool-Leiste. Diese besteht aus einer Reihe von Buttons, welche es Ihnen jederzeit gestatten wichtige Funktionen schnell aufzurufen. Die Buttons beziehen sich auf <a title=\"Navigation &amp; Fangfunktionen\" href=\"http:\/\/www.htflux.com\/de\/documentation\/navigation-fangfunktionen\/\">Fang-Funktionen<\/a>, <a title=\"Ansichten\" href=\"http:\/\/www.htflux.com\/de\/documentation\/ansichten\/#Overlays\">Einblendungen<\/a> und weitere h\u00e4ufig verwendete Funktionen. Abh\u00e4ngig vom Kontext kann sich die Zusammenstellung der Quick-Tool-Leiste \u00e4ndern. So werden etwa im Zeichenmodus andere Quick-Tools angezeigt, als im Auswahlmodus.<\/p>\n","protected":false},"excerpt":{"rendered":"<p>Die Benutzeroberfl\u00e4che A &#8211; Das Hauptmen\u00fc B &#8211; Das Graphik-Fenster C &#8211; Die Projekt-Materialien D &#8211; Der Projekt-Manager E &#8211; Die Kommandozeile F &#8211; Die Quick-Tool-Leiste A &#8211; Das Hauptmen\u00fc Im oberen Bereich der Anwendung befindet sich die Hauptmen\u00fc-Leiste, auf welcher Sie die zentralen Funktionen und Werkzeuge finden. Auf f\u00fcnf Reitern (Datei, Start, Zeichnen, Messungen, [&hellip;]<\/p>\n","protected":false},"author":1,"featured_media":0,"parent":837,"menu_order":4,"comment_status":"open","ping_status":"open","template":"pageTemp-userGuide_NEW.php","meta":{"footnotes":""},"class_list":["post-591","page","type-page","status-publish","hentry"],"_links":{"self":[{"href":"https:\/\/www.htflux.com\/de\/wp-json\/wp\/v2\/pages\/591","targetHints":{"allow":["GET"]}}],"collection":[{"href":"https:\/\/www.htflux.com\/de\/wp-json\/wp\/v2\/pages"}],"about":[{"href":"https:\/\/www.htflux.com\/de\/wp-json\/wp\/v2\/types\/page"}],"author":[{"embeddable":true,"href":"https:\/\/www.htflux.com\/de\/wp-json\/wp\/v2\/users\/1"}],"replies":[{"embeddable":true,"href":"https:\/\/www.htflux.com\/de\/wp-json\/wp\/v2\/comments?post=591"}],"version-history":[{"count":65,"href":"https:\/\/www.htflux.com\/de\/wp-json\/wp\/v2\/pages\/591\/revisions"}],"predecessor-version":[{"id":1716,"href":"https:\/\/www.htflux.com\/de\/wp-json\/wp\/v2\/pages\/591\/revisions\/1716"}],"up":[{"embeddable":true,"href":"https:\/\/www.htflux.com\/de\/wp-json\/wp\/v2\/pages\/837"}],"wp:attachment":[{"href":"https:\/\/www.htflux.com\/de\/wp-json\/wp\/v2\/media?parent=591"}],"curies":[{"name":"wp","href":"https:\/\/api.w.org\/{rel}","templated":true}]}}