{"id":610,"date":"2014-11-23T11:44:46","date_gmt":"2014-11-23T09:44:46","guid":{"rendered":"http:\/\/www.htflux.com\/de\/?page_id=610"},"modified":"2016-05-11T16:47:56","modified_gmt":"2016-05-11T14:47:56","slug":"zeichnen","status":"publish","type":"page","link":"https:\/\/www.htflux.com\/de\/documentation\/zeichnen\/","title":{"rendered":"Zeichnen"},"content":{"rendered":"<h2>Werkzeuge zum Zeichen<\/h2>\n<p>Alle Zeichenfunktionen sind am Ribbon auf dem Reiter ZEICHNEN verf\u00fcgbar.<\/p>\n<p>Derzeit k\u00f6nnen 4 verschiedene Zeichenwerkzeuge zum Zeichnen von Geometrien verwendet werden:<\/p>\n<table>\n<tbody>\n<tr>\n<td style=\"width: 54px;\"><a title=\"Rechteck zeichnen\" href=\"http:\/\/www.htflux.com\/de\/documentation\/zeichnen\/rechteck-zeichnen\/\"><img loading=\"lazy\" decoding=\"async\" class=\"alignnone size-full wp-image-1002\" src=\"http:\/\/www.htflux.com\/de\/wp-content\/uploads\/sites\/3\/2014\/11\/Zeichnen-Rechteck-e1422820887791.png\" alt=\"Zeichnen-Rechteck\" width=\"54\" height=\"72\" \/><\/a><\/td>\n<td><a title=\"Rechteck zeichnen\" href=\"http:\/\/www.htflux.com\/de\/documentation\/zeichnen\/rechteck-zeichnen\/\"><strong>Rechteck-Werkzeug<\/strong><\/a><br \/>\nZum Zeichnen von rechteckigen Objekten.<\/td>\n<\/tr>\n<tr>\n<td><a title=\"Geschl. Polygon zeichnen\" href=\"http:\/\/www.htflux.com\/de\/documentation\/zeichnen\/geschl-polygon-zeichnen\/\"><img loading=\"lazy\" decoding=\"async\" class=\"alignnone size-full wp-image-1005\" src=\"http:\/\/www.htflux.com\/de\/wp-content\/uploads\/sites\/3\/2014\/11\/Zeichnen-geschlossenes-Polygon-e1422820784400.png\" alt=\"Zeichnen-geschlossenes-Polygon\" width=\"54\" height=\"72\" \/><\/a><\/td>\n<td><a title=\"Geschl. Polygon zeichnen\" href=\"http:\/\/www.htflux.com\/de\/documentation\/zeichnen\/geschl-polygon-zeichnen\/\"><strong>Polygon-Werkzeug<\/strong><\/a><br \/>\nZum Zeichnen von geschlossenen Polygonen mit beliebig vielen Ankerpunkten.<\/td>\n<\/tr>\n<tr>\n<td><a title=\"Linienzug zeichnen\" href=\"http:\/\/www.htflux.com\/de\/documentation\/zeichnen\/linienzug-zeichnen\/\"><img loading=\"lazy\" decoding=\"async\" class=\"alignnone size-full wp-image-1004\" src=\"http:\/\/www.htflux.com\/de\/wp-content\/uploads\/sites\/3\/2014\/11\/Zeichnen-Linienzug-e1422820822158.png\" alt=\"Zeichnen-Linienzug\" width=\"54\" height=\"72\" \/><\/a><\/td>\n<td><strong><a title=\"Linienzug zeichnen\" href=\"http:\/\/www.htflux.com\/de\/documentation\/zeichnen\/linienzug-zeichnen\/\">Linienzug-Werkzeug<\/a><br \/>\n<\/strong>Zum Zeichnen von Linienz\u00fcgen mit beliebiger St\u00e4rke.<\/td>\n<\/tr>\n<tr>\n<td><a href=\"http:\/\/www.htflux.com\/de\/wp-content\/uploads\/sites\/3\/2014\/11\/Zeichen-Ausschnitt-festlegen-e1422820953937.png\" data-rel=\"lightbox-gallery-BVQpJ7VS\" data-rl_title=\"\" data-rl_caption=\"\" title=\"\"><img loading=\"lazy\" decoding=\"async\" class=\"alignnone size-full wp-image-1003\" src=\"http:\/\/www.htflux.com\/de\/wp-content\/uploads\/sites\/3\/2014\/11\/Zeichen-Ausschnitt-festlegen-e1422820953937.png\" alt=\"Zeichen-Ausschnitt-festlegen\" width=\"54\" height=\"72\" \/><\/a><\/td>\n<td><strong><a title=\"Rechteck zeichnen\" href=\"http:\/\/www.htflux.com\/de\/documentation\/zeichnen\/rechteck-zeichnen\/\">Ausschnitt festlegen-Werkzeug<\/a><br \/>\n<\/strong>Dieses Werkzeug dient nur zum Definieren eines Ausschnittes im Rahmen einer Messung oder einer Simulation. Es erzeugt also kein geometrisches Objekt, das simuliert werden kann.<\/td>\n<\/tr>\n<\/tbody>\n<\/table>\n<p>Desweiteren gibt es Werkzeuge, mit denen bestehende geometrische Objekte und Ausschnitte modifiziert werden k\u00f6nnen. Mit diesen Modifizier-Werkzeugen k\u00f6nnen Sie Objekte &#8230;<\/p>\n<table>\n<tbody>\n<tr>\n<td>\u00a0<a title=\"Objekte modifizieren\" href=\"http:\/\/www.htflux.com\/de\/documentation\/zeichnen\/objekte-modifizieren\/\"><img loading=\"lazy\" decoding=\"async\" class=\"alignnone size-full wp-image-1163\" src=\"http:\/\/www.htflux.com\/de\/wp-content\/uploads\/sites\/3\/2015\/04\/Bewegen.png\" alt=\"Bewegen\" width=\"52\" height=\"70\" \/><\/a><\/td>\n<td>Bewegen<\/td>\n<\/tr>\n<tr>\n<td>\u00a0<a title=\"Objekte modifizieren\" href=\"http:\/\/www.htflux.com\/de\/documentation\/zeichnen\/objekte-modifizieren\/\"><img loading=\"lazy\" decoding=\"async\" class=\"alignnone size-full wp-image-1162\" src=\"http:\/\/www.htflux.com\/de\/wp-content\/uploads\/sites\/3\/2015\/04\/Skalieren.png\" alt=\"Skalieren\" width=\"52\" height=\"70\" \/><\/a><\/td>\n<td>Skalieren<\/td>\n<\/tr>\n<tr>\n<td>\u00a0<a title=\"Objekte modifizieren\" href=\"http:\/\/www.htflux.com\/de\/documentation\/zeichnen\/objekte-modifizieren\/\"><img loading=\"lazy\" decoding=\"async\" class=\"alignnone size-full wp-image-1161\" src=\"http:\/\/www.htflux.com\/de\/wp-content\/uploads\/sites\/3\/2015\/04\/Rotieren.png\" alt=\"Rotieren\" width=\"52\" height=\"70\" \/><\/a><\/td>\n<td>Rotieren<\/td>\n<\/tr>\n<tr>\n<td>\u00a0<a title=\"Objekte modifizieren\" href=\"http:\/\/www.htflux.com\/de\/documentation\/zeichnen\/objekte-modifizieren\/\"><img loading=\"lazy\" decoding=\"async\" class=\"alignnone size-full wp-image-1160\" src=\"http:\/\/www.htflux.com\/de\/wp-content\/uploads\/sites\/3\/2015\/04\/Kopieren.png\" alt=\"Kopieren\" width=\"52\" height=\"70\" \/><\/a><\/td>\n<td>Kopieren<\/td>\n<\/tr>\n<tr>\n<td>\u00a0<a title=\"Objekte modifizieren\" href=\"http:\/\/www.htflux.com\/de\/documentation\/zeichnen\/objekte-modifizieren\/\"><img loading=\"lazy\" decoding=\"async\" class=\"alignnone size-full wp-image-1159\" src=\"http:\/\/www.htflux.com\/de\/wp-content\/uploads\/sites\/3\/2015\/04\/Spiegeln.png\" alt=\"Spiegeln\" width=\"52\" height=\"70\" \/><\/a><\/td>\n<td>Spiegeln<\/td>\n<\/tr>\n<\/tbody>\n<\/table>\n<h3>Hilfsfunktionen zum Zeichen: Grid, Fang- und Hilfslinien<\/h3>\n<p>HTflux bietet zus\u00e4tzlich wichtige Unterst\u00fctzung beim Zeichnen durch Grid und Fangfunktionen. Diese Funktionen finden Sie in der\u00a0 Werkzeug-Leiste am unteren Rand der Anwendung (der Quick-Tool-Leiste). Auf dieser Leiste sind Werkzeuge versammelt, die oft gebraucht werden und sich abh\u00e4ngig vom Kontext \u00e4ndern. Im Zeichenmodus, der aktiviert wird, sobald sie ein Zeichen- oder Modifizier-Werkzeug im Ribbon ausw\u00e4hlen, stehen (unter anderem) diese\u00a0 Quick-Tools zur Verf\u00fcgung:<\/p>\n<table>\n<tbody>\n<tr>\n<td style=\"width: 28px;\"><em><a href=\"http:\/\/www.htflux.com\/de\/wp-content\/uploads\/sites\/3\/2014\/11\/Grid-e1422823255342.png\" data-rel=\"lightbox-gallery-BVQpJ7VS\" data-rl_title=\"\" data-rl_caption=\"\" title=\"\"><img loading=\"lazy\" decoding=\"async\" class=\"alignnone size-full wp-image-1018\" src=\"http:\/\/www.htflux.com\/de\/wp-content\/uploads\/sites\/3\/2014\/11\/Grid-e1422823255342.png\" alt=\"Grid\" width=\"28\" height=\"30\" \/><\/a><strong>\u00a0<\/strong><\/em><\/td>\n<td><strong>Gitter\/Grid: <\/strong>Durch Aktivieren dieser Funktion wird ein Gitternetz erzeugt, dass die Orientierung und das Zeichnen erleichtern kann. Mit einem rechten Mausklick k\u00f6nnen Sie Einstellungen am Gitter, wie zB die Rasterweite oder die Gitterart, vornehmen.<\/td>\n<\/tr>\n<tr>\n<td><a href=\"http:\/\/www.htflux.com\/de\/wp-content\/uploads\/sites\/3\/2014\/11\/Gridfang-e1422823275396.png\" data-rel=\"lightbox-gallery-BVQpJ7VS\" data-rl_title=\"\" data-rl_caption=\"\" title=\"\"><img loading=\"lazy\" decoding=\"async\" class=\"alignnone size-full wp-image-1017\" src=\"http:\/\/www.htflux.com\/de\/wp-content\/uploads\/sites\/3\/2014\/11\/Gridfang-e1422823275396.png\" alt=\"Gridfang\" width=\"28\" height=\"30\" \/><\/a><\/td>\n<td><em><strong>Gitterfang<\/strong>:<\/em> Ist die Funktion aktiviert, so wird immer im vorgegebenen Raster des Gitternetzes gearbeitet. Um Einstellungen am Gitternetz vorzunehmen, klicken Sie mit der RECHTEN Maustaste auf diesen Button.<\/td>\n<\/tr>\n<tr>\n<td><a href=\"http:\/\/www.htflux.com\/de\/wp-content\/uploads\/sites\/3\/2014\/11\/Eckfang-e1422823289178.png\" data-rel=\"lightbox-gallery-BVQpJ7VS\" data-rl_title=\"\" data-rl_caption=\"\" title=\"\"><img loading=\"lazy\" decoding=\"async\" class=\"alignnone size-full wp-image-1016\" src=\"http:\/\/www.htflux.com\/de\/wp-content\/uploads\/sites\/3\/2014\/11\/Eckfang-e1422823289178.png\" alt=\"Eckfang\" width=\"28\" height=\"30\" \/><\/a><\/td>\n<td><em><strong>St\u00fctzpunkt-Fang:<\/strong> <\/em>Wenn diese Funktion aktiviert ist, k\u00f6nnen Sie beim Zeichnen Objekte an St\u00fctzpunkten bereits gezeichneter Geometrien ausrichten.<\/td>\n<\/tr>\n<tr>\n<td><a href=\"http:\/\/www.htflux.com\/de\/wp-content\/uploads\/sites\/3\/2014\/11\/Linienfang-e1422823304466.png\" data-rel=\"lightbox-gallery-BVQpJ7VS\" data-rl_title=\"\" data-rl_caption=\"\" title=\"\"><img loading=\"lazy\" decoding=\"async\" class=\"alignnone size-full wp-image-1015\" src=\"http:\/\/www.htflux.com\/de\/wp-content\/uploads\/sites\/3\/2014\/11\/Linienfang-e1422823304466.png\" alt=\"Linienfang\" width=\"28\" height=\"30\" \/><\/a><\/td>\n<td><strong><em>Linien-Fang:<\/em>\u00a0<\/strong>Wenn diese Funktion aktiviert ist, k\u00f6nnen Sie beim Zeichnen Objekte an Linien bereits gezeichneter Geometrien ausrichten.<\/td>\n<\/tr>\n<tr>\n<td><a href=\"http:\/\/www.htflux.com\/de\/wp-content\/uploads\/sites\/3\/2014\/11\/Winkelfang-e1422823318903.png\" data-rel=\"lightbox-gallery-BVQpJ7VS\" data-rl_title=\"\" data-rl_caption=\"\" title=\"\"><img loading=\"lazy\" decoding=\"async\" class=\"alignnone size-full wp-image-1014\" src=\"http:\/\/www.htflux.com\/de\/wp-content\/uploads\/sites\/3\/2014\/11\/Winkelfang-e1422823318903.png\" alt=\"Winkelfang\" width=\"28\" height=\"30\" \/><\/a><\/td>\n<td>\u00a0<em><strong>Winkel-Fang:<\/strong><\/em> Diese Funktion erm\u00f6glicht es Ihnen ausgehend vom Referenzpunkt in vorgegebene Winkelrichtungen zu zeichnen. Um diese einzustellen, klicken Sie mit der RECHTEN Maustaste auf diesen Button. Vergessen Sie nicht die Funktion wieder zu deaktivieren wenn Sie diese nicht mehr ben\u00f6tigen, da sie dann hinderlich sein kann.<\/td>\n<\/tr>\n<\/tbody>\n<\/table>\n<p>Sind diese Buttons blau hinterlegt, bedeutet dies, dass die jeweilige Funktion aktiviert ist.<\/p>\n<p>Desweiteren sind w\u00e4hrend des Zeichnens zum Ausrichten der Objekte zwei Funktionen sehr hilfreich, die nur \u00fcber Tastaturk\u00fcrzel erreicht werden:<\/p>\n<ul>\n<li><strong>Vertikale Hilfslinie<\/strong> \u2013 Tastatur <span class=\"highlight-input\">X<\/span>: Durch Dr\u00fccken der Taste \u2018x\u2019 w\u00e4hrend des Zeichnens kann die X-Koordinate der aktuellen Mausposition fixiert werden (\u201cvertikale Hilfslinie\u201d). Diese Funktion ist sehr hilfreich um Objekte exakt horizontal auszurichten. Durch erneutes Dr\u00fccken der \u2018x\u2019 Taste wird die Fixierung wieder aufgehoben.<\/li>\n<li><strong>Horizontale Hilfslinie<\/strong> \u2013 Tastatur <span class=\"highlight-input\">Y<\/span>: Durch Dr\u00fccken der Taste \u2018y\u2019 w\u00e4hrend des Zeichnens, kann die Y-Koordinate der aktuellen Mausposition fixiert werden (\u201chorizontale Hilfslinie\u201d). Diese Funktion ist sehr hilfreich um Objekte exakt vertikal auszurichten. Durch erneutes Dr\u00fccken der \u2018y\u2019 Taste wird die Fixierung wieder aufgehoben.<br \/>\n<em>Anmerkung: Sollten die Tastatur-Funktionen nicht gleich verf\u00fcgbar sein, so klicken Sie in das Eingabefeld der Kommandozeile um sicherzustellen, dass die Tastatureingabe aktiviert ist.<\/em><\/li>\n<\/ul>\n<h3>Der Referenz-Punkt<\/h3>\n<p><a href=\"http:\/\/www.htflux.com\/de\/wp-content\/uploads\/sites\/3\/2014\/12\/RefPoint.png\" data-rel=\"lightbox-gallery-BVQpJ7VS\" data-rl_title=\"\" data-rl_caption=\"\" title=\"\"><img loading=\"lazy\" decoding=\"async\" class=\"alignnone size-full wp-image-659\" src=\"http:\/\/www.htflux.com\/de\/wp-content\/uploads\/sites\/3\/2014\/12\/RefPoint.png\" alt=\"RefPoint\" width=\"35\" height=\"34\" \/><\/a><br \/>\nBei fast allen Zeichenfunktionen k\u00f6nnen Sie die Hilfe eines Referenzpunktes in Anspruch nehmen. Verwenden Sie in den Zeichenfunktionen die RECHTE Maustaste um diesen zu setzen.<br \/>\nDer Referenz-Punkt dient entweder als<\/p>\n<ul>\n<li>als Nullpunkt f\u00fcr die Angabe von relativen Koordinaten. Geben Sie etwa &#8222;R&#8220; + Koordinaten, z.B. <span class=\"highlight-input\">R 0,5;2,5<\/span> in die Kommandozeile ein, so wird die Koordinate 0,5 cm horizontal nach rechts und 2,5 cm vertikal nach oben als Punkt festgelegt.<\/li>\n<li>Ausgangspunkt f\u00fcr die Funktion &#8222;Winkel-Fang&#8220;<\/li>\n<\/ul>\n<h3>Auswahl St\u00fctzpunkte<\/h3>\n<p><a href=\"http:\/\/www.htflux.com\/de\/wp-content\/uploads\/sites\/3\/2014\/11\/Auswahl-Stu\u0308tzpunkte.png\" data-rel=\"lightbox-gallery-BVQpJ7VS\" data-rl_title=\"\" data-rl_caption=\"\" title=\"\"><img loading=\"lazy\" decoding=\"async\" class=\"alignnone wp-image-1168 size-full\" src=\"http:\/\/www.htflux.com\/de\/wp-content\/uploads\/sites\/3\/2014\/11\/Auswahl-Stu\u0308tzpunkte.png\" alt=\"Auswahl St\u00fctzpunkte\" width=\"90\" height=\"22\" \/><\/a><br \/>\nWenn Sie den Modus &#8222;<strong>Auswahl St\u00fctzpunkte<\/strong>&#8220; aktivieren (ganz links am Zeichnen-Reiter), werden die St\u00fctzpunkte (Vertizes oder Ankerpunkte) aller Objekte sichtbar. Mit den Modifizieren Werkzeugen k\u00f6nnen die St\u00fctzpunkte bewegt, rotiert und gespiegelt werden. Dabei k\u00f6nnen einzelne oder mehrere Vertizes desselben Objekts durch gleichzeitiges Dr\u00fccken der Shift-Taste ausgew\u00e4hlt werden.<\/p>\n","protected":false},"excerpt":{"rendered":"<p>Werkzeuge zum Zeichen Alle Zeichenfunktionen sind am Ribbon auf dem Reiter ZEICHNEN verf\u00fcgbar. Derzeit k\u00f6nnen 4 verschiedene Zeichenwerkzeuge zum Zeichnen von Geometrien verwendet werden: Rechteck-Werkzeug Zum Zeichnen von rechteckigen Objekten. Polygon-Werkzeug Zum Zeichnen von geschlossenen Polygonen mit beliebig vielen Ankerpunkten. Linienzug-Werkzeug Zum Zeichnen von Linienz\u00fcgen mit beliebiger St\u00e4rke. Ausschnitt festlegen-Werkzeug Dieses Werkzeug dient nur zum [&hellip;]<\/p>\n","protected":false},"author":1,"featured_media":0,"parent":837,"menu_order":12,"comment_status":"open","ping_status":"open","template":"pageTemp-userGuide_NEW.php","meta":{"footnotes":""},"class_list":["post-610","page","type-page","status-publish","hentry"],"_links":{"self":[{"href":"https:\/\/www.htflux.com\/de\/wp-json\/wp\/v2\/pages\/610","targetHints":{"allow":["GET"]}}],"collection":[{"href":"https:\/\/www.htflux.com\/de\/wp-json\/wp\/v2\/pages"}],"about":[{"href":"https:\/\/www.htflux.com\/de\/wp-json\/wp\/v2\/types\/page"}],"author":[{"embeddable":true,"href":"https:\/\/www.htflux.com\/de\/wp-json\/wp\/v2\/users\/1"}],"replies":[{"embeddable":true,"href":"https:\/\/www.htflux.com\/de\/wp-json\/wp\/v2\/comments?post=610"}],"version-history":[{"count":35,"href":"https:\/\/www.htflux.com\/de\/wp-json\/wp\/v2\/pages\/610\/revisions"}],"predecessor-version":[{"id":1926,"href":"https:\/\/www.htflux.com\/de\/wp-json\/wp\/v2\/pages\/610\/revisions\/1926"}],"up":[{"embeddable":true,"href":"https:\/\/www.htflux.com\/de\/wp-json\/wp\/v2\/pages\/837"}],"wp:attachment":[{"href":"https:\/\/www.htflux.com\/de\/wp-json\/wp\/v2\/media?parent=610"}],"curies":[{"name":"wp","href":"https:\/\/api.w.org\/{rel}","templated":true}]}}