{"id":709,"date":"2014-12-04T22:07:44","date_gmt":"2014-12-04T20:07:44","guid":{"rendered":"http:\/\/www.htflux.com\/de\/?page_id=709"},"modified":"2016-04-10T23:30:26","modified_gmt":"2016-04-10T21:30:26","slug":"anlegen-und-zuweisen-von-materialien","status":"publish","type":"page","link":"https:\/\/www.htflux.com\/de\/documentation\/anlegen-und-zuweisen-von-materialien\/","title":{"rendered":"Materialien"},"content":{"rendered":"<h2>Materialien<\/h2>\n<p>Um eine Simulation durchf\u00fchren zu k\u00f6nnen, m\u00fcssen Sie allen\u00a0 Objekten im zu simulierenden Bereich Materialien zuweisen.<br \/>\nW\u00e4hlen Sie eines der folgenden Themen:<\/p>\n<ul>\n<li><strong><a title=\"Die Projektmaterial-Liste\" href=\"http:\/\/www.htflux.com\/de\/documentation\/benutzeroberflaeche\/die-projektmaterial-liste\/\">Die Projektmaterial-Liste<\/a><\/strong><\/li>\n<li><strong><a title=\"Der Material-Dialog\" href=\"http:\/\/www.htflux.com\/de\/documentation\/material-dialog\/\">Der Material-Dialog \/ Anlegen und Bearbeiten von Materialien<\/a><\/strong><\/li>\n<li><strong><a title=\"Materialien zuweisen\" href=\"http:\/\/www.htflux.com\/de\/materialien-zuweisen\/\">Zuweisen von Materialien<\/a><\/strong><\/li>\n<li><strong><a title=\"Physikalische Eigenschaften eines Materials\" href=\"http:\/\/www.htflux.com\/de\/documentation\/anlegen-und-zuweisen-von-materialien\/physikalische-eigenschaften-eines-materials\/\">Die physikalischen Eigenschaften eines Materials<\/a><\/strong><\/li>\n<\/ul>\n<p><strong>\u00a0<\/strong><\/p>\n","protected":false},"excerpt":{"rendered":"<p>Materialien Um eine Simulation durchf\u00fchren zu k\u00f6nnen, m\u00fcssen Sie allen\u00a0 Objekten im zu simulierenden Bereich Materialien zuweisen. W\u00e4hlen Sie eines der folgenden Themen: Die Projektmaterial-Liste Der Material-Dialog \/ Anlegen und Bearbeiten von Materialien Zuweisen von Materialien Die physikalischen Eigenschaften eines Materials \u00a0<\/p>\n","protected":false},"author":1,"featured_media":0,"parent":837,"menu_order":3,"comment_status":"open","ping_status":"open","template":"pageTemp-userGuide_NEW.php","meta":{"footnotes":""},"class_list":["post-709","page","type-page","status-publish","hentry"],"_links":{"self":[{"href":"https:\/\/www.htflux.com\/de\/wp-json\/wp\/v2\/pages\/709","targetHints":{"allow":["GET"]}}],"collection":[{"href":"https:\/\/www.htflux.com\/de\/wp-json\/wp\/v2\/pages"}],"about":[{"href":"https:\/\/www.htflux.com\/de\/wp-json\/wp\/v2\/types\/page"}],"author":[{"embeddable":true,"href":"https:\/\/www.htflux.com\/de\/wp-json\/wp\/v2\/users\/1"}],"replies":[{"embeddable":true,"href":"https:\/\/www.htflux.com\/de\/wp-json\/wp\/v2\/comments?post=709"}],"version-history":[{"count":23,"href":"https:\/\/www.htflux.com\/de\/wp-json\/wp\/v2\/pages\/709\/revisions"}],"predecessor-version":[{"id":1753,"href":"https:\/\/www.htflux.com\/de\/wp-json\/wp\/v2\/pages\/709\/revisions\/1753"}],"up":[{"embeddable":true,"href":"https:\/\/www.htflux.com\/de\/wp-json\/wp\/v2\/pages\/837"}],"wp:attachment":[{"href":"https:\/\/www.htflux.com\/de\/wp-json\/wp\/v2\/media?parent=709"}],"curies":[{"name":"wp","href":"https:\/\/api.w.org\/{rel}","templated":true}]}}