{"id":912,"date":"2015-01-09T12:01:51","date_gmt":"2015-01-09T10:01:51","guid":{"rendered":"http:\/\/www.htflux.com\/de\/?page_id=912"},"modified":"2016-04-14T19:57:36","modified_gmt":"2016-04-14T17:57:36","slug":"ansichten","status":"publish","type":"page","link":"https:\/\/www.htflux.com\/de\/documentation\/ansichten\/","title":{"rendered":"Ansichten"},"content":{"rendered":"<h2>Ansichten<\/h2>\n<p><a href=\"#General\">Allgemeines<\/a><br \/>\n<a href=\"#Overlays\">Einblendungen<\/a><br \/>\n<a href=\"#View-settings\">Darstellungsoptionen<\/a><br \/>\n<a href=\"#Wireframe\">Die Drahtgitter-Ansicht<\/a><br \/>\n<a href=\"#Materials\">Die Material-Ansicht<\/a><br \/>\n<a href=\"#Objects\">Die Objekt-Ansicht<\/a><br \/>\n<a href=\"#Temperature\">Die Temperatur-Ansicht<\/a><br \/>\n<a href=\"#Heatflux\">Die W\u00e4rmestrom-Ansicht<\/a><br \/>\n<a href=\"#Humidity\">Die Feuchte-Ansicht<\/a><br \/>\n<a href=\"#Vaporflux\">Die Dampfstrom-Ansicht<\/a><br \/>\n<a href=\"#Partialpressure\">Die Partialdruck-Ansicht<\/a><\/p>\n<h3 id=\"General\">Allgemeines<\/h3>\n<p>Bei der Arbeit mit HTflux k\u00f6nnen Sie jederzeit beliebig zwischen den einzelnen Ansichten wechseln. Naturgem\u00e4\u00df ist es jedoch sinnvoll Geometrie-Bearbeitungen und Zeichenfunktionen in der Material-, Drahtgitter- oder Objekt-Ansicht durchzuf\u00fchren. Die anderen Ansichten sind zur Darstellung der Simulationsergebnisse bestimmt.<br \/>\nDie Ansicht wechseln Sie durch ein Klicken auf den entsprechenden Button im Men\u00fc &#8222;START&#8220;:<br \/>\n<a href=\"http:\/\/www.htflux.com\/de\/wp-content\/uploads\/sites\/3\/2015\/01\/Ansichten-Men\u00fc.png\" data-rel=\"lightbox-gallery-KbJY0nO5\" data-rl_title=\"\" data-rl_caption=\"\" title=\"\"><img loading=\"lazy\" decoding=\"async\" class=\"alignnone size-full wp-image-918\" src=\"http:\/\/www.htflux.com\/de\/wp-content\/uploads\/sites\/3\/2015\/01\/Ansichten-Men\u00fc.png\" alt=\"Ansichten Men\u00fc\" width=\"482\" height=\"90\" srcset=\"https:\/\/www.htflux.com\/de\/wp-content\/uploads\/sites\/3\/2015\/01\/Ansichten-Men\u00fc.png 482w, https:\/\/www.htflux.com\/de\/wp-content\/uploads\/sites\/3\/2015\/01\/Ansichten-Men\u00fc-300x56.png 300w, https:\/\/www.htflux.com\/de\/wp-content\/uploads\/sites\/3\/2015\/01\/Ansichten-Men\u00fc-325x60.png 325w, https:\/\/www.htflux.com\/de\/wp-content\/uploads\/sites\/3\/2015\/01\/Ansichten-Men\u00fc-100x18.png 100w\" sizes=\"auto, (max-width: 482px) 100vw, 482px\" \/><\/a><\/p>\n<h3 id=\"Overlays\">Einblendungen<\/h3>\n<p>Es ist bei jeder Ansicht m\u00f6glich, Einblendungen zu \u00fcberlagern. Die Buttons zum Ein- und Ausschalten dieser Einblendungen finden Sie in der <a title=\"Benutzeroberfl\u00e4che\" href=\"http:\/\/www.htflux.com\/de\/documentation\/benutzeroberflaeche#f\">Quick-Tool-Leiste<\/a> rechts unten.<br \/>\nAls Einblendungen stehen Isolinien, Vektoren oder sogenannte Tags zur Verf\u00fcgung:<\/p>\n<table class=\"footable\" width=\"379\" data-filter=\"false\">\n<tbody>\n<tr>\n<td style=\"vertical-align: top; padding-right: 10px;\"><img loading=\"lazy\" decoding=\"async\" class=\"alignnone size-full wp-image-921\" src=\"http:\/\/www.htflux.com\/de\/wp-content\/uploads\/sites\/3\/2015\/01\/TagOverlay.png\" alt=\"Tags\" width=\"25\" height=\"28\" \/><\/td>\n<td><strong>Tags: <\/strong>Die sogenannten &#8222;Tags&#8220; (engl. f\u00fcr &#8222;Etiketten&#8220;) dienen zur Darstellung von Messgr\u00f6\u00dfen der Messfunktionen. \u00dcblicherweise werden diese in den Simulationsansichten aktiviert. Bei der Ansicht, welche zum Zeichnen verwendet wird, sollten Sie eher ausgeschaltet werden, da Sie dort st\u00f6ren k\u00f6nnen.<\/td>\n<\/tr>\n<tr>\n<td style=\"vertical-align: top;\"><img loading=\"lazy\" decoding=\"async\" class=\"alignnone size-full wp-image-920\" src=\"http:\/\/www.htflux.com\/de\/wp-content\/uploads\/sites\/3\/2015\/01\/IsolinesOverlay.png\" alt=\"IsolinesOverlay\" width=\"25\" height=\"28\" \/><\/td>\n<td><strong>Isolinien:<\/strong> Die Isolinien zeigen je nach Ansicht jeweils Bereiche mit gleicher Temperatur, gleicher Feuchtigkeit oder gleichem Partialdruck. Sie erm\u00f6glichen es, die entsprechenden Werte optisch sehr pr\u00e4zise wahrzunehmen. Der Abstand zwischen den Isolinien und dem Skalennullpunkt kann im Men\u00fc &#8222;Darstellungseigenschaften&#8220; variiert werden (siehe unten). Auch weitere Darstellungsoptionen f\u00fcr die Farbe und Strichst\u00e4rke der Isolinien stehen dort zur Verf\u00fcgung.<\/td>\n<\/tr>\n<tr>\n<td style=\"vertical-align: top;\"><img loading=\"lazy\" decoding=\"async\" class=\"alignnone size-full wp-image-922\" src=\"http:\/\/www.htflux.com\/de\/wp-content\/uploads\/sites\/3\/2015\/01\/VectorOverlay.png\" alt=\"VectorOverlay\" width=\"24\" height=\"28\" \/><\/td>\n<td><strong>Vektoren:<\/strong> Die Vektordarstellung erm\u00f6glicht es, die Flussrichtung der entsprechenden Darstellung sichtbar zu machen. Diese kann je nach Ansicht, entweder die Richtung des W\u00e4rmestroms oder die Richtung des Dampfstroms sein. Die Art und Gr\u00f6\u00dfe der Vektoren kann wiederum im Men\u00fc &#8222;Darstellungseigenschaften&#8220; festgelegt werden.<\/td>\n<\/tr>\n<\/tbody>\n<\/table>\n<p><em>Hinweis: HTflux &#8222;merkt&#8220; sich jeweils die ein- oder ausgeschalteten Einblendungen f\u00fcr jede Ansicht separat. D.h. wenn Sie\u00a0 z.B. die Isolinien in der Temperaturansicht aktivieren, bleiben Sie dort sichtbar, in den anderen m\u00fcssen Sie aber extra aktiviert werden. Dies erleichtert das Wechseln zwischen den einzelnen Darstellungen und erlaubt eine Vorkonfiguration der Ansichten f\u00fcr den Grafik- oder Berichtsexport. Dort werden die Ansichten, dann jeweils entsprechend mit den voreingestellten Einblendungen ausgegeben.<\/em><\/p>\n<h3 id=\"View-settings\">Darstellungseigenschaften<\/h3>\n<p>Durch Dr\u00fccken des Buttons <img loading=\"lazy\" decoding=\"async\" class=\"alignnone size-full wp-image-962\" src=\"http:\/\/www.htflux.com\/de\/wp-content\/uploads\/sites\/3\/2015\/01\/Dastellungeigenschaften-Button.png\" alt=\"Darstellung-Eigenschaften Button\" width=\"161\" height=\"31\" srcset=\"https:\/\/www.htflux.com\/de\/wp-content\/uploads\/sites\/3\/2015\/01\/Dastellungeigenschaften-Button.png 161w, https:\/\/www.htflux.com\/de\/wp-content\/uploads\/sites\/3\/2015\/01\/Dastellungeigenschaften-Button-100x19.png 100w\" sizes=\"auto, (max-width: 161px) 100vw, 161px\" \/><br \/>\n\u00f6ffnet sich am unteren Rand des Bildschirms eine Schaltfl\u00e4che mit verschiedenen Optionen. Abh\u00e4ngig von der aktuellen Darstellung k\u00f6nnen dort eine Reihe von Einstellungen getroffen werden, um die aktuelle Ansicht zu optimieren.<br \/>\n<img loading=\"lazy\" decoding=\"async\" class=\"scale-img alignnone wp-image-965 size-full-blog-width\" src=\"http:\/\/www.htflux.com\/de\/wp-content\/uploads\/sites\/3\/2015\/01\/Darstellungseigenschaften-667x94.png\" alt=\"Darstellungseigenschaften\" width=\"667\" height=\"94\" srcset=\"https:\/\/www.htflux.com\/de\/wp-content\/uploads\/sites\/3\/2015\/01\/Darstellungseigenschaften-667x94.png 667w, https:\/\/www.htflux.com\/de\/wp-content\/uploads\/sites\/3\/2015\/01\/Darstellungseigenschaften-300x42.png 300w, https:\/\/www.htflux.com\/de\/wp-content\/uploads\/sites\/3\/2015\/01\/Darstellungseigenschaften-325x46.png 325w, https:\/\/www.htflux.com\/de\/wp-content\/uploads\/sites\/3\/2015\/01\/Darstellungseigenschaften-100x14.png 100w, https:\/\/www.htflux.com\/de\/wp-content\/uploads\/sites\/3\/2015\/01\/Darstellungseigenschaften.png 1005w\" sizes=\"auto, (max-width: 667px) 100vw, 667px\" \/><br \/>\n<strong>Beschreibung der einzelnen Ansichten<\/strong><\/p>\n<h3 id=\"Wireframe\" class=\"hash-anchor\">Die Drahtgitter-Ansicht<\/h3>\n<p><img loading=\"lazy\" decoding=\"async\" class=\"alignnone size-full wp-image-1318\" src=\"http:\/\/www.htflux.com\/de\/wp-content\/uploads\/sites\/3\/2015\/06\/Drahgitter-Ansicht.png\" alt=\"Drahtgitter-Ansicht Thermische Simulation\" width=\"667\" height=\"410\" srcset=\"https:\/\/www.htflux.com\/de\/wp-content\/uploads\/sites\/3\/2015\/06\/Drahgitter-Ansicht.png 667w, https:\/\/www.htflux.com\/de\/wp-content\/uploads\/sites\/3\/2015\/06\/Drahgitter-Ansicht-300x184.png 300w, https:\/\/www.htflux.com\/de\/wp-content\/uploads\/sites\/3\/2015\/06\/Drahgitter-Ansicht-325x200.png 325w, https:\/\/www.htflux.com\/de\/wp-content\/uploads\/sites\/3\/2015\/06\/Drahgitter-Ansicht-100x61.png 100w\" sizes=\"auto, (max-width: 667px) 100vw, 667px\" \/><br \/>\nDie Drahtgitter-Ansicht ist in gewissen Situationen bei der Bearbeitung der Geometrie hilfreich. Bei dieser Ansicht werden ausschlie\u00dflich die Konturen der Objekte (ohne F\u00fcllung) gezeichnet. Damit ist es in dieser Ansicht m\u00f6glich, auch verdeckte Objekte oder Objektteile zu sehen. Es ist ein wichtiges Konzept von HTflux, dass sich geometrische Objekte \u00fcberlagern d\u00fcrfen. Jeweils das in der Objekt-Hierarchie obenliegende Objekt dominiert und verdeckt damit die darunterliegenden Objekte. Dies erleichtert den Umgang mit komplexen Geometrien (da es z.B. nicht n\u00f6tig ist Kreisb\u00f6gen exakt auszurichten) und erm\u00f6glicht es, rascher Modifikationen durchzuf\u00fchren.<\/p>\n<h3 id=\"Materials\" class=\"hash-anchor\">Die Material-Ansicht<\/h3>\n<p><img loading=\"lazy\" decoding=\"async\" class=\"alignnone size-full wp-image-1319\" src=\"http:\/\/www.htflux.com\/de\/wp-content\/uploads\/sites\/3\/2015\/06\/Material-Ansicht.png\" alt=\"Material Ansicht Simulation\" width=\"667\" height=\"410\" srcset=\"https:\/\/www.htflux.com\/de\/wp-content\/uploads\/sites\/3\/2015\/06\/Material-Ansicht.png 667w, https:\/\/www.htflux.com\/de\/wp-content\/uploads\/sites\/3\/2015\/06\/Material-Ansicht-300x184.png 300w, https:\/\/www.htflux.com\/de\/wp-content\/uploads\/sites\/3\/2015\/06\/Material-Ansicht-325x200.png 325w, https:\/\/www.htflux.com\/de\/wp-content\/uploads\/sites\/3\/2015\/06\/Material-Ansicht-100x61.png 100w\" sizes=\"auto, (max-width: 667px) 100vw, 667px\" \/><br \/>\nDie Material-Ansicht ist die geeignetste Darstellung f\u00fcr die meisten Bearbeitungsschritte, aber jedenfalls f\u00fcr das Zuweisen von Materialien. Die Materialien und Randbedingungen werden entsprechend der gew\u00e4hlten Materialfarben dargestellt. Noch nicht zugeordnete Elemente werden in dunkelgrau dargestellt. Wei\u00dfe Fl\u00e4chen zeigen an, welche Bereiche als adiabatisch simuliert werden.<\/p>\n<h3 id=\"Objects\" class=\"hash-anchor\">Die Objekt-Ansicht<\/h3>\n<p><a href=\"http:\/\/www.htflux.com\/de\/wp-content\/uploads\/sites\/3\/2015\/06\/Objekt-Ansicht.png\" data-rel=\"lightbox-gallery-KbJY0nO5\" data-rl_title=\"\" data-rl_caption=\"\" title=\"\"><img loading=\"lazy\" decoding=\"async\" class=\"alignnone size-full wp-image-1320\" src=\"http:\/\/www.htflux.com\/de\/wp-content\/uploads\/sites\/3\/2015\/06\/Objekt-Ansicht.png\" alt=\"Objekt-Ansicht Simulation\" width=\"667\" height=\"410\" srcset=\"https:\/\/www.htflux.com\/de\/wp-content\/uploads\/sites\/3\/2015\/06\/Objekt-Ansicht.png 667w, https:\/\/www.htflux.com\/de\/wp-content\/uploads\/sites\/3\/2015\/06\/Objekt-Ansicht-300x184.png 300w, https:\/\/www.htflux.com\/de\/wp-content\/uploads\/sites\/3\/2015\/06\/Objekt-Ansicht-325x200.png 325w, https:\/\/www.htflux.com\/de\/wp-content\/uploads\/sites\/3\/2015\/06\/Objekt-Ansicht-100x61.png 100w\" sizes=\"auto, (max-width: 667px) 100vw, 667px\" \/><\/a><br \/>\nDie Objektansicht wird weniger h\u00e4ufig verwendet. Sie erm\u00f6glicht es die Objekte unabh\u00e4ngig vom zugeordneten Material einzuf\u00e4rben. Die Farbe wird in dieser Ansicht von der Objektfarbe bestimmt, welche rechts im Projektmanager im Eigenschaften-Men\u00fc der einzelnen Objekte eingestellt werden kann. So k\u00f6nnen z.B. wichtige Elemente farblich gekennzeichnet werden, und anschlie\u00dfend z.B. Isolinien oder bestimmte Messgr\u00f6\u00dfen, wie die minimale Temperatur, dargestellt werden.<\/p>\n<h3 id=\"Temperature\" class=\"hash-anchor\">Die Temperatur-Ansicht<\/h3>\n<p><img loading=\"lazy\" decoding=\"async\" class=\"alignnone size-full wp-image-1323\" src=\"http:\/\/www.htflux.com\/de\/wp-content\/uploads\/sites\/3\/2015\/06\/Simulation-Temperatur-Ansicht.png\" alt=\"Temperatur-Ansicht Simulation\" width=\"667\" height=\"410\" srcset=\"https:\/\/www.htflux.com\/de\/wp-content\/uploads\/sites\/3\/2015\/06\/Simulation-Temperatur-Ansicht.png 667w, https:\/\/www.htflux.com\/de\/wp-content\/uploads\/sites\/3\/2015\/06\/Simulation-Temperatur-Ansicht-300x184.png 300w, https:\/\/www.htflux.com\/de\/wp-content\/uploads\/sites\/3\/2015\/06\/Simulation-Temperatur-Ansicht-325x200.png 325w, https:\/\/www.htflux.com\/de\/wp-content\/uploads\/sites\/3\/2015\/06\/Simulation-Temperatur-Ansicht-100x61.png 100w\" sizes=\"auto, (max-width: 667px) 100vw, 667px\" \/><br \/>\nDie Temperatur-Ansicht erm\u00f6glicht es nach erfolgter Simulation die Temperaturverteilung \u00fcbersichtlich darzustellen. Eine Vielzahl von Optionen erm\u00f6glicht es, diese Darstellung zu optimieren. So kann etwa die Dichte und Darstellung der Isolinien variiert werden, das Farbprofil und die Skalierung der Palette kann ge\u00e4ndert werden usw. Wie bei jeder Ansicht k\u00f6nnen mittels der Quick-Tool Leiste \u00a0die Isolinien, Vektoren und Messgr\u00f6\u00dfen beliebig ein- und ausgeschaltet werden (siehe oben).<\/p>\n<h3 id=\"Heatflux\" class=\"hash-anchor\">Die W\u00e4rmestrom-Ansicht<\/h3>\n<p><img loading=\"lazy\" decoding=\"async\" class=\"alignnone size-full wp-image-1324\" src=\"http:\/\/www.htflux.com\/de\/wp-content\/uploads\/sites\/3\/2015\/06\/Simulation-W\u00e4rmestrom-Ansicht.png\" alt=\"W\u00e4rmestrom-Ansicht Simulation W\u00e4rmebr\u00fccke\" width=\"667\" height=\"410\" srcset=\"https:\/\/www.htflux.com\/de\/wp-content\/uploads\/sites\/3\/2015\/06\/Simulation-W\u00e4rmestrom-Ansicht.png 667w, https:\/\/www.htflux.com\/de\/wp-content\/uploads\/sites\/3\/2015\/06\/Simulation-W\u00e4rmestrom-Ansicht-300x184.png 300w, https:\/\/www.htflux.com\/de\/wp-content\/uploads\/sites\/3\/2015\/06\/Simulation-W\u00e4rmestrom-Ansicht-325x200.png 325w, https:\/\/www.htflux.com\/de\/wp-content\/uploads\/sites\/3\/2015\/06\/Simulation-W\u00e4rmestrom-Ansicht-100x61.png 100w\" sizes=\"auto, (max-width: 667px) 100vw, 667px\" \/><br \/>\nBei der W\u00e4rmestromansicht erfolgt eine farbliche Darstellung der W\u00e4rmestromdichten. Diese Ansicht ist besonders wichtig, wenn es darum geht W\u00e4rmebr\u00fccken aufzufinden oder Bauteile hinsichtlich der W\u00e4rmeleitung zu optimieren. Die Skalierung der Palette, Farbwahl, Vektordarstellung etc. kann wiederum im Darstellungseigenschaftenfenster f\u00fcr die aktuelle Simulation optimal eingestellt werden.<\/p>\n<h3 id=\"Humidity\" class=\"hash-anchor\">Die Feuchte-Ansicht<\/h3>\n<p><img loading=\"lazy\" decoding=\"async\" class=\"alignnone size-full wp-image-1321\" src=\"http:\/\/www.htflux.com\/de\/wp-content\/uploads\/sites\/3\/2015\/06\/Simulation-Feuchte.png\" alt=\"Relative-Feuchte Simulation Ansicht\" width=\"667\" height=\"410\" srcset=\"https:\/\/www.htflux.com\/de\/wp-content\/uploads\/sites\/3\/2015\/06\/Simulation-Feuchte.png 667w, https:\/\/www.htflux.com\/de\/wp-content\/uploads\/sites\/3\/2015\/06\/Simulation-Feuchte-300x184.png 300w, https:\/\/www.htflux.com\/de\/wp-content\/uploads\/sites\/3\/2015\/06\/Simulation-Feuchte-325x200.png 325w, https:\/\/www.htflux.com\/de\/wp-content\/uploads\/sites\/3\/2015\/06\/Simulation-Feuchte-100x61.png 100w\" sizes=\"auto, (max-width: 667px) 100vw, 667px\" \/><\/p>\n<p>Nach erfolgter Glaser-2d Simulation, stellt diese Darstellung die wichtigste Informationsquelle dar. Die Farbpalette und Isolinien orientieren sich nun an der relativen Luft-Feuchte. Bereiche in welchen es zur Kondensation kommt werden schraffiert dargestellt. In der Grundeinstellung werden alle Bereiche mit Luftfeuchten unter 50% als wei\u00df dargestellt und jene mit mehr als 80% bzw. 95% als gr\u00fcn bzw. blau. Aber auch hier ist die Darstellung beliebig anpassbar.<\/p>\n<h3 id=\"Vaporflux\" class=\"hash-anchor\">Die Dampfstrom-Ansicht<\/h3>\n<p><img loading=\"lazy\" decoding=\"async\" class=\"alignnone size-full wp-image-1325\" src=\"http:\/\/www.htflux.com\/de\/wp-content\/uploads\/sites\/3\/2015\/06\/Simulation-Wasserdampfdiffusion-Ansicht.png\" alt=\"Wasserdampfdiffusion Ansicht Simulation\" width=\"667\" height=\"410\" srcset=\"https:\/\/www.htflux.com\/de\/wp-content\/uploads\/sites\/3\/2015\/06\/Simulation-Wasserdampfdiffusion-Ansicht.png 667w, https:\/\/www.htflux.com\/de\/wp-content\/uploads\/sites\/3\/2015\/06\/Simulation-Wasserdampfdiffusion-Ansicht-300x184.png 300w, https:\/\/www.htflux.com\/de\/wp-content\/uploads\/sites\/3\/2015\/06\/Simulation-Wasserdampfdiffusion-Ansicht-325x200.png 325w, https:\/\/www.htflux.com\/de\/wp-content\/uploads\/sites\/3\/2015\/06\/Simulation-Wasserdampfdiffusion-Ansicht-100x61.png 100w\" sizes=\"auto, (max-width: 667px) 100vw, 667px\" \/><\/p>\n<p>Die Dampfstrom-Ansicht erlaubt es die Wasserdampfdiffusionsstromdichten darzustellen. Damit ist es m\u00f6glich die Richtung und St\u00e4rke des Diffusionsstroms visuell zu erfassen und gegebenenfalls zu optimieren.<\/p>\n<h3 id=\"Partialpressure\" class=\"hash-anchor\">Die Partialdruck-Ansicht<\/h3>\n<p><img loading=\"lazy\" decoding=\"async\" class=\"alignnone size-full wp-image-1322\" src=\"http:\/\/www.htflux.com\/de\/wp-content\/uploads\/sites\/3\/2015\/06\/Simulation-Partialdruck.png\" alt=\"Partialdruck Simulationsansicht\" width=\"667\" height=\"410\" srcset=\"https:\/\/www.htflux.com\/de\/wp-content\/uploads\/sites\/3\/2015\/06\/Simulation-Partialdruck.png 667w, https:\/\/www.htflux.com\/de\/wp-content\/uploads\/sites\/3\/2015\/06\/Simulation-Partialdruck-300x184.png 300w, https:\/\/www.htflux.com\/de\/wp-content\/uploads\/sites\/3\/2015\/06\/Simulation-Partialdruck-325x200.png 325w, https:\/\/www.htflux.com\/de\/wp-content\/uploads\/sites\/3\/2015\/06\/Simulation-Partialdruck-100x61.png 100w\" sizes=\"auto, (max-width: 667px) 100vw, 667px\" \/><\/p>\n<p>In der Partialdruck-Ansicht wird anstelle der Luftfeuchtigkeit der Partialdruck des Wasserdampfs illustriert. Auch diese Ansicht ist bei gewissen Fragestellungen zur Identifizierung oder Optimierung von Problemstellungen sehr gut geeignet.<\/p>\n","protected":false},"excerpt":{"rendered":"<p>Ansichten Allgemeines Einblendungen Darstellungsoptionen Die Drahtgitter-Ansicht Die Material-Ansicht Die Objekt-Ansicht Die Temperatur-Ansicht Die W\u00e4rmestrom-Ansicht Die Feuchte-Ansicht Die Dampfstrom-Ansicht Die Partialdruck-Ansicht Allgemeines Bei der Arbeit mit HTflux k\u00f6nnen Sie jederzeit beliebig zwischen den einzelnen Ansichten wechseln. Naturgem\u00e4\u00df ist es jedoch sinnvoll Geometrie-Bearbeitungen und Zeichenfunktionen in der Material-, Drahtgitter- oder Objekt-Ansicht durchzuf\u00fchren. Die anderen Ansichten sind zur [&hellip;]<\/p>\n","protected":false},"author":2,"featured_media":0,"parent":837,"menu_order":5,"comment_status":"open","ping_status":"open","template":"pageTemp-userGuide_NEW.php","meta":{"footnotes":""},"class_list":["post-912","page","type-page","status-publish","hentry"],"_links":{"self":[{"href":"https:\/\/www.htflux.com\/de\/wp-json\/wp\/v2\/pages\/912","targetHints":{"allow":["GET"]}}],"collection":[{"href":"https:\/\/www.htflux.com\/de\/wp-json\/wp\/v2\/pages"}],"about":[{"href":"https:\/\/www.htflux.com\/de\/wp-json\/wp\/v2\/types\/page"}],"author":[{"embeddable":true,"href":"https:\/\/www.htflux.com\/de\/wp-json\/wp\/v2\/users\/2"}],"replies":[{"embeddable":true,"href":"https:\/\/www.htflux.com\/de\/wp-json\/wp\/v2\/comments?post=912"}],"version-history":[{"count":60,"href":"https:\/\/www.htflux.com\/de\/wp-json\/wp\/v2\/pages\/912\/revisions"}],"predecessor-version":[{"id":1804,"href":"https:\/\/www.htflux.com\/de\/wp-json\/wp\/v2\/pages\/912\/revisions\/1804"}],"up":[{"embeddable":true,"href":"https:\/\/www.htflux.com\/de\/wp-json\/wp\/v2\/pages\/837"}],"wp:attachment":[{"href":"https:\/\/www.htflux.com\/de\/wp-json\/wp\/v2\/media?parent=912"}],"curies":[{"name":"wp","href":"https:\/\/api.w.org\/{rel}","templated":true}]}}