{"id":975,"date":"2015-01-10T12:01:50","date_gmt":"2015-01-10T10:01:50","guid":{"rendered":"http:\/\/www.htflux.com\/de\/?page_id=975"},"modified":"2017-11-13T16:36:35","modified_gmt":"2017-11-13T14:36:35","slug":"installieren-der-software","status":"publish","type":"page","link":"https:\/\/www.htflux.com\/de\/documentation\/installieren-der-software\/","title":{"rendered":"Installieren der Software"},"content":{"rendered":"<h2>Installieren der Software<\/h2>\n<p><a href=\"#Reg\">1.) Registrieren bei htflux.com<\/a><br \/>\n<a href=\"#Download\">2.) Einloggen und Download der Software<\/a><br \/>\n<a href=\"#Install\">3.) Installieren von HTflux<\/a><br \/>\n<a href=\"#Activate\">4.) Freischalten von HTflux<\/a><br \/>\n<a href=\"#Help\">5.) R\u00fcckfragen &amp; Hilfestellung<\/a><\/p>\n<h3 id=\"Reg\" class=\"hash-anchor\">1.)\u00a0 Registrieren bei htflux.com<\/h3>\n<p>Um eine Seriennummer und die aktuellste Software zu erhalten, ist es n\u00f6tig sich bei HTflux zu registrieren. Zur Registrierung bzw. sp\u00e4ter zum Login gelangt man jederzeit durch den Link \u201e<a title=\"Login\" href=\"http:\/\/www.htflux.com\/de\/login\/\"><strong>My HTflux Login<\/strong><\/a>\u201c rechts oben auf der Webseite. W\u00e4hlen Sie bei der Registrierung einen Benutzernamen und ein Passwort und geben Sie Ihre Email-Adresse an. Die Angabe des Namens ist aus Kommunikationsgr\u00fcnden sinnvoll, Adresse und Telefonnummer sind nicht verpflichtend. Um die Registrierung erfolgreich abzuschlie\u00dfen ist es n\u00f6tig Ihre Email zu best\u00e4tigen. Zu diesem Zweck sendet Ihnen das Anmeldesystem unmittelbar nach der Registrierung eine Email. Klicken Sie auf den Link in der Email dann ist die Registrierung abgeschlossen. (Wenn Sie nach einigen Minuten immer noch kein Email erhalten haben, \u00fcberpr\u00fcfen Sie bitte auch Ihren Spam-Ordner)<\/p>\n<h3 id=\"Download\" class=\"hash-anchor\">2.)\u00a0 Einloggen und Download der Software<\/h3>\n<p>Klicken Sie auf der Webseite wieder auf den Link \u201eMy HTflux Login\u201c und melden Sie sich mit Ihrer zuvor gew\u00e4hlten Benutzername\/Passwort-Kombination an. W\u00e4hlen Sie links \u201eDownloads\u201c und klicken Sie auf den \u201eDownload HTflux\u201c Button. Der Download startet und es wird automatisch eine Seriennummer f\u00fcr Sie generiert.<br \/>\n<img loading=\"lazy\" decoding=\"async\" class=\"alignnone size-full wp-image-982\" src=\"http:\/\/www.htflux.com\/de\/wp-content\/uploads\/sites\/3\/2015\/01\/Download-Button.png\" alt=\"Download-Button\" width=\"196\" height=\"54\" srcset=\"https:\/\/www.htflux.com\/de\/wp-content\/uploads\/sites\/3\/2015\/01\/Download-Button.png 196w, https:\/\/www.htflux.com\/de\/wp-content\/uploads\/sites\/3\/2015\/01\/Download-Button-100x27.png 100w\" sizes=\"auto, (max-width: 196px) 100vw, 196px\" \/><\/p>\n<h3 id=\"Install\" class=\"hash-anchor\">3.)\u00a0 Installieren von HTflux<\/h3>\n<p>F\u00fchren Sie die heruntergeladene Datei aus. HTflux wird sich automatisch auf Ihrem Rechner installieren. HTflux wurde f\u00fcr Windows Vista, 7, 8 und 10 kompiliert und l\u00e4uft sowohl auf 32-, als auch auf 64-bit Betriebssystemen. Wegen der geringen Speicherverf\u00fcgbarkeit bei 32-bit Versionen <strong>ist aber jedenfalls ein 64-bit Betriebssystem vorzuziehen<\/strong>.<br \/>\n<em>Hinweis: Unser Installer ist mit einem von Microsoft akzeptierten Zertifikat ausgestattet und tr\u00e4gt einen Zeitstempel. Aus diesem Grunde sollte bei der Installation der Software der Name des Autors korrekt angezeigt werden. Dennoch kann eventuell eine Warnung vor &#8222;unbekannter Software&#8220; erscheinen. Bei manchen Windows Installationen sieht es zuerst so aus, als k\u00f6nnte die Installation nicht durchgef\u00fchrt werden. Bei der entsprechenden Warnung bitte einfach auf \u201cInformationen\u201d klicken. Auf dem folgenden Fenster ist dann der Button \u201cTrotzdem ausf\u00fchren\u201d versteckt.<\/em><\/p>\n<h3 id=\"Activate\" class=\"hash-anchor\">4.)\u00a0 Freischalten von HTflux<\/h3>\n<p>Nach dem ersten Programmstart werden Sie aufgefordert Ihre Seriennummer einzugeben. Diese wurde Ihnen beim Download-Vorgang angezeigt. Sollten Sie diese nicht mehr wissen, so k\u00f6nnen Sie Ihre Seriennummer(n) jederzeit im \u201eMy HTflux\u201c-Bereich unter \u201eLizenzstatus\u201c einsehen. Nach der Eingabe der Seriennummer muss HTflux auf Ihrem PC freigeschalten werden. Dies geschieht mittels eines Aktivierungscodes. Sie k\u00f6nnen sich diesen jederzeit mit dem Button \u201eJetzt einen neuen Aktivierungscode anfordern\u201c zusenden lassen. Der Aktivierungscode wird sofort an die von Ihnen registrierte Email gesendet. Starten Sie HTflux neu und geben Sie diesen Aktivierungscode (z.B. per Copy &amp; Paste) ein. Installation und Aktivierung sind damit abgeschlossen.<br \/>\n<em>Hinweis: sollte es notwendig sein, so k\u00f6nnen Sie auch sp\u00e4ter jederzeit einen neuen Aktivierungscode anfordern. Bitte beachten Sie aber, dass nur der jeweils zuletzt zugesendete Code g\u00fcltig ist!<\/em><br \/>\n<img loading=\"lazy\" decoding=\"async\" class=\"alignnone size-full wp-image-1543\" src=\"http:\/\/www.htflux.com\/de\/wp-content\/uploads\/sites\/3\/2015\/10\/Aktivierungscode-anfordern.png\" alt=\"HTflux aktivierung\" width=\"602\" height=\"354\" srcset=\"https:\/\/www.htflux.com\/de\/wp-content\/uploads\/sites\/3\/2015\/10\/Aktivierungscode-anfordern.png 602w, https:\/\/www.htflux.com\/de\/wp-content\/uploads\/sites\/3\/2015\/10\/Aktivierungscode-anfordern-300x176.png 300w, https:\/\/www.htflux.com\/de\/wp-content\/uploads\/sites\/3\/2015\/10\/Aktivierungscode-anfordern-325x191.png 325w, https:\/\/www.htflux.com\/de\/wp-content\/uploads\/sites\/3\/2015\/10\/Aktivierungscode-anfordern-100x59.png 100w\" sizes=\"auto, (max-width: 602px) 100vw, 602px\" \/><br \/>\n<em>Anmerkung: Sie k\u00f6nnen HTflux in der Testphase uneingeschr\u00e4nkt nutzen und durch wiederholen der Schritte 2 bis 4 auch auf weiteren Rechnern installieren. Um eine gleichzeitige Mehrfachnutzung zu verhindern, ist es beim Wechseln zwischen verschiedenen PCs jedoch n\u00f6tig, jeweils einen neuen Aktivierungscode anzufordern.<\/em><\/p>\n<h3 id=\"Help\" class=\"hash-anchor\">5.) R\u00fcckfragen &amp; Hilfestellung<\/h3>\n<p>Wenn es Fragen gibt, bitte z\u00f6gern Sie nicht uns zu <a href=\"http:\/\/www.htflux.com\/de\/kontakt\/\">kontaktieren<\/a>. Die Dokumentation befindet sich erst im Aufbau. Wir bitten Sie noch um etwas Geduld.<\/p>\n","protected":false},"excerpt":{"rendered":"<p>Installieren der Software 1.) Registrieren bei htflux.com 2.) Einloggen und Download der Software 3.) Installieren von HTflux 4.) Freischalten von HTflux 5.) R\u00fcckfragen &amp; Hilfestellung 1.)\u00a0 Registrieren bei htflux.com Um eine Seriennummer und die aktuellste Software zu erhalten, ist es n\u00f6tig sich bei HTflux zu registrieren. Zur Registrierung bzw. sp\u00e4ter zum Login gelangt man jederzeit [&hellip;]<\/p>\n","protected":false},"author":2,"featured_media":0,"parent":837,"menu_order":9,"comment_status":"open","ping_status":"open","template":"pageTemp-userGuide_NEW.php","meta":{"footnotes":""},"class_list":["post-975","page","type-page","status-publish","hentry"],"_links":{"self":[{"href":"https:\/\/www.htflux.com\/de\/wp-json\/wp\/v2\/pages\/975","targetHints":{"allow":["GET"]}}],"collection":[{"href":"https:\/\/www.htflux.com\/de\/wp-json\/wp\/v2\/pages"}],"about":[{"href":"https:\/\/www.htflux.com\/de\/wp-json\/wp\/v2\/types\/page"}],"author":[{"embeddable":true,"href":"https:\/\/www.htflux.com\/de\/wp-json\/wp\/v2\/users\/2"}],"replies":[{"embeddable":true,"href":"https:\/\/www.htflux.com\/de\/wp-json\/wp\/v2\/comments?post=975"}],"version-history":[{"count":24,"href":"https:\/\/www.htflux.com\/de\/wp-json\/wp\/v2\/pages\/975\/revisions"}],"predecessor-version":[{"id":2381,"href":"https:\/\/www.htflux.com\/de\/wp-json\/wp\/v2\/pages\/975\/revisions\/2381"}],"up":[{"embeddable":true,"href":"https:\/\/www.htflux.com\/de\/wp-json\/wp\/v2\/pages\/837"}],"wp:attachment":[{"href":"https:\/\/www.htflux.com\/de\/wp-json\/wp\/v2\/media?parent=975"}],"curies":[{"name":"wp","href":"https:\/\/api.w.org\/{rel}","templated":true}]}}